{"id":3554,"date":"2021-10-06T13:11:30","date_gmt":"2021-10-06T12:11:30","guid":{"rendered":"https:\/\/marysol.vision\/?post_type=product&#038;p=3554"},"modified":"2025-01-08T11:38:34","modified_gmt":"2025-01-08T09:38:34","slug":"guided-chakra-meditation","status":"publish","type":"product","link":"https:\/\/marysol.vision\/de\/produkt\/guided-chakra-meditation\/","title":{"rendered":"Guided Chakra Meditation"},"content":{"rendered":"<p>This is a guided meditation to cleanse and upgrade your chakras and to receive your personal golden symbols of light with healing light information and light codes, that will be anchored within your chakras, as long as they are of benefit to you.<\/p>\n<p>&nbsp;<\/p>\n<p>&nbsp;<\/p>\n<p>Please note: Do not worry if at first your symbols do not appear clearly to you. There is no right or wrong way to sense them. Some might see the actual symbol, some might feel their vibration. Trust that &#8211; whatever you see or feel or don\u2019t see or feel in that moment \u2013 your symbols are there vibrationally and do find their way to your chakras.<\/p>\n<p>&nbsp;<\/p>\n<p>&nbsp;<\/p>\n<p>It is a wonderful exercise to train your intuition and inner sight. But please don\u2019t put any pressure on yourself. All is good the way it is and in any case the meditation has an effect on you.<\/p>\n<p>The words of the sound healing: Araja\u2019ti<\/p>\n<p>&nbsp;<\/p>\n<p>&nbsp;<\/p>\n<p>Araja\u2019ti is the light language phrase that I received for this meditation. It supports the anchoring of the energy and the flowing of the light information and light codes of the golden symbols.<\/p>\n<p>&nbsp;<\/p>\n<p>&nbsp;<\/p>\n<p>I highly recommend using headphones.<\/p>\n<p>&nbsp;<\/p>\n<p>&nbsp;<\/p>\n<p>Du kannst dir diese Klangheilung kostenlos auf meiner Website, auf SoundCloud oder YouTube anh\u00f6ren. Wenn du sie allerdings als Mp3 Datei besitzen und meine Arbeit unterst\u00fctzen m\u00f6chtest, kannst du sie hier erwerben. Vielen Dank.<\/p>","protected":false},"excerpt":{"rendered":"<p>This is a guided meditation to cleanse and upgrade your chakras and to receive your personal golden symbols of light [&hellip;]<\/p>\n","protected":false},"featured_media":6851,"template":"","meta":{"_acf_changed":false,"_mo_disable_npp":"","site-sidebar-layout":"default","site-content-layout":"default","ast-site-content-layout":"default","site-content-style":"default","site-sidebar-style":"default","ast-global-header-display":"","ast-banner-title-visibility":"","ast-main-header-display":"","ast-hfb-above-header-display":"","ast-hfb-below-header-display":"","ast-hfb-mobile-header-display":"","site-post-title":"","ast-breadcrumbs-content":"","ast-featured-img":"","footer-sml-layout":"","theme-transparent-header-meta":"default","adv-header-id-meta":"","stick-header-meta":"","header-above-stick-meta":"","header-main-stick-meta":"","header-below-stick-meta":"","astra-migrate-meta-layouts":"set","ast-page-background-enabled":"default","ast-page-background-meta":{"desktop":{"background-color":"","background-image":"","background-repeat":"repeat","background-position":"center center","background-size":"auto","background-attachment":"scroll","background-type":"","background-media":"","overlay-type":"","overlay-color":"","overlay-opacity":"","overlay-gradient":""},"tablet":{"background-color":"","background-image":"","background-repeat":"repeat","background-position":"center center","background-size":"auto","background-attachment":"scroll","background-type":"","background-media":"","overlay-type":"","overlay-color":"","overlay-opacity":"","overlay-gradient":""},"mobile":{"background-color":"","background-image":"","background-repeat":"repeat","background-position":"center center","background-size":"auto","background-attachment":"scroll","background-type":"","background-media":"","overlay-type":"","overlay-color":"","overlay-opacity":"","overlay-gradient":""}},"ast-content-background-meta":{"desktop":{"background-color":"var(--ast-global-color-5)","background-image":"","background-repeat":"repeat","background-position":"center center","background-size":"auto","background-attachment":"scroll","background-type":"","background-media":"","overlay-type":"","overlay-color":"","overlay-opacity":"","overlay-gradient":""},"tablet":{"background-color":"var(--ast-global-color-5)","background-image":"","background-repeat":"repeat","background-position":"center center","background-size":"auto","background-attachment":"scroll","background-type":"","background-media":"","overlay-type":"","overlay-color":"","overlay-opacity":"","overlay-gradient":""},"mobile":{"background-color":"var(--ast-global-color-5)","background-image":"","background-repeat":"repeat","background-position":"center center","background-size":"auto","background-attachment":"scroll","background-type":"","background-media":"","overlay-type":"","overlay-color":"","overlay-opacity":"","overlay-gradient":""}}},"product_brand":[],"product_cat":[65],"product_tag":[],"class_list":{"0":"post-3554","1":"product","2":"type-product","3":"status-publish","4":"has-post-thumbnail","6":"product_cat-meditations-in-english","7":"desktop-align-left","8":"tablet-align-left","9":"mobile-align-left","11":"first","12":"instock","13":"downloadable","14":"taxable","15":"shipping-taxable","16":"purchasable","17":"product-type-simple"},"acf":[],"yoast_head":"<!-- This site is optimized with the Yoast SEO plugin v27.4 - https:\/\/yoast.com\/product\/yoast-seo-wordpress\/ -->\n<title>Guided Chakra Meditation - Marysol Ximenez-Carrillo<\/title>\n<meta name=\"description\" content=\"Guided Chakra Meditation with golden Symbols to cleanse and upgrade your chakras, with Sound healing to anchor in the vibration.\" \/>\n<meta name=\"robots\" content=\"index, follow, max-snippet:-1, max-image-preview:large, max-video-preview:-1\" \/>\n<link rel=\"canonical\" href=\"https:\/\/marysol.vision\/de\/produkt\/guided-chakra-meditation\/\" \/>\n<meta property=\"og:locale\" content=\"de_DE\" \/>\n<meta property=\"og:type\" content=\"article\" \/>\n<meta property=\"og:title\" content=\"Guided Chakra Meditation - Marysol Ximenez-Carrillo\" \/>\n<meta property=\"og:description\" content=\"Guided Chakra Meditation with golden Symbols to cleanse and upgrade your chakras, with Sound healing to anchor in the vibration.\" \/>\n<meta property=\"og:url\" content=\"https:\/\/marysol.vision\/de\/produkt\/guided-chakra-meditation\/\" \/>\n<meta property=\"og:site_name\" content=\"Marysol Ximenez-Carrillo\" \/>\n<meta property=\"article:modified_time\" content=\"2025-01-08T09:38:34+00:00\" \/>\n<meta property=\"og:image\" content=\"https:\/\/marysol.vision\/wp-content\/uploads\/2021\/10\/Chakra-Meditation-Thumbnail-NEW.png\" \/>\n\t<meta property=\"og:image:width\" content=\"1080\" \/>\n\t<meta property=\"og:image:height\" content=\"1080\" \/>\n\t<meta property=\"og:image:type\" content=\"image\/png\" \/>\n<meta name=\"twitter:card\" content=\"summary_large_image\" \/>\n<meta name=\"twitter:label1\" content=\"Gesch\u00e4tzte Lesezeit\" \/>\n\t<meta name=\"twitter:data1\" content=\"2\u00a0Minuten\" \/>\n<script type=\"application\/ld+json\" class=\"yoast-schema-graph\">{\"@context\":\"https:\\\/\\\/schema.org\",\"@graph\":[{\"@type\":\"WebPage\",\"@id\":\"https:\\\/\\\/marysol.vision\\\/product\\\/guided-chakra-meditation\\\/\",\"url\":\"https:\\\/\\\/marysol.vision\\\/product\\\/guided-chakra-meditation\\\/\",\"name\":\"Guided Chakra Meditation - Marysol Ximenez-Carrillo\",\"isPartOf\":{\"@id\":\"https:\\\/\\\/marysol.vision\\\/#website\"},\"primaryImageOfPage\":{\"@id\":\"https:\\\/\\\/marysol.vision\\\/product\\\/guided-chakra-meditation\\\/#primaryimage\"},\"image\":{\"@id\":\"https:\\\/\\\/marysol.vision\\\/product\\\/guided-chakra-meditation\\\/#primaryimage\"},\"thumbnailUrl\":\"https:\\\/\\\/marysol.vision\\\/wp-content\\\/uploads\\\/2021\\\/10\\\/Chakra-Meditation-Thumbnail-NEW.png\",\"datePublished\":\"2021-10-06T12:11:30+00:00\",\"dateModified\":\"2025-01-08T09:38:34+00:00\",\"description\":\"Guided Chakra Meditation with golden Symbols to cleanse and upgrade your chakras, with Sound healing to anchor in the vibration.\",\"breadcrumb\":{\"@id\":\"https:\\\/\\\/marysol.vision\\\/product\\\/guided-chakra-meditation\\\/#breadcrumb\"},\"inLanguage\":\"de\",\"potentialAction\":[{\"@type\":\"ReadAction\",\"target\":[\"https:\\\/\\\/marysol.vision\\\/product\\\/guided-chakra-meditation\\\/\"]}]},{\"@type\":\"ImageObject\",\"inLanguage\":\"de\",\"@id\":\"https:\\\/\\\/marysol.vision\\\/product\\\/guided-chakra-meditation\\\/#primaryimage\",\"url\":\"https:\\\/\\\/marysol.vision\\\/wp-content\\\/uploads\\\/2021\\\/10\\\/Chakra-Meditation-Thumbnail-NEW.png\",\"contentUrl\":\"https:\\\/\\\/marysol.vision\\\/wp-content\\\/uploads\\\/2021\\\/10\\\/Chakra-Meditation-Thumbnail-NEW.png\",\"width\":1080,\"height\":1080},{\"@type\":\"BreadcrumbList\",\"@id\":\"https:\\\/\\\/marysol.vision\\\/product\\\/guided-chakra-meditation\\\/#breadcrumb\",\"itemListElement\":[{\"@type\":\"ListItem\",\"position\":1,\"name\":\"Home\",\"item\":\"https:\\\/\\\/marysol.vision\\\/\"},{\"@type\":\"ListItem\",\"position\":2,\"name\":\"Shop\",\"item\":\"https:\\\/\\\/marysol.vision\\\/shop-guided-meditations-music-for-the-soul-and-tickets-to-events\\\/\"},{\"@type\":\"ListItem\",\"position\":3,\"name\":\"Guided Chakra Meditation\"}]},{\"@type\":\"WebSite\",\"@id\":\"https:\\\/\\\/marysol.vision\\\/#website\",\"url\":\"https:\\\/\\\/marysol.vision\\\/\",\"name\":\"Marysol\",\"description\":\"The Magical Sound of your Soul\",\"publisher\":{\"@id\":\"https:\\\/\\\/marysol.vision\\\/#\\\/schema\\\/person\\\/1605574c09e25800a8351bfd6ddd6a97\"},\"potentialAction\":[{\"@type\":\"SearchAction\",\"target\":{\"@type\":\"EntryPoint\",\"urlTemplate\":\"https:\\\/\\\/marysol.vision\\\/?s={search_term_string}\"},\"query-input\":{\"@type\":\"PropertyValueSpecification\",\"valueRequired\":true,\"valueName\":\"search_term_string\"}}],\"inLanguage\":\"de\"},{\"@type\":[\"Person\",\"Organization\"],\"@id\":\"https:\\\/\\\/marysol.vision\\\/#\\\/schema\\\/person\\\/1605574c09e25800a8351bfd6ddd6a97\",\"name\":\"Marysol Ximenez-Carrillo\",\"image\":{\"@type\":\"ImageObject\",\"inLanguage\":\"de\",\"@id\":\"https:\\\/\\\/marysol.vision\\\/wp-content\\\/uploads\\\/2021\\\/06\\\/marysol_logo_new.png\",\"url\":\"https:\\\/\\\/marysol.vision\\\/wp-content\\\/uploads\\\/2021\\\/06\\\/marysol_logo_new.png\",\"contentUrl\":\"https:\\\/\\\/marysol.vision\\\/wp-content\\\/uploads\\\/2021\\\/06\\\/marysol_logo_new.png\",\"width\":\"598\",\"height\":\"256\",\"caption\":\"Marysol Ximenez-Carrillo\"},\"logo\":{\"@id\":\"https:\\\/\\\/marysol.vision\\\/wp-content\\\/uploads\\\/2021\\\/06\\\/marysol_logo_new.png\"}}]}<\/script>\n<!-- \/ Yoast SEO plugin. -->","yoast_head_json":{"title":"Guided Chakra Meditation - Marysol Ximenez-Carrillo","description":"Guided Chakra Meditation with golden Symbols to cleanse and upgrade your chakras, with Sound healing to anchor in the vibration.","robots":{"index":"index","follow":"follow","max-snippet":"max-snippet:-1","max-image-preview":"max-image-preview:large","max-video-preview":"max-video-preview:-1"},"canonical":"https:\/\/marysol.vision\/de\/produkt\/guided-chakra-meditation\/","og_locale":"de_DE","og_type":"article","og_title":"Guided Chakra Meditation - Marysol Ximenez-Carrillo","og_description":"Guided Chakra Meditation with golden Symbols to cleanse and upgrade your chakras, with Sound healing to anchor in the vibration.","og_url":"https:\/\/marysol.vision\/de\/produkt\/guided-chakra-meditation\/","og_site_name":"Marysol Ximenez-Carrillo","article_modified_time":"2025-01-08T09:38:34+00:00","og_image":[{"width":1080,"height":1080,"url":"https:\/\/marysol.vision\/wp-content\/uploads\/2021\/10\/Chakra-Meditation-Thumbnail-NEW.png","type":"image\/png"}],"twitter_card":"summary_large_image","twitter_misc":{"Gesch\u00e4tzte Lesezeit":"2\u00a0Minuten"},"schema":{"@context":"https:\/\/schema.org","@graph":[{"@type":"WebPage","@id":"https:\/\/marysol.vision\/product\/guided-chakra-meditation\/","url":"https:\/\/marysol.vision\/product\/guided-chakra-meditation\/","name":"Guided Chakra Meditation - Marysol Ximenez-Carrillo","isPartOf":{"@id":"https:\/\/marysol.vision\/#website"},"primaryImageOfPage":{"@id":"https:\/\/marysol.vision\/product\/guided-chakra-meditation\/#primaryimage"},"image":{"@id":"https:\/\/marysol.vision\/product\/guided-chakra-meditation\/#primaryimage"},"thumbnailUrl":"https:\/\/marysol.vision\/wp-content\/uploads\/2021\/10\/Chakra-Meditation-Thumbnail-NEW.png","datePublished":"2021-10-06T12:11:30+00:00","dateModified":"2025-01-08T09:38:34+00:00","description":"Guided Chakra Meditation with golden Symbols to cleanse and upgrade your chakras, with Sound healing to anchor in the vibration.","breadcrumb":{"@id":"https:\/\/marysol.vision\/product\/guided-chakra-meditation\/#breadcrumb"},"inLanguage":"de","potentialAction":[{"@type":"ReadAction","target":["https:\/\/marysol.vision\/product\/guided-chakra-meditation\/"]}]},{"@type":"ImageObject","inLanguage":"de","@id":"https:\/\/marysol.vision\/product\/guided-chakra-meditation\/#primaryimage","url":"https:\/\/marysol.vision\/wp-content\/uploads\/2021\/10\/Chakra-Meditation-Thumbnail-NEW.png","contentUrl":"https:\/\/marysol.vision\/wp-content\/uploads\/2021\/10\/Chakra-Meditation-Thumbnail-NEW.png","width":1080,"height":1080},{"@type":"BreadcrumbList","@id":"https:\/\/marysol.vision\/product\/guided-chakra-meditation\/#breadcrumb","itemListElement":[{"@type":"ListItem","position":1,"name":"Home","item":"https:\/\/marysol.vision\/"},{"@type":"ListItem","position":2,"name":"Shop","item":"https:\/\/marysol.vision\/shop-guided-meditations-music-for-the-soul-and-tickets-to-events\/"},{"@type":"ListItem","position":3,"name":"Guided Chakra Meditation"}]},{"@type":"WebSite","@id":"https:\/\/marysol.vision\/#website","url":"https:\/\/marysol.vision\/","name":"Marysol","description":"Der magische Klang deiner Seele","publisher":{"@id":"https:\/\/marysol.vision\/#\/schema\/person\/1605574c09e25800a8351bfd6ddd6a97"},"potentialAction":[{"@type":"SearchAction","target":{"@type":"EntryPoint","urlTemplate":"https:\/\/marysol.vision\/?s={search_term_string}"},"query-input":{"@type":"PropertyValueSpecification","valueRequired":true,"valueName":"search_term_string"}}],"inLanguage":"de"},{"@type":["Person","Organization"],"@id":"https:\/\/marysol.vision\/#\/schema\/person\/1605574c09e25800a8351bfd6ddd6a97","name":"Marysol Ximenez-Carrillo","image":{"@type":"ImageObject","inLanguage":"de","@id":"https:\/\/marysol.vision\/wp-content\/uploads\/2021\/06\/marysol_logo_new.png","url":"https:\/\/marysol.vision\/wp-content\/uploads\/2021\/06\/marysol_logo_new.png","contentUrl":"https:\/\/marysol.vision\/wp-content\/uploads\/2021\/06\/marysol_logo_new.png","width":"598","height":"256","caption":"Marysol Ximenez-Carrillo"},"logo":{"@id":"https:\/\/marysol.vision\/wp-content\/uploads\/2021\/06\/marysol_logo_new.png"}}]}},"_links":{"self":[{"href":"https:\/\/marysol.vision\/de\/wp-json\/wp\/v2\/product\/3554","targetHints":{"allow":["GET"]}}],"collection":[{"href":"https:\/\/marysol.vision\/de\/wp-json\/wp\/v2\/product"}],"about":[{"href":"https:\/\/marysol.vision\/de\/wp-json\/wp\/v2\/types\/product"}],"wp:featuredmedia":[{"embeddable":true,"href":"https:\/\/marysol.vision\/de\/wp-json\/wp\/v2\/media\/6851"}],"wp:attachment":[{"href":"https:\/\/marysol.vision\/de\/wp-json\/wp\/v2\/media?parent=3554"}],"wp:term":[{"taxonomy":"product_brand","embeddable":true,"href":"https:\/\/marysol.vision\/de\/wp-json\/wp\/v2\/product_brand?post=3554"},{"taxonomy":"product_cat","embeddable":true,"href":"https:\/\/marysol.vision\/de\/wp-json\/wp\/v2\/product_cat?post=3554"},{"taxonomy":"product_tag","embeddable":true,"href":"https:\/\/marysol.vision\/de\/wp-json\/wp\/v2\/product_tag?post=3554"}],"curies":[{"name":"wp","href":"https:\/\/api.w.org\/{rel}","templated":true}]}}