{"id":3762,"date":"2022-04-03T19:58:56","date_gmt":"2022-04-03T18:58:56","guid":{"rendered":"https:\/\/marysol.vision\/?post_type=product&#038;p=3762"},"modified":"2025-01-08T15:41:56","modified_gmt":"2025-01-08T13:41:56","slug":"lichtvolle-steinkreis-meditation","status":"publish","type":"product","link":"https:\/\/marysol.vision\/de\/produkt\/lichtvolle-steinkreis-meditation\/","title":{"rendered":"Lichtvolle Steinkreis-Meditation"},"content":{"rendered":"<h3><span style=\"color: #681526;\">Lichtvolle Steinkreis-Meditation<\/span><\/h3>\n<h5><span style=\"color: #681526;\">Gef\u00fchrte Meditation \/ mit gesungener und gesprochener Lichtsprache<\/span><\/h5>\n<h3><\/h3>\n<p>&nbsp;<\/p>\n<p>Dies ist eine gef\u00fchrte Meditation in Kombination mit gesprochener und gesungener Lichtsprache.<\/p>\n<p>&nbsp;<\/p>\n<p>&nbsp;<\/p>\n<p>Reise zu einem wundersch\u00f6nen, uralten Steinkreis und lege dich auf ein hoch-sachwingendes Kristall-Bett in der Mitte, w\u00e4hrend die Steine in Paaren aufleuchten und Licht-Codes des AUFSTIEGS, der INNEREN WEISHEIT, HEILUNG und BEDINGUNGSLOSEN LIEBE zu dir schicken, sodass diese tief in deinen K\u00f6rper und dein Sein flie\u00dfen m\u00f6gen.<\/p>\n<p>&nbsp;<\/p>\n<p>&nbsp;<\/p>\n<p>Die gesungene und gesprochene Lichtsprache hilft dir dabei, <span lang=\"en-US\">die Licht-Codes, die in alle Ebenen deines Seins flie\u00dfen, zu verankern.<\/span><\/p>\n<p>&nbsp;<\/p>\n<p>&nbsp;<\/p>\n<p>Ich empfehle es Kopfh\u00f6rer oder gute Lautsprecher zu nutzen.<\/p>\n<p>&nbsp;<\/p>\n<p>&nbsp;<\/p>\n<p>Du kannst dir diese Meditation kostenlos auf meiner Website, auf Soundcloud oder Youtube anh\u00f6ren. Wenn du sie allerdings als Mp3 Datei besitzen und meine Arbeit unterst\u00fctzen m\u00f6chtest, kannst du sie hier erwerben. <span lang=\"en-US\">Vielen Dank.\u00a0<\/span><\/p>","protected":false},"excerpt":{"rendered":"<p>Lichtvolle Steinkreis-Meditation Gef\u00fchrte Meditation \/ mit gesungener und gesprochener Lichtsprache &nbsp; Dies ist eine gef\u00fchrte Meditation in Kombination mit gesprochener [&hellip;]<\/p>\n","protected":false},"featured_media":6888,"template":"","meta":{"_acf_changed":false,"_mo_disable_npp":"","site-sidebar-layout":"default","site-content-layout":"default","ast-site-content-layout":"default","site-content-style":"default","site-sidebar-style":"default","ast-global-header-display":"","ast-banner-title-visibility":"","ast-main-header-display":"","ast-hfb-above-header-display":"","ast-hfb-below-header-display":"","ast-hfb-mobile-header-display":"","site-post-title":"","ast-breadcrumbs-content":"","ast-featured-img":"","footer-sml-layout":"","theme-transparent-header-meta":"default","adv-header-id-meta":"","stick-header-meta":"","header-above-stick-meta":"","header-main-stick-meta":"","header-below-stick-meta":"","astra-migrate-meta-layouts":"set","ast-page-background-enabled":"default","ast-page-background-meta":{"desktop":{"background-color":"","background-image":"","background-repeat":"repeat","background-position":"center center","background-size":"auto","background-attachment":"scroll","background-type":"","background-media":"","overlay-type":"","overlay-color":"","overlay-opacity":"","overlay-gradient":""},"tablet":{"background-color":"","background-image":"","background-repeat":"repeat","background-position":"center center","background-size":"auto","background-attachment":"scroll","background-type":"","background-media":"","overlay-type":"","overlay-color":"","overlay-opacity":"","overlay-gradient":""},"mobile":{"background-color":"","background-image":"","background-repeat":"repeat","background-position":"center center","background-size":"auto","background-attachment":"scroll","background-type":"","background-media":"","overlay-type":"","overlay-color":"","overlay-opacity":"","overlay-gradient":""}},"ast-content-background-meta":{"desktop":{"background-color":"var(--ast-global-color-5)","background-image":"","background-repeat":"repeat","background-position":"center center","background-size":"auto","background-attachment":"scroll","background-type":"","background-media":"","overlay-type":"","overlay-color":"","overlay-opacity":"","overlay-gradient":""},"tablet":{"background-color":"var(--ast-global-color-5)","background-image":"","background-repeat":"repeat","background-position":"center center","background-size":"auto","background-attachment":"scroll","background-type":"","background-media":"","overlay-type":"","overlay-color":"","overlay-opacity":"","overlay-gradient":""},"mobile":{"background-color":"var(--ast-global-color-5)","background-image":"","background-repeat":"repeat","background-position":"center center","background-size":"auto","background-attachment":"scroll","background-type":"","background-media":"","overlay-type":"","overlay-color":"","overlay-opacity":"","overlay-gradient":""}}},"product_brand":[],"product_cat":[64],"product_tag":[],"class_list":{"0":"post-3762","1":"product","2":"type-product","3":"status-publish","4":"has-post-thumbnail","6":"product_cat-meditations-in-german","7":"desktop-align-left","8":"tablet-align-left","9":"mobile-align-left","11":"first","12":"instock","13":"downloadable","14":"taxable","15":"shipping-taxable","16":"purchasable","17":"product-type-simple"},"acf":[],"yoast_head":"<!-- This site is optimized with the Yoast SEO plugin v27.5 - https:\/\/yoast.com\/product\/yoast-seo-wordpress\/ -->\n<title>Lichtvolle Steinkreis-Meditation - Marysol Ximenez-Carrillo<\/title>\n<meta name=\"description\" content=\"Gef\u00fchrte Meditation mit gesungener und gesprochener Lichtsprache. Reise zu einem wundersch\u00f6nen, uralten Steinkreis und empfange Licht-Codes.\" \/>\n<meta name=\"robots\" content=\"index, follow, max-snippet:-1, max-image-preview:large, max-video-preview:-1\" \/>\n<link rel=\"canonical\" href=\"https:\/\/marysol.vision\/de\/produkt\/lichtvolle-steinkreis-meditation\/\" \/>\n<meta property=\"og:locale\" content=\"de_DE\" \/>\n<meta property=\"og:type\" content=\"article\" \/>\n<meta property=\"og:title\" content=\"Lichtvolle Steinkreis-Meditation - Marysol Ximenez-Carrillo\" \/>\n<meta property=\"og:description\" content=\"Gef\u00fchrte Meditation mit gesungener und gesprochener Lichtsprache. Reise zu einem wundersch\u00f6nen, uralten Steinkreis und empfange Licht-Codes.\" \/>\n<meta property=\"og:url\" content=\"https:\/\/marysol.vision\/de\/produkt\/lichtvolle-steinkreis-meditation\/\" \/>\n<meta property=\"og:site_name\" content=\"Marysol Ximenez-Carrillo\" \/>\n<meta property=\"article:modified_time\" content=\"2025-01-08T13:41:56+00:00\" \/>\n<meta property=\"og:image\" content=\"https:\/\/marysol.vision\/wp-content\/uploads\/2022\/04\/Steinkreis-Meditation-Thumbnail-DE-NEW.png\" \/>\n\t<meta property=\"og:image:width\" content=\"1080\" \/>\n\t<meta property=\"og:image:height\" content=\"1080\" \/>\n\t<meta property=\"og:image:type\" content=\"image\/png\" \/>\n<meta name=\"twitter:card\" content=\"summary_large_image\" \/>\n<meta name=\"twitter:label1\" content=\"Gesch\u00e4tzte Lesezeit\" \/>\n\t<meta name=\"twitter:data1\" content=\"1\u00a0Minute\" \/>\n<script type=\"application\/ld+json\" class=\"yoast-schema-graph\">{\"@context\":\"https:\\\/\\\/schema.org\",\"@graph\":[{\"@type\":\"WebPage\",\"@id\":\"https:\\\/\\\/marysol.vision\\\/product\\\/lichtvolle-steinkreis-meditation\\\/\",\"url\":\"https:\\\/\\\/marysol.vision\\\/product\\\/lichtvolle-steinkreis-meditation\\\/\",\"name\":\"Lichtvolle Steinkreis-Meditation - Marysol Ximenez-Carrillo\",\"isPartOf\":{\"@id\":\"https:\\\/\\\/marysol.vision\\\/#website\"},\"primaryImageOfPage\":{\"@id\":\"https:\\\/\\\/marysol.vision\\\/product\\\/lichtvolle-steinkreis-meditation\\\/#primaryimage\"},\"image\":{\"@id\":\"https:\\\/\\\/marysol.vision\\\/product\\\/lichtvolle-steinkreis-meditation\\\/#primaryimage\"},\"thumbnailUrl\":\"https:\\\/\\\/marysol.vision\\\/wp-content\\\/uploads\\\/2022\\\/04\\\/Steinkreis-Meditation-Thumbnail-DE-NEW.png\",\"datePublished\":\"2022-04-03T18:58:56+00:00\",\"dateModified\":\"2025-01-08T13:41:56+00:00\",\"description\":\"Gef\u00fchrte Meditation mit gesungener und gesprochener Lichtsprache. Reise zu einem wundersch\u00f6nen, uralten Steinkreis und empfange Licht-Codes.\",\"breadcrumb\":{\"@id\":\"https:\\\/\\\/marysol.vision\\\/product\\\/lichtvolle-steinkreis-meditation\\\/#breadcrumb\"},\"inLanguage\":\"de\",\"potentialAction\":[{\"@type\":\"ReadAction\",\"target\":[\"https:\\\/\\\/marysol.vision\\\/product\\\/lichtvolle-steinkreis-meditation\\\/\"]}]},{\"@type\":\"ImageObject\",\"inLanguage\":\"de\",\"@id\":\"https:\\\/\\\/marysol.vision\\\/product\\\/lichtvolle-steinkreis-meditation\\\/#primaryimage\",\"url\":\"https:\\\/\\\/marysol.vision\\\/wp-content\\\/uploads\\\/2022\\\/04\\\/Steinkreis-Meditation-Thumbnail-DE-NEW.png\",\"contentUrl\":\"https:\\\/\\\/marysol.vision\\\/wp-content\\\/uploads\\\/2022\\\/04\\\/Steinkreis-Meditation-Thumbnail-DE-NEW.png\",\"width\":1080,\"height\":1080},{\"@type\":\"BreadcrumbList\",\"@id\":\"https:\\\/\\\/marysol.vision\\\/product\\\/lichtvolle-steinkreis-meditation\\\/#breadcrumb\",\"itemListElement\":[{\"@type\":\"ListItem\",\"position\":1,\"name\":\"Home\",\"item\":\"https:\\\/\\\/marysol.vision\\\/\"},{\"@type\":\"ListItem\",\"position\":2,\"name\":\"Shop\",\"item\":\"https:\\\/\\\/marysol.vision\\\/shop-guided-meditations-music-for-the-soul-and-tickets-to-events\\\/\"},{\"@type\":\"ListItem\",\"position\":3,\"name\":\"Lichtvolle Steinkreis-Meditation\"}]},{\"@type\":\"WebSite\",\"@id\":\"https:\\\/\\\/marysol.vision\\\/#website\",\"url\":\"https:\\\/\\\/marysol.vision\\\/\",\"name\":\"Marysol\",\"description\":\"The Magical Sound of your Soul\",\"publisher\":{\"@id\":\"https:\\\/\\\/marysol.vision\\\/#\\\/schema\\\/person\\\/1605574c09e25800a8351bfd6ddd6a97\"},\"potentialAction\":[{\"@type\":\"SearchAction\",\"target\":{\"@type\":\"EntryPoint\",\"urlTemplate\":\"https:\\\/\\\/marysol.vision\\\/?s={search_term_string}\"},\"query-input\":{\"@type\":\"PropertyValueSpecification\",\"valueRequired\":true,\"valueName\":\"search_term_string\"}}],\"inLanguage\":\"de\"},{\"@type\":[\"Person\",\"Organization\"],\"@id\":\"https:\\\/\\\/marysol.vision\\\/#\\\/schema\\\/person\\\/1605574c09e25800a8351bfd6ddd6a97\",\"name\":\"Marysol Ximenez-Carrillo\",\"image\":{\"@type\":\"ImageObject\",\"inLanguage\":\"de\",\"@id\":\"https:\\\/\\\/marysol.vision\\\/wp-content\\\/uploads\\\/2021\\\/06\\\/marysol_logo_new.png\",\"url\":\"https:\\\/\\\/marysol.vision\\\/wp-content\\\/uploads\\\/2021\\\/06\\\/marysol_logo_new.png\",\"contentUrl\":\"https:\\\/\\\/marysol.vision\\\/wp-content\\\/uploads\\\/2021\\\/06\\\/marysol_logo_new.png\",\"width\":\"598\",\"height\":\"256\",\"caption\":\"Marysol Ximenez-Carrillo\"},\"logo\":{\"@id\":\"https:\\\/\\\/marysol.vision\\\/wp-content\\\/uploads\\\/2021\\\/06\\\/marysol_logo_new.png\"}}]}<\/script>\n<!-- \/ Yoast SEO plugin. -->","yoast_head_json":{"title":"Lichtvolle Steinkreis-Meditation - Marysol Ximenez-Carrillo","description":"Gef\u00fchrte Meditation mit gesungener und gesprochener Lichtsprache. Reise zu einem wundersch\u00f6nen, uralten Steinkreis und empfange Licht-Codes.","robots":{"index":"index","follow":"follow","max-snippet":"max-snippet:-1","max-image-preview":"max-image-preview:large","max-video-preview":"max-video-preview:-1"},"canonical":"https:\/\/marysol.vision\/de\/produkt\/lichtvolle-steinkreis-meditation\/","og_locale":"de_DE","og_type":"article","og_title":"Lichtvolle Steinkreis-Meditation - Marysol Ximenez-Carrillo","og_description":"Gef\u00fchrte Meditation mit gesungener und gesprochener Lichtsprache. Reise zu einem wundersch\u00f6nen, uralten Steinkreis und empfange Licht-Codes.","og_url":"https:\/\/marysol.vision\/de\/produkt\/lichtvolle-steinkreis-meditation\/","og_site_name":"Marysol Ximenez-Carrillo","article_modified_time":"2025-01-08T13:41:56+00:00","og_image":[{"width":1080,"height":1080,"url":"https:\/\/marysol.vision\/wp-content\/uploads\/2022\/04\/Steinkreis-Meditation-Thumbnail-DE-NEW.png","type":"image\/png"}],"twitter_card":"summary_large_image","twitter_misc":{"Gesch\u00e4tzte Lesezeit":"1\u00a0Minute"},"schema":{"@context":"https:\/\/schema.org","@graph":[{"@type":"WebPage","@id":"https:\/\/marysol.vision\/product\/lichtvolle-steinkreis-meditation\/","url":"https:\/\/marysol.vision\/product\/lichtvolle-steinkreis-meditation\/","name":"Lichtvolle Steinkreis-Meditation - Marysol Ximenez-Carrillo","isPartOf":{"@id":"https:\/\/marysol.vision\/#website"},"primaryImageOfPage":{"@id":"https:\/\/marysol.vision\/product\/lichtvolle-steinkreis-meditation\/#primaryimage"},"image":{"@id":"https:\/\/marysol.vision\/product\/lichtvolle-steinkreis-meditation\/#primaryimage"},"thumbnailUrl":"https:\/\/marysol.vision\/wp-content\/uploads\/2022\/04\/Steinkreis-Meditation-Thumbnail-DE-NEW.png","datePublished":"2022-04-03T18:58:56+00:00","dateModified":"2025-01-08T13:41:56+00:00","description":"Gef\u00fchrte Meditation mit gesungener und gesprochener Lichtsprache. Reise zu einem wundersch\u00f6nen, uralten Steinkreis und empfange Licht-Codes.","breadcrumb":{"@id":"https:\/\/marysol.vision\/product\/lichtvolle-steinkreis-meditation\/#breadcrumb"},"inLanguage":"de","potentialAction":[{"@type":"ReadAction","target":["https:\/\/marysol.vision\/product\/lichtvolle-steinkreis-meditation\/"]}]},{"@type":"ImageObject","inLanguage":"de","@id":"https:\/\/marysol.vision\/product\/lichtvolle-steinkreis-meditation\/#primaryimage","url":"https:\/\/marysol.vision\/wp-content\/uploads\/2022\/04\/Steinkreis-Meditation-Thumbnail-DE-NEW.png","contentUrl":"https:\/\/marysol.vision\/wp-content\/uploads\/2022\/04\/Steinkreis-Meditation-Thumbnail-DE-NEW.png","width":1080,"height":1080},{"@type":"BreadcrumbList","@id":"https:\/\/marysol.vision\/product\/lichtvolle-steinkreis-meditation\/#breadcrumb","itemListElement":[{"@type":"ListItem","position":1,"name":"Home","item":"https:\/\/marysol.vision\/"},{"@type":"ListItem","position":2,"name":"Shop","item":"https:\/\/marysol.vision\/shop-guided-meditations-music-for-the-soul-and-tickets-to-events\/"},{"@type":"ListItem","position":3,"name":"Lichtvolle Steinkreis-Meditation"}]},{"@type":"WebSite","@id":"https:\/\/marysol.vision\/#website","url":"https:\/\/marysol.vision\/","name":"Marysol","description":"Der magische Klang deiner Seele","publisher":{"@id":"https:\/\/marysol.vision\/#\/schema\/person\/1605574c09e25800a8351bfd6ddd6a97"},"potentialAction":[{"@type":"SearchAction","target":{"@type":"EntryPoint","urlTemplate":"https:\/\/marysol.vision\/?s={search_term_string}"},"query-input":{"@type":"PropertyValueSpecification","valueRequired":true,"valueName":"search_term_string"}}],"inLanguage":"de"},{"@type":["Person","Organization"],"@id":"https:\/\/marysol.vision\/#\/schema\/person\/1605574c09e25800a8351bfd6ddd6a97","name":"Marysol Ximenez-Carrillo","image":{"@type":"ImageObject","inLanguage":"de","@id":"https:\/\/marysol.vision\/wp-content\/uploads\/2021\/06\/marysol_logo_new.png","url":"https:\/\/marysol.vision\/wp-content\/uploads\/2021\/06\/marysol_logo_new.png","contentUrl":"https:\/\/marysol.vision\/wp-content\/uploads\/2021\/06\/marysol_logo_new.png","width":"598","height":"256","caption":"Marysol Ximenez-Carrillo"},"logo":{"@id":"https:\/\/marysol.vision\/wp-content\/uploads\/2021\/06\/marysol_logo_new.png"}}]}},"_links":{"self":[{"href":"https:\/\/marysol.vision\/de\/wp-json\/wp\/v2\/product\/3762","targetHints":{"allow":["GET"]}}],"collection":[{"href":"https:\/\/marysol.vision\/de\/wp-json\/wp\/v2\/product"}],"about":[{"href":"https:\/\/marysol.vision\/de\/wp-json\/wp\/v2\/types\/product"}],"wp:featuredmedia":[{"embeddable":true,"href":"https:\/\/marysol.vision\/de\/wp-json\/wp\/v2\/media\/6888"}],"wp:attachment":[{"href":"https:\/\/marysol.vision\/de\/wp-json\/wp\/v2\/media?parent=3762"}],"wp:term":[{"taxonomy":"product_brand","embeddable":true,"href":"https:\/\/marysol.vision\/de\/wp-json\/wp\/v2\/product_brand?post=3762"},{"taxonomy":"product_cat","embeddable":true,"href":"https:\/\/marysol.vision\/de\/wp-json\/wp\/v2\/product_cat?post=3762"},{"taxonomy":"product_tag","embeddable":true,"href":"https:\/\/marysol.vision\/de\/wp-json\/wp\/v2\/product_tag?post=3762"}],"curies":[{"name":"wp","href":"https:\/\/api.w.org\/{rel}","templated":true}]}}