{"id":3909,"date":"2022-07-11T17:52:29","date_gmt":"2022-07-11T16:52:29","guid":{"rendered":"https:\/\/marysol.vision\/?post_type=product&#038;p=3909"},"modified":"2025-01-08T15:37:05","modified_gmt":"2025-01-08T13:37:05","slug":"ahnen-heilung-und-goldene-zeiten-linie","status":"publish","type":"product","link":"https:\/\/marysol.vision\/de\/produkt\/ahnen-heilung-und-goldene-zeiten-linie\/","title":{"rendered":"Ahnen-Heilung und Goldene Zeiten-Linie"},"content":{"rendered":"<h3><span style=\"color: #681526;\">Ahnen-Heilung und Goldene Zeiten-Linie Meditation<\/span><\/h3>\n<p>&nbsp;<\/p>\n<p>Dies ist eine gef\u00fchrte Meditation, eine innere Reise, auf welcher dein heiliger Herzensraum und dein gesamtes Sein mit dem Licht von Erzengel Chamuel gef\u00fcllt wird. Das Licht flie\u00dft tief hinein in deine m\u00e4nnliche und weibliche Ahnenreihe und bringt Heilung auf tiefen Ebenen.<\/p>\n<p>&nbsp;<\/p>\n<p>&nbsp;<\/p>\n<p>Du verbindest dich mit deiner h\u00f6chsten Zeiten-Linie aus purem Gold und beginnst diese entlang zu laufen, w\u00e4hrend alle niedrigeren Zeiten-Linien sich verschliessen und wegfallen. Du trittst hinein in die gro\u00dfartigste Vision deines Lebens.<\/p>\n<p>&nbsp;<\/p>\n<p>&nbsp;<\/p>\n<p>Das heilende, goldenen Licht flie\u00dft durch alle Zeiten, Welten. Dimensionen und Universen, durch die Gegenwart, die Vergangenheit und die Zukunft, welche alle zur gleichen Zeit geschehen.<\/p>\n<p>&nbsp;<\/p>\n<p>&nbsp;<\/p>\n<p>Es ist an der Zeit, zu deiner wahren Kraft zu finden und die Multidimensionalit\u00e4t deines Seins zu ehren.<\/p>\n<p>&nbsp;<\/p>\n<p>&nbsp;<\/p>\n<p>Ich empfehle es Kopfh\u00f6rer oder gute Lautsprecher zu nutzen.<\/p>\n<p>&nbsp;<\/p>\n<p>&nbsp;<\/p>\n<p>Du kannst dir diese Meditation kostenlos auf meiner Website, auf Soundcloud oder Youtube anh\u00f6ren. Wenn du sie allerdings als Mp3 Datei besitzen und meine Arbeit unterst\u00fctzen m\u00f6chtest, kannst du sie hier erwerben.\u00a0<span lang=\"en-US\">Vielen Dank.\u00a0<\/span><\/p>","protected":false},"excerpt":{"rendered":"<p>Ahnen-Heilung und Goldene Zeiten-Linie Meditation &nbsp; Dies ist eine gef\u00fchrte Meditation, eine innere Reise, auf welcher dein heiliger Herzensraum und [&hellip;]<\/p>\n","protected":false},"featured_media":6883,"template":"","meta":{"_acf_changed":false,"_mo_disable_npp":"","site-sidebar-layout":"default","site-content-layout":"default","ast-site-content-layout":"default","site-content-style":"default","site-sidebar-style":"default","ast-global-header-display":"","ast-banner-title-visibility":"","ast-main-header-display":"","ast-hfb-above-header-display":"","ast-hfb-below-header-display":"","ast-hfb-mobile-header-display":"","site-post-title":"","ast-breadcrumbs-content":"","ast-featured-img":"","footer-sml-layout":"","theme-transparent-header-meta":"default","adv-header-id-meta":"","stick-header-meta":"","header-above-stick-meta":"","header-main-stick-meta":"","header-below-stick-meta":"","astra-migrate-meta-layouts":"set","ast-page-background-enabled":"default","ast-page-background-meta":{"desktop":{"background-color":"","background-image":"","background-repeat":"repeat","background-position":"center center","background-size":"auto","background-attachment":"scroll","background-type":"","background-media":"","overlay-type":"","overlay-color":"","overlay-opacity":"","overlay-gradient":""},"tablet":{"background-color":"","background-image":"","background-repeat":"repeat","background-position":"center center","background-size":"auto","background-attachment":"scroll","background-type":"","background-media":"","overlay-type":"","overlay-color":"","overlay-opacity":"","overlay-gradient":""},"mobile":{"background-color":"","background-image":"","background-repeat":"repeat","background-position":"center center","background-size":"auto","background-attachment":"scroll","background-type":"","background-media":"","overlay-type":"","overlay-color":"","overlay-opacity":"","overlay-gradient":""}},"ast-content-background-meta":{"desktop":{"background-color":"var(--ast-global-color-5)","background-image":"","background-repeat":"repeat","background-position":"center center","background-size":"auto","background-attachment":"scroll","background-type":"","background-media":"","overlay-type":"","overlay-color":"","overlay-opacity":"","overlay-gradient":""},"tablet":{"background-color":"var(--ast-global-color-5)","background-image":"","background-repeat":"repeat","background-position":"center center","background-size":"auto","background-attachment":"scroll","background-type":"","background-media":"","overlay-type":"","overlay-color":"","overlay-opacity":"","overlay-gradient":""},"mobile":{"background-color":"var(--ast-global-color-5)","background-image":"","background-repeat":"repeat","background-position":"center center","background-size":"auto","background-attachment":"scroll","background-type":"","background-media":"","overlay-type":"","overlay-color":"","overlay-opacity":"","overlay-gradient":""}}},"product_brand":[],"product_cat":[64],"product_tag":[],"class_list":{"0":"post-3909","1":"product","2":"type-product","3":"status-publish","4":"has-post-thumbnail","6":"product_cat-meditations-in-german","7":"desktop-align-left","8":"tablet-align-left","9":"mobile-align-left","11":"first","12":"instock","13":"downloadable","14":"taxable","15":"shipping-taxable","16":"purchasable","17":"product-type-simple"},"acf":[],"yoast_head":"<!-- This site is optimized with the Yoast SEO plugin v27.4 - https:\/\/yoast.com\/product\/yoast-seo-wordpress\/ -->\n<title>Ahnen-Heilung und Goldene Zeiten-Linie - Marysol Ximenez-Carrillo<\/title>\n<meta name=\"description\" content=\"W\u00e4hrend dieser Meditation flie\u00dft heilendes Licht in dein gesamtes Sein, in deine Ahnenreihen und deine h\u00f6chste, goldene Zeiten-Linie.\" \/>\n<meta name=\"robots\" content=\"index, follow, max-snippet:-1, max-image-preview:large, max-video-preview:-1\" \/>\n<link rel=\"canonical\" href=\"https:\/\/marysol.vision\/de\/produkt\/ahnen-heilung-und-goldene-zeiten-linie\/\" \/>\n<meta property=\"og:locale\" content=\"de_DE\" \/>\n<meta property=\"og:type\" content=\"article\" \/>\n<meta property=\"og:title\" content=\"Ahnen-Heilung und Goldene Zeiten-Linie - Marysol Ximenez-Carrillo\" \/>\n<meta property=\"og:description\" content=\"W\u00e4hrend dieser Meditation flie\u00dft heilendes Licht in dein gesamtes Sein, in deine Ahnenreihen und deine h\u00f6chste, goldene Zeiten-Linie.\" \/>\n<meta property=\"og:url\" content=\"https:\/\/marysol.vision\/de\/produkt\/ahnen-heilung-und-goldene-zeiten-linie\/\" \/>\n<meta property=\"og:site_name\" content=\"Marysol Ximenez-Carrillo\" \/>\n<meta property=\"article:modified_time\" content=\"2025-01-08T13:37:05+00:00\" \/>\n<meta property=\"og:image\" content=\"https:\/\/marysol.vision\/wp-content\/uploads\/2022\/07\/Ahnenheilung-und-Goldene-Zeitenlinie-Thumbnail-DE-NEW.png\" \/>\n\t<meta property=\"og:image:width\" content=\"1080\" \/>\n\t<meta property=\"og:image:height\" content=\"1080\" \/>\n\t<meta property=\"og:image:type\" content=\"image\/png\" \/>\n<meta name=\"twitter:card\" content=\"summary_large_image\" \/>\n<meta name=\"twitter:label1\" content=\"Gesch\u00e4tzte Lesezeit\" \/>\n\t<meta name=\"twitter:data1\" content=\"1\u00a0Minute\" \/>\n<script type=\"application\/ld+json\" class=\"yoast-schema-graph\">{\"@context\":\"https:\\\/\\\/schema.org\",\"@graph\":[{\"@type\":\"WebPage\",\"@id\":\"https:\\\/\\\/marysol.vision\\\/product\\\/ahnen-heilung-und-goldene-zeiten-linie\\\/\",\"url\":\"https:\\\/\\\/marysol.vision\\\/product\\\/ahnen-heilung-und-goldene-zeiten-linie\\\/\",\"name\":\"Ahnen-Heilung und Goldene Zeiten-Linie - Marysol Ximenez-Carrillo\",\"isPartOf\":{\"@id\":\"https:\\\/\\\/marysol.vision\\\/#website\"},\"primaryImageOfPage\":{\"@id\":\"https:\\\/\\\/marysol.vision\\\/product\\\/ahnen-heilung-und-goldene-zeiten-linie\\\/#primaryimage\"},\"image\":{\"@id\":\"https:\\\/\\\/marysol.vision\\\/product\\\/ahnen-heilung-und-goldene-zeiten-linie\\\/#primaryimage\"},\"thumbnailUrl\":\"https:\\\/\\\/marysol.vision\\\/wp-content\\\/uploads\\\/2022\\\/07\\\/Ahnenheilung-und-Goldene-Zeitenlinie-Thumbnail-DE-NEW.png\",\"datePublished\":\"2022-07-11T16:52:29+00:00\",\"dateModified\":\"2025-01-08T13:37:05+00:00\",\"description\":\"W\u00e4hrend dieser Meditation flie\u00dft heilendes Licht in dein gesamtes Sein, in deine Ahnenreihen und deine h\u00f6chste, goldene Zeiten-Linie.\",\"breadcrumb\":{\"@id\":\"https:\\\/\\\/marysol.vision\\\/product\\\/ahnen-heilung-und-goldene-zeiten-linie\\\/#breadcrumb\"},\"inLanguage\":\"de\",\"potentialAction\":[{\"@type\":\"ReadAction\",\"target\":[\"https:\\\/\\\/marysol.vision\\\/product\\\/ahnen-heilung-und-goldene-zeiten-linie\\\/\"]}]},{\"@type\":\"ImageObject\",\"inLanguage\":\"de\",\"@id\":\"https:\\\/\\\/marysol.vision\\\/product\\\/ahnen-heilung-und-goldene-zeiten-linie\\\/#primaryimage\",\"url\":\"https:\\\/\\\/marysol.vision\\\/wp-content\\\/uploads\\\/2022\\\/07\\\/Ahnenheilung-und-Goldene-Zeitenlinie-Thumbnail-DE-NEW.png\",\"contentUrl\":\"https:\\\/\\\/marysol.vision\\\/wp-content\\\/uploads\\\/2022\\\/07\\\/Ahnenheilung-und-Goldene-Zeitenlinie-Thumbnail-DE-NEW.png\",\"width\":1080,\"height\":1080},{\"@type\":\"BreadcrumbList\",\"@id\":\"https:\\\/\\\/marysol.vision\\\/product\\\/ahnen-heilung-und-goldene-zeiten-linie\\\/#breadcrumb\",\"itemListElement\":[{\"@type\":\"ListItem\",\"position\":1,\"name\":\"Home\",\"item\":\"https:\\\/\\\/marysol.vision\\\/\"},{\"@type\":\"ListItem\",\"position\":2,\"name\":\"Shop\",\"item\":\"https:\\\/\\\/marysol.vision\\\/shop-guided-meditations-music-for-the-soul-and-tickets-to-events\\\/\"},{\"@type\":\"ListItem\",\"position\":3,\"name\":\"Ahnen-Heilung und Goldene Zeiten-Linie\"}]},{\"@type\":\"WebSite\",\"@id\":\"https:\\\/\\\/marysol.vision\\\/#website\",\"url\":\"https:\\\/\\\/marysol.vision\\\/\",\"name\":\"Marysol\",\"description\":\"The Magical Sound of your Soul\",\"publisher\":{\"@id\":\"https:\\\/\\\/marysol.vision\\\/#\\\/schema\\\/person\\\/1605574c09e25800a8351bfd6ddd6a97\"},\"potentialAction\":[{\"@type\":\"SearchAction\",\"target\":{\"@type\":\"EntryPoint\",\"urlTemplate\":\"https:\\\/\\\/marysol.vision\\\/?s={search_term_string}\"},\"query-input\":{\"@type\":\"PropertyValueSpecification\",\"valueRequired\":true,\"valueName\":\"search_term_string\"}}],\"inLanguage\":\"de\"},{\"@type\":[\"Person\",\"Organization\"],\"@id\":\"https:\\\/\\\/marysol.vision\\\/#\\\/schema\\\/person\\\/1605574c09e25800a8351bfd6ddd6a97\",\"name\":\"Marysol Ximenez-Carrillo\",\"image\":{\"@type\":\"ImageObject\",\"inLanguage\":\"de\",\"@id\":\"https:\\\/\\\/marysol.vision\\\/wp-content\\\/uploads\\\/2021\\\/06\\\/marysol_logo_new.png\",\"url\":\"https:\\\/\\\/marysol.vision\\\/wp-content\\\/uploads\\\/2021\\\/06\\\/marysol_logo_new.png\",\"contentUrl\":\"https:\\\/\\\/marysol.vision\\\/wp-content\\\/uploads\\\/2021\\\/06\\\/marysol_logo_new.png\",\"width\":\"598\",\"height\":\"256\",\"caption\":\"Marysol Ximenez-Carrillo\"},\"logo\":{\"@id\":\"https:\\\/\\\/marysol.vision\\\/wp-content\\\/uploads\\\/2021\\\/06\\\/marysol_logo_new.png\"}}]}<\/script>\n<!-- \/ Yoast SEO plugin. -->","yoast_head_json":{"title":"Ahnen-Heilung und Goldene Zeiten-Linie - Marysol Ximenez-Carrillo","description":"W\u00e4hrend dieser Meditation flie\u00dft heilendes Licht in dein gesamtes Sein, in deine Ahnenreihen und deine h\u00f6chste, goldene Zeiten-Linie.","robots":{"index":"index","follow":"follow","max-snippet":"max-snippet:-1","max-image-preview":"max-image-preview:large","max-video-preview":"max-video-preview:-1"},"canonical":"https:\/\/marysol.vision\/de\/produkt\/ahnen-heilung-und-goldene-zeiten-linie\/","og_locale":"de_DE","og_type":"article","og_title":"Ahnen-Heilung und Goldene Zeiten-Linie - Marysol Ximenez-Carrillo","og_description":"W\u00e4hrend dieser Meditation flie\u00dft heilendes Licht in dein gesamtes Sein, in deine Ahnenreihen und deine h\u00f6chste, goldene Zeiten-Linie.","og_url":"https:\/\/marysol.vision\/de\/produkt\/ahnen-heilung-und-goldene-zeiten-linie\/","og_site_name":"Marysol Ximenez-Carrillo","article_modified_time":"2025-01-08T13:37:05+00:00","og_image":[{"width":1080,"height":1080,"url":"https:\/\/marysol.vision\/wp-content\/uploads\/2022\/07\/Ahnenheilung-und-Goldene-Zeitenlinie-Thumbnail-DE-NEW.png","type":"image\/png"}],"twitter_card":"summary_large_image","twitter_misc":{"Gesch\u00e4tzte Lesezeit":"1\u00a0Minute"},"schema":{"@context":"https:\/\/schema.org","@graph":[{"@type":"WebPage","@id":"https:\/\/marysol.vision\/product\/ahnen-heilung-und-goldene-zeiten-linie\/","url":"https:\/\/marysol.vision\/product\/ahnen-heilung-und-goldene-zeiten-linie\/","name":"Ahnen-Heilung und Goldene Zeiten-Linie - Marysol Ximenez-Carrillo","isPartOf":{"@id":"https:\/\/marysol.vision\/#website"},"primaryImageOfPage":{"@id":"https:\/\/marysol.vision\/product\/ahnen-heilung-und-goldene-zeiten-linie\/#primaryimage"},"image":{"@id":"https:\/\/marysol.vision\/product\/ahnen-heilung-und-goldene-zeiten-linie\/#primaryimage"},"thumbnailUrl":"https:\/\/marysol.vision\/wp-content\/uploads\/2022\/07\/Ahnenheilung-und-Goldene-Zeitenlinie-Thumbnail-DE-NEW.png","datePublished":"2022-07-11T16:52:29+00:00","dateModified":"2025-01-08T13:37:05+00:00","description":"W\u00e4hrend dieser Meditation flie\u00dft heilendes Licht in dein gesamtes Sein, in deine Ahnenreihen und deine h\u00f6chste, goldene Zeiten-Linie.","breadcrumb":{"@id":"https:\/\/marysol.vision\/product\/ahnen-heilung-und-goldene-zeiten-linie\/#breadcrumb"},"inLanguage":"de","potentialAction":[{"@type":"ReadAction","target":["https:\/\/marysol.vision\/product\/ahnen-heilung-und-goldene-zeiten-linie\/"]}]},{"@type":"ImageObject","inLanguage":"de","@id":"https:\/\/marysol.vision\/product\/ahnen-heilung-und-goldene-zeiten-linie\/#primaryimage","url":"https:\/\/marysol.vision\/wp-content\/uploads\/2022\/07\/Ahnenheilung-und-Goldene-Zeitenlinie-Thumbnail-DE-NEW.png","contentUrl":"https:\/\/marysol.vision\/wp-content\/uploads\/2022\/07\/Ahnenheilung-und-Goldene-Zeitenlinie-Thumbnail-DE-NEW.png","width":1080,"height":1080},{"@type":"BreadcrumbList","@id":"https:\/\/marysol.vision\/product\/ahnen-heilung-und-goldene-zeiten-linie\/#breadcrumb","itemListElement":[{"@type":"ListItem","position":1,"name":"Home","item":"https:\/\/marysol.vision\/"},{"@type":"ListItem","position":2,"name":"Shop","item":"https:\/\/marysol.vision\/shop-guided-meditations-music-for-the-soul-and-tickets-to-events\/"},{"@type":"ListItem","position":3,"name":"Ahnen-Heilung und Goldene Zeiten-Linie"}]},{"@type":"WebSite","@id":"https:\/\/marysol.vision\/#website","url":"https:\/\/marysol.vision\/","name":"Marysol","description":"Der magische Klang deiner Seele","publisher":{"@id":"https:\/\/marysol.vision\/#\/schema\/person\/1605574c09e25800a8351bfd6ddd6a97"},"potentialAction":[{"@type":"SearchAction","target":{"@type":"EntryPoint","urlTemplate":"https:\/\/marysol.vision\/?s={search_term_string}"},"query-input":{"@type":"PropertyValueSpecification","valueRequired":true,"valueName":"search_term_string"}}],"inLanguage":"de"},{"@type":["Person","Organization"],"@id":"https:\/\/marysol.vision\/#\/schema\/person\/1605574c09e25800a8351bfd6ddd6a97","name":"Marysol Ximenez-Carrillo","image":{"@type":"ImageObject","inLanguage":"de","@id":"https:\/\/marysol.vision\/wp-content\/uploads\/2021\/06\/marysol_logo_new.png","url":"https:\/\/marysol.vision\/wp-content\/uploads\/2021\/06\/marysol_logo_new.png","contentUrl":"https:\/\/marysol.vision\/wp-content\/uploads\/2021\/06\/marysol_logo_new.png","width":"598","height":"256","caption":"Marysol Ximenez-Carrillo"},"logo":{"@id":"https:\/\/marysol.vision\/wp-content\/uploads\/2021\/06\/marysol_logo_new.png"}}]}},"_links":{"self":[{"href":"https:\/\/marysol.vision\/de\/wp-json\/wp\/v2\/product\/3909","targetHints":{"allow":["GET"]}}],"collection":[{"href":"https:\/\/marysol.vision\/de\/wp-json\/wp\/v2\/product"}],"about":[{"href":"https:\/\/marysol.vision\/de\/wp-json\/wp\/v2\/types\/product"}],"wp:featuredmedia":[{"embeddable":true,"href":"https:\/\/marysol.vision\/de\/wp-json\/wp\/v2\/media\/6883"}],"wp:attachment":[{"href":"https:\/\/marysol.vision\/de\/wp-json\/wp\/v2\/media?parent=3909"}],"wp:term":[{"taxonomy":"product_brand","embeddable":true,"href":"https:\/\/marysol.vision\/de\/wp-json\/wp\/v2\/product_brand?post=3909"},{"taxonomy":"product_cat","embeddable":true,"href":"https:\/\/marysol.vision\/de\/wp-json\/wp\/v2\/product_cat?post=3909"},{"taxonomy":"product_tag","embeddable":true,"href":"https:\/\/marysol.vision\/de\/wp-json\/wp\/v2\/product_tag?post=3909"}],"curies":[{"name":"wp","href":"https:\/\/api.w.org\/{rel}","templated":true}]}}