{"id":3980,"date":"2022-09-21T15:44:33","date_gmt":"2022-09-21T14:44:33","guid":{"rendered":"https:\/\/marysol.vision\/?post_type=product&#038;p=3980"},"modified":"2024-04-18T20:04:41","modified_gmt":"2024-04-18T19:04:41","slug":"sacred-ceremony-during-pregnancy","status":"publish","type":"product","link":"https:\/\/marysol.vision\/de\/produkt\/sacred-ceremony-during-pregnancy\/","title":{"rendered":"Zeremonie <br>\nin der Schwangerschaft"},"content":{"rendered":"<p><img decoding=\"async\" class=\"wp-image-1812 aligncenter\" src=\"https:\/\/marysol.vision\/wp-content\/uploads\/2021\/04\/mandalas-291x300.jpg\" alt=\"\" width=\"152\" height=\"157\" srcset=\"https:\/\/marysol.vision\/wp-content\/uploads\/2021\/04\/mandalas-291x300.jpg 291w, https:\/\/marysol.vision\/wp-content\/uploads\/2021\/04\/mandalas-600x618.jpg 600w, https:\/\/marysol.vision\/wp-content\/uploads\/2021\/04\/mandalas-768x792.jpg 768w, https:\/\/marysol.vision\/wp-content\/uploads\/2021\/04\/mandalas-12x12.jpg 12w, https:\/\/marysol.vision\/wp-content\/uploads\/2021\/04\/mandalas.jpg 876w\" sizes=\"(max-width: 152px) 100vw, 152px\" \/><\/p>\n<p>&nbsp;<\/p>\n<h3><a href=\"https:\/\/marysol.vision\/de\/ceremony-during-pregnancy\/\" target=\"_blank\" rel=\"noopener\"><span style=\"color: #bc9900;\">MEHR INFORMATIONEN <\/span><\/a><\/h3>\n<p>&nbsp;<\/p>\n<p>Bitte kontaktiere mich <a href=\"https:\/\/marysol.vision\/de\/contact\/\" target=\"_blank\" rel=\"noopener\">hier, <\/a>um einen Termin zu vereinbaren oder rufe mich an:<br \/>\n+49 5121 3064401<br \/>\nVielen Dank.<\/p>\n<p>&nbsp;<\/p>\n<p><b>Bitte beachte, <\/b>dass die Bezahlung einer Fernbehandlung vor der Sitzung eingegangen sein muss. Ansonsten kann die Sitzung leider nicht statt finden.<\/p>\n<p>&nbsp;<\/p>\n<p>Ich bitte um Verst\u00e4ndnis daf\u00fcr, dass, wenn du zu einer gebuchten Sitzung nicht erscheinst und nicht abgesagt hast, der volle Preis f\u00e4llig wird.<\/p>\n<p>&nbsp;<\/p>\n<p>&nbsp;<\/p>\n<p>&nbsp;<\/p>","protected":false},"excerpt":{"rendered":"<p>&nbsp; MORE INFORMATION &nbsp; Please contact me to schedule an appointment here or give me a call: +49 5121 3064401 [&hellip;]<\/p>\n","protected":false},"featured_media":4706,"template":"","meta":{"_acf_changed":false,"_mo_disable_npp":"","site-sidebar-layout":"default","site-content-layout":"default","ast-site-content-layout":"","site-content-style":"default","site-sidebar-style":"default","ast-global-header-display":"","ast-banner-title-visibility":"","ast-main-header-display":"","ast-hfb-above-header-display":"","ast-hfb-below-header-display":"","ast-hfb-mobile-header-display":"","site-post-title":"","ast-breadcrumbs-content":"","ast-featured-img":"","footer-sml-layout":"","theme-transparent-header-meta":"default","adv-header-id-meta":"","stick-header-meta":"","header-above-stick-meta":"","header-main-stick-meta":"","header-below-stick-meta":"","astra-migrate-meta-layouts":"default","ast-page-background-enabled":"default","ast-page-background-meta":{"desktop":{"background-color":"","background-image":"","background-repeat":"repeat","background-position":"center center","background-size":"auto","background-attachment":"scroll","background-type":"","background-media":"","overlay-type":"","overlay-color":"","overlay-opacity":"","overlay-gradient":""},"tablet":{"background-color":"","background-image":"","background-repeat":"repeat","background-position":"center center","background-size":"auto","background-attachment":"scroll","background-type":"","background-media":"","overlay-type":"","overlay-color":"","overlay-opacity":"","overlay-gradient":""},"mobile":{"background-color":"","background-image":"","background-repeat":"repeat","background-position":"center center","background-size":"auto","background-attachment":"scroll","background-type":"","background-media":"","overlay-type":"","overlay-color":"","overlay-opacity":"","overlay-gradient":""}},"ast-content-background-meta":{"desktop":{"background-color":"var(--ast-global-color-5)","background-image":"","background-repeat":"repeat","background-position":"center center","background-size":"auto","background-attachment":"scroll","background-type":"","background-media":"","overlay-type":"","overlay-color":"","overlay-opacity":"","overlay-gradient":""},"tablet":{"background-color":"var(--ast-global-color-5)","background-image":"","background-repeat":"repeat","background-position":"center center","background-size":"auto","background-attachment":"scroll","background-type":"","background-media":"","overlay-type":"","overlay-color":"","overlay-opacity":"","overlay-gradient":""},"mobile":{"background-color":"var(--ast-global-color-5)","background-image":"","background-repeat":"repeat","background-position":"center center","background-size":"auto","background-attachment":"scroll","background-type":"","background-media":"","overlay-type":"","overlay-color":"","overlay-opacity":"","overlay-gradient":""}}},"product_brand":[],"product_cat":[74],"product_tag":[],"class_list":{"0":"post-3980","1":"product","2":"type-product","3":"status-publish","4":"has-post-thumbnail","6":"product_cat-services","7":"desktop-align-left","8":"tablet-align-left","9":"mobile-align-left","11":"first","12":"outofstock","13":"virtual","14":"taxable","15":"purchasable","16":"product-type-simple"},"acf":[],"yoast_head":"<!-- This site is optimized with the Yoast SEO plugin v27.4 - https:\/\/yoast.com\/product\/yoast-seo-wordpress\/ -->\n<title>Sacred Ceremony during Pregnancy - Marysol Ximenez-Carrillo<\/title>\n<meta name=\"description\" content=\"In this special ceremony I open a safe and high vibrational space for you and your unborn child. During this ceremony you and your baby can connect on a dee\" \/>\n<meta name=\"robots\" content=\"index, follow, max-snippet:-1, max-image-preview:large, max-video-preview:-1\" \/>\n<link rel=\"canonical\" href=\"https:\/\/marysol.vision\/de\/produkt\/sacred-ceremony-during-pregnancy\/\" \/>\n<meta property=\"og:locale\" content=\"de_DE\" \/>\n<meta property=\"og:type\" content=\"article\" \/>\n<meta property=\"og:title\" content=\"Sacred Ceremony during Pregnancy - Marysol Ximenez-Carrillo\" \/>\n<meta property=\"og:description\" content=\"In this special ceremony I open a safe and high vibrational space for you and your unborn child. During this ceremony you and your baby can connect on a dee\" \/>\n<meta property=\"og:url\" content=\"https:\/\/marysol.vision\/de\/produkt\/sacred-ceremony-during-pregnancy\/\" \/>\n<meta property=\"og:site_name\" content=\"Marysol Ximenez-Carrillo\" \/>\n<meta property=\"article:modified_time\" content=\"2024-04-18T19:04:41+00:00\" \/>\n<meta property=\"og:image\" content=\"https:\/\/marysol.vision\/wp-content\/uploads\/2022\/09\/Sacred-Ceremony-Pregnancy.png\" \/>\n\t<meta property=\"og:image:width\" content=\"1080\" \/>\n\t<meta property=\"og:image:height\" content=\"1080\" \/>\n\t<meta property=\"og:image:type\" content=\"image\/png\" \/>\n<meta name=\"twitter:card\" content=\"summary_large_image\" \/>\n<meta name=\"twitter:label1\" content=\"Gesch\u00e4tzte Lesezeit\" \/>\n\t<meta name=\"twitter:data1\" content=\"1\u00a0Minute\" \/>\n<script type=\"application\/ld+json\" class=\"yoast-schema-graph\">{\"@context\":\"https:\\\/\\\/schema.org\",\"@graph\":[{\"@type\":\"WebPage\",\"@id\":\"https:\\\/\\\/marysol.vision\\\/product\\\/sacred-ceremony-during-pregnancy\\\/\",\"url\":\"https:\\\/\\\/marysol.vision\\\/product\\\/sacred-ceremony-during-pregnancy\\\/\",\"name\":\"Sacred Ceremony during Pregnancy - Marysol Ximenez-Carrillo\",\"isPartOf\":{\"@id\":\"https:\\\/\\\/marysol.vision\\\/#website\"},\"primaryImageOfPage\":{\"@id\":\"https:\\\/\\\/marysol.vision\\\/product\\\/sacred-ceremony-during-pregnancy\\\/#primaryimage\"},\"image\":{\"@id\":\"https:\\\/\\\/marysol.vision\\\/product\\\/sacred-ceremony-during-pregnancy\\\/#primaryimage\"},\"thumbnailUrl\":\"https:\\\/\\\/marysol.vision\\\/wp-content\\\/uploads\\\/2022\\\/09\\\/Sacred-Ceremony-Pregnancy.png\",\"datePublished\":\"2022-09-21T14:44:33+00:00\",\"dateModified\":\"2024-04-18T19:04:41+00:00\",\"description\":\"In this special ceremony I open a safe and high vibrational space for you and your unborn child. During this ceremony you and your baby can connect on a dee\",\"breadcrumb\":{\"@id\":\"https:\\\/\\\/marysol.vision\\\/product\\\/sacred-ceremony-during-pregnancy\\\/#breadcrumb\"},\"inLanguage\":\"de\",\"potentialAction\":[{\"@type\":\"ReadAction\",\"target\":[\"https:\\\/\\\/marysol.vision\\\/product\\\/sacred-ceremony-during-pregnancy\\\/\"]}]},{\"@type\":\"ImageObject\",\"inLanguage\":\"de\",\"@id\":\"https:\\\/\\\/marysol.vision\\\/product\\\/sacred-ceremony-during-pregnancy\\\/#primaryimage\",\"url\":\"https:\\\/\\\/marysol.vision\\\/wp-content\\\/uploads\\\/2022\\\/09\\\/Sacred-Ceremony-Pregnancy.png\",\"contentUrl\":\"https:\\\/\\\/marysol.vision\\\/wp-content\\\/uploads\\\/2022\\\/09\\\/Sacred-Ceremony-Pregnancy.png\",\"width\":1080,\"height\":1080},{\"@type\":\"BreadcrumbList\",\"@id\":\"https:\\\/\\\/marysol.vision\\\/product\\\/sacred-ceremony-during-pregnancy\\\/#breadcrumb\",\"itemListElement\":[{\"@type\":\"ListItem\",\"position\":1,\"name\":\"Home\",\"item\":\"https:\\\/\\\/marysol.vision\\\/\"},{\"@type\":\"ListItem\",\"position\":2,\"name\":\"Shop\",\"item\":\"https:\\\/\\\/marysol.vision\\\/shop-guided-meditations-music-for-the-soul-and-tickets-to-events\\\/\"},{\"@type\":\"ListItem\",\"position\":3,\"name\":\"Sacred Ceremony during Pregnancy\"}]},{\"@type\":\"WebSite\",\"@id\":\"https:\\\/\\\/marysol.vision\\\/#website\",\"url\":\"https:\\\/\\\/marysol.vision\\\/\",\"name\":\"Marysol\",\"description\":\"The Magical Sound of your Soul\",\"publisher\":{\"@id\":\"https:\\\/\\\/marysol.vision\\\/#\\\/schema\\\/person\\\/1605574c09e25800a8351bfd6ddd6a97\"},\"potentialAction\":[{\"@type\":\"SearchAction\",\"target\":{\"@type\":\"EntryPoint\",\"urlTemplate\":\"https:\\\/\\\/marysol.vision\\\/?s={search_term_string}\"},\"query-input\":{\"@type\":\"PropertyValueSpecification\",\"valueRequired\":true,\"valueName\":\"search_term_string\"}}],\"inLanguage\":\"de\"},{\"@type\":[\"Person\",\"Organization\"],\"@id\":\"https:\\\/\\\/marysol.vision\\\/#\\\/schema\\\/person\\\/1605574c09e25800a8351bfd6ddd6a97\",\"name\":\"Marysol Ximenez-Carrillo\",\"image\":{\"@type\":\"ImageObject\",\"inLanguage\":\"de\",\"@id\":\"https:\\\/\\\/marysol.vision\\\/wp-content\\\/uploads\\\/2021\\\/06\\\/marysol_logo_new.png\",\"url\":\"https:\\\/\\\/marysol.vision\\\/wp-content\\\/uploads\\\/2021\\\/06\\\/marysol_logo_new.png\",\"contentUrl\":\"https:\\\/\\\/marysol.vision\\\/wp-content\\\/uploads\\\/2021\\\/06\\\/marysol_logo_new.png\",\"width\":\"598\",\"height\":\"256\",\"caption\":\"Marysol Ximenez-Carrillo\"},\"logo\":{\"@id\":\"https:\\\/\\\/marysol.vision\\\/wp-content\\\/uploads\\\/2021\\\/06\\\/marysol_logo_new.png\"}}]}<\/script>\n<!-- \/ Yoast SEO plugin. -->","yoast_head_json":{"title":"Sacred Ceremony during Pregnancy - Marysol Ximenez-Carrillo","description":"In this special ceremony I open a safe and high vibrational space for you and your unborn child. During this ceremony you and your baby can connect on a dee","robots":{"index":"index","follow":"follow","max-snippet":"max-snippet:-1","max-image-preview":"max-image-preview:large","max-video-preview":"max-video-preview:-1"},"canonical":"https:\/\/marysol.vision\/de\/produkt\/sacred-ceremony-during-pregnancy\/","og_locale":"de_DE","og_type":"article","og_title":"Sacred Ceremony during Pregnancy - Marysol Ximenez-Carrillo","og_description":"In this special ceremony I open a safe and high vibrational space for you and your unborn child. During this ceremony you and your baby can connect on a dee","og_url":"https:\/\/marysol.vision\/de\/produkt\/sacred-ceremony-during-pregnancy\/","og_site_name":"Marysol Ximenez-Carrillo","article_modified_time":"2024-04-18T19:04:41+00:00","og_image":[{"width":1080,"height":1080,"url":"https:\/\/marysol.vision\/wp-content\/uploads\/2022\/09\/Sacred-Ceremony-Pregnancy.png","type":"image\/png"}],"twitter_card":"summary_large_image","twitter_misc":{"Gesch\u00e4tzte Lesezeit":"1\u00a0Minute"},"schema":{"@context":"https:\/\/schema.org","@graph":[{"@type":"WebPage","@id":"https:\/\/marysol.vision\/product\/sacred-ceremony-during-pregnancy\/","url":"https:\/\/marysol.vision\/product\/sacred-ceremony-during-pregnancy\/","name":"Sacred Ceremony during Pregnancy - Marysol Ximenez-Carrillo","isPartOf":{"@id":"https:\/\/marysol.vision\/#website"},"primaryImageOfPage":{"@id":"https:\/\/marysol.vision\/product\/sacred-ceremony-during-pregnancy\/#primaryimage"},"image":{"@id":"https:\/\/marysol.vision\/product\/sacred-ceremony-during-pregnancy\/#primaryimage"},"thumbnailUrl":"https:\/\/marysol.vision\/wp-content\/uploads\/2022\/09\/Sacred-Ceremony-Pregnancy.png","datePublished":"2022-09-21T14:44:33+00:00","dateModified":"2024-04-18T19:04:41+00:00","description":"In this special ceremony I open a safe and high vibrational space for you and your unborn child. During this ceremony you and your baby can connect on a dee","breadcrumb":{"@id":"https:\/\/marysol.vision\/product\/sacred-ceremony-during-pregnancy\/#breadcrumb"},"inLanguage":"de","potentialAction":[{"@type":"ReadAction","target":["https:\/\/marysol.vision\/product\/sacred-ceremony-during-pregnancy\/"]}]},{"@type":"ImageObject","inLanguage":"de","@id":"https:\/\/marysol.vision\/product\/sacred-ceremony-during-pregnancy\/#primaryimage","url":"https:\/\/marysol.vision\/wp-content\/uploads\/2022\/09\/Sacred-Ceremony-Pregnancy.png","contentUrl":"https:\/\/marysol.vision\/wp-content\/uploads\/2022\/09\/Sacred-Ceremony-Pregnancy.png","width":1080,"height":1080},{"@type":"BreadcrumbList","@id":"https:\/\/marysol.vision\/product\/sacred-ceremony-during-pregnancy\/#breadcrumb","itemListElement":[{"@type":"ListItem","position":1,"name":"Home","item":"https:\/\/marysol.vision\/"},{"@type":"ListItem","position":2,"name":"Shop","item":"https:\/\/marysol.vision\/shop-guided-meditations-music-for-the-soul-and-tickets-to-events\/"},{"@type":"ListItem","position":3,"name":"Sacred Ceremony during Pregnancy"}]},{"@type":"WebSite","@id":"https:\/\/marysol.vision\/#website","url":"https:\/\/marysol.vision\/","name":"Marysol","description":"Der magische Klang deiner Seele","publisher":{"@id":"https:\/\/marysol.vision\/#\/schema\/person\/1605574c09e25800a8351bfd6ddd6a97"},"potentialAction":[{"@type":"SearchAction","target":{"@type":"EntryPoint","urlTemplate":"https:\/\/marysol.vision\/?s={search_term_string}"},"query-input":{"@type":"PropertyValueSpecification","valueRequired":true,"valueName":"search_term_string"}}],"inLanguage":"de"},{"@type":["Person","Organization"],"@id":"https:\/\/marysol.vision\/#\/schema\/person\/1605574c09e25800a8351bfd6ddd6a97","name":"Marysol Ximenez-Carrillo","image":{"@type":"ImageObject","inLanguage":"de","@id":"https:\/\/marysol.vision\/wp-content\/uploads\/2021\/06\/marysol_logo_new.png","url":"https:\/\/marysol.vision\/wp-content\/uploads\/2021\/06\/marysol_logo_new.png","contentUrl":"https:\/\/marysol.vision\/wp-content\/uploads\/2021\/06\/marysol_logo_new.png","width":"598","height":"256","caption":"Marysol Ximenez-Carrillo"},"logo":{"@id":"https:\/\/marysol.vision\/wp-content\/uploads\/2021\/06\/marysol_logo_new.png"}}]}},"_links":{"self":[{"href":"https:\/\/marysol.vision\/de\/wp-json\/wp\/v2\/product\/3980","targetHints":{"allow":["GET"]}}],"collection":[{"href":"https:\/\/marysol.vision\/de\/wp-json\/wp\/v2\/product"}],"about":[{"href":"https:\/\/marysol.vision\/de\/wp-json\/wp\/v2\/types\/product"}],"wp:featuredmedia":[{"embeddable":true,"href":"https:\/\/marysol.vision\/de\/wp-json\/wp\/v2\/media\/4706"}],"wp:attachment":[{"href":"https:\/\/marysol.vision\/de\/wp-json\/wp\/v2\/media?parent=3980"}],"wp:term":[{"taxonomy":"product_brand","embeddable":true,"href":"https:\/\/marysol.vision\/de\/wp-json\/wp\/v2\/product_brand?post=3980"},{"taxonomy":"product_cat","embeddable":true,"href":"https:\/\/marysol.vision\/de\/wp-json\/wp\/v2\/product_cat?post=3980"},{"taxonomy":"product_tag","embeddable":true,"href":"https:\/\/marysol.vision\/de\/wp-json\/wp\/v2\/product_tag?post=3980"}],"curies":[{"name":"wp","href":"https:\/\/api.w.org\/{rel}","templated":true}]}}