{"id":4007,"date":"2022-09-22T16:05:15","date_gmt":"2022-09-22T15:05:15","guid":{"rendered":"https:\/\/marysol.vision\/?post_type=product&#038;p=4007"},"modified":"2025-01-08T15:34:09","modified_gmt":"2025-01-08T13:34:09","slug":"andromedan-light-codes","status":"publish","type":"product","link":"https:\/\/marysol.vision\/de\/produkt\/andromedan-light-codes\/","title":{"rendered":"Andromedan Light Codes"},"content":{"rendered":"<p>Dies ist eine empfange Lichtsprache-Klanghielung.<br \/>\nDa ich sehr verbunden mit Andromeda bin, habe ich diese Licht Codes von Andromeda in Form dieser Klangheilung empfangen.<\/p>\n<p>&nbsp;<\/p>\n<p>Erlaube dem Klang und der Schwingung tief in dein Sein zu flie\u00dfen, und atme dabei tief ein und aus.<\/p>\n<p>&nbsp;<\/p>\n<p>W\u00e4hrend wir durch diesen tiefgreifenden Prozess der Erh\u00f6hung und Erweiterung unseres Bewusstseins gehen, ist es von gr\u00f6\u00dfter Bedeutung, dass wir uns daran erinnern, wer wir tats\u00e4chlich sind. Wir sind g\u00f6ttliche, multidimensionale Wesen, und es ist an der Zeit unsere wahre Macht (im positiven Sinne) wiederzuerlangen, uns daran zu erinnern, wer wir im Kern unseres Sein sind, uns f\u00fcr unsere Gaben und Talenten wieder \u00f6ffnen und diese in die Welt tragen.<\/p>\n<p>&nbsp;<\/p>\n<p>Es ist an der Zeit unser Licht nicht l\u00e4nger unter den Scheffel zu stellen, uns in unserer Ganzheit anzunehmen, und uns zu erlauben, unser gesamtes Wesen zum Ausdruck zu bringen, egal was andere \u00fcber uns denken m\u00f6gen.<\/p>\n<p>&nbsp;<\/p>\n<p>Wenn wir den Mut haben, wahrhaftig wir selbst zu sein, werden sich T\u00fcren \u00f6ffnen...<\/p>\n<p>&nbsp;<\/p>\n<p>Atme * Vertraue * Wisse * Empfange * Strahle * Liebe * Sei * Schwebe * Erlaube * \u00d6ffne Dich * Flie\u00dfe * Atme<\/p>\n<p>&nbsp;<\/p>\n<p><a href=\"https:\/\/www.youtube.com\/watch?v=ZSmmm3vu89Q\" target=\"_blank\" rel=\"noopener\">Schaue dir das Video zu dieser Klangheilung auf YouTube an<\/a><\/p>\n<p>&nbsp;<\/p>\n<p>F\u00fcr eine bessere Klangerfahrung empfehle ich es, Kopfh\u00f6rer oder gute Lautsprecher zu nutzen.<\/p>\n<p>&nbsp;<\/p>\n<p lang=\"en-US\">Du kannst dir diese Klangheilung kostenlos auf meiner Website, auf Soundcloud oder Youtube anh\u00f6ren. Wenn du sie allerdings als Mp3 Datei besitzen und meine Arbeit unterst\u00fctzen m\u00f6chtest, kannst du sie hier erwerben. Vielen Dank.<\/p>","protected":false},"excerpt":{"rendered":"<p>This is a channeled Light Language Sound Healing. As an Andromedan-Starseed I received these Andromedan Light Codes in the form [&hellip;]<\/p>\n","protected":false},"featured_media":6881,"template":"","meta":{"_acf_changed":false,"_mo_disable_npp":"","site-sidebar-layout":"default","site-content-layout":"default","ast-site-content-layout":"default","site-content-style":"default","site-sidebar-style":"default","ast-global-header-display":"","ast-banner-title-visibility":"","ast-main-header-display":"","ast-hfb-above-header-display":"","ast-hfb-below-header-display":"","ast-hfb-mobile-header-display":"","site-post-title":"","ast-breadcrumbs-content":"","ast-featured-img":"","footer-sml-layout":"","theme-transparent-header-meta":"default","adv-header-id-meta":"","stick-header-meta":"","header-above-stick-meta":"","header-main-stick-meta":"","header-below-stick-meta":"","astra-migrate-meta-layouts":"set","ast-page-background-enabled":"default","ast-page-background-meta":{"desktop":{"background-color":"","background-image":"","background-repeat":"repeat","background-position":"center center","background-size":"auto","background-attachment":"scroll","background-type":"","background-media":"","overlay-type":"","overlay-color":"","overlay-opacity":"","overlay-gradient":""},"tablet":{"background-color":"","background-image":"","background-repeat":"repeat","background-position":"center center","background-size":"auto","background-attachment":"scroll","background-type":"","background-media":"","overlay-type":"","overlay-color":"","overlay-opacity":"","overlay-gradient":""},"mobile":{"background-color":"","background-image":"","background-repeat":"repeat","background-position":"center center","background-size":"auto","background-attachment":"scroll","background-type":"","background-media":"","overlay-type":"","overlay-color":"","overlay-opacity":"","overlay-gradient":""}},"ast-content-background-meta":{"desktop":{"background-color":"var(--ast-global-color-5)","background-image":"","background-repeat":"repeat","background-position":"center center","background-size":"auto","background-attachment":"scroll","background-type":"","background-media":"","overlay-type":"","overlay-color":"","overlay-opacity":"","overlay-gradient":""},"tablet":{"background-color":"var(--ast-global-color-5)","background-image":"","background-repeat":"repeat","background-position":"center center","background-size":"auto","background-attachment":"scroll","background-type":"","background-media":"","overlay-type":"","overlay-color":"","overlay-opacity":"","overlay-gradient":""},"mobile":{"background-color":"var(--ast-global-color-5)","background-image":"","background-repeat":"repeat","background-position":"center center","background-size":"auto","background-attachment":"scroll","background-type":"","background-media":"","overlay-type":"","overlay-color":"","overlay-opacity":"","overlay-gradient":""}}},"product_brand":[],"product_cat":[69],"product_tag":[],"class_list":{"0":"post-4007","1":"product","2":"type-product","3":"status-publish","4":"has-post-thumbnail","6":"product_cat-music-2","7":"desktop-align-left","8":"tablet-align-left","9":"mobile-align-left","11":"first","12":"instock","13":"downloadable","14":"taxable","15":"shipping-taxable","16":"purchasable","17":"product-type-simple"},"acf":[],"yoast_head":"<!-- This site is optimized with the Yoast SEO plugin v27.5 - https:\/\/yoast.com\/product\/yoast-seo-wordpress\/ -->\n<title>Andromedan Light Codes - Marysol Ximenez-Carrillo<\/title>\n<meta name=\"description\" content=\"This is a channeled Light Language Sound Healing. As an Andromedan-Starseed I received these Andromedan Light Codes in the form of this Sound Healing Transm\" \/>\n<meta name=\"robots\" content=\"index, follow, max-snippet:-1, max-image-preview:large, max-video-preview:-1\" \/>\n<link rel=\"canonical\" href=\"https:\/\/marysol.vision\/de\/produkt\/andromedan-light-codes\/\" \/>\n<meta property=\"og:locale\" content=\"de_DE\" \/>\n<meta property=\"og:type\" content=\"article\" \/>\n<meta property=\"og:title\" content=\"Andromedan Light Codes - Marysol Ximenez-Carrillo\" \/>\n<meta property=\"og:description\" content=\"This is a channeled Light Language Sound Healing. As an Andromedan-Starseed I received these Andromedan Light Codes in the form of this Sound Healing Transm\" \/>\n<meta property=\"og:url\" content=\"https:\/\/marysol.vision\/de\/produkt\/andromedan-light-codes\/\" \/>\n<meta property=\"og:site_name\" content=\"Marysol Ximenez-Carrillo\" \/>\n<meta property=\"article:modified_time\" content=\"2025-01-08T13:34:09+00:00\" \/>\n<meta property=\"og:image\" content=\"https:\/\/marysol.vision\/wp-content\/uploads\/2022\/09\/Andromedan-Light-Codes-Thumbnail-NEW.png\" \/>\n\t<meta property=\"og:image:width\" content=\"1080\" \/>\n\t<meta property=\"og:image:height\" content=\"1080\" \/>\n\t<meta property=\"og:image:type\" content=\"image\/png\" \/>\n<meta name=\"twitter:card\" content=\"summary_large_image\" \/>\n<meta name=\"twitter:label1\" content=\"Gesch\u00e4tzte Lesezeit\" \/>\n\t<meta name=\"twitter:data1\" content=\"2\u00a0Minuten\" \/>\n<script type=\"application\/ld+json\" class=\"yoast-schema-graph\">{\"@context\":\"https:\\\/\\\/schema.org\",\"@graph\":[{\"@type\":\"WebPage\",\"@id\":\"https:\\\/\\\/marysol.vision\\\/product\\\/andromedan-light-codes\\\/\",\"url\":\"https:\\\/\\\/marysol.vision\\\/product\\\/andromedan-light-codes\\\/\",\"name\":\"Andromedan Light Codes - Marysol Ximenez-Carrillo\",\"isPartOf\":{\"@id\":\"https:\\\/\\\/marysol.vision\\\/#website\"},\"primaryImageOfPage\":{\"@id\":\"https:\\\/\\\/marysol.vision\\\/product\\\/andromedan-light-codes\\\/#primaryimage\"},\"image\":{\"@id\":\"https:\\\/\\\/marysol.vision\\\/product\\\/andromedan-light-codes\\\/#primaryimage\"},\"thumbnailUrl\":\"https:\\\/\\\/marysol.vision\\\/wp-content\\\/uploads\\\/2022\\\/09\\\/Andromedan-Light-Codes-Thumbnail-NEW.png\",\"datePublished\":\"2022-09-22T15:05:15+00:00\",\"dateModified\":\"2025-01-08T13:34:09+00:00\",\"description\":\"This is a channeled Light Language Sound Healing. As an Andromedan-Starseed I received these Andromedan Light Codes in the form of this Sound Healing Transm\",\"breadcrumb\":{\"@id\":\"https:\\\/\\\/marysol.vision\\\/product\\\/andromedan-light-codes\\\/#breadcrumb\"},\"inLanguage\":\"de\",\"potentialAction\":[{\"@type\":\"ReadAction\",\"target\":[\"https:\\\/\\\/marysol.vision\\\/product\\\/andromedan-light-codes\\\/\"]}]},{\"@type\":\"ImageObject\",\"inLanguage\":\"de\",\"@id\":\"https:\\\/\\\/marysol.vision\\\/product\\\/andromedan-light-codes\\\/#primaryimage\",\"url\":\"https:\\\/\\\/marysol.vision\\\/wp-content\\\/uploads\\\/2022\\\/09\\\/Andromedan-Light-Codes-Thumbnail-NEW.png\",\"contentUrl\":\"https:\\\/\\\/marysol.vision\\\/wp-content\\\/uploads\\\/2022\\\/09\\\/Andromedan-Light-Codes-Thumbnail-NEW.png\",\"width\":1080,\"height\":1080},{\"@type\":\"BreadcrumbList\",\"@id\":\"https:\\\/\\\/marysol.vision\\\/product\\\/andromedan-light-codes\\\/#breadcrumb\",\"itemListElement\":[{\"@type\":\"ListItem\",\"position\":1,\"name\":\"Home\",\"item\":\"https:\\\/\\\/marysol.vision\\\/\"},{\"@type\":\"ListItem\",\"position\":2,\"name\":\"Shop\",\"item\":\"https:\\\/\\\/marysol.vision\\\/shop-guided-meditations-music-for-the-soul-and-tickets-to-events\\\/\"},{\"@type\":\"ListItem\",\"position\":3,\"name\":\"Andromedan Light Codes\"}]},{\"@type\":\"WebSite\",\"@id\":\"https:\\\/\\\/marysol.vision\\\/#website\",\"url\":\"https:\\\/\\\/marysol.vision\\\/\",\"name\":\"Marysol\",\"description\":\"The Magical Sound of your Soul\",\"publisher\":{\"@id\":\"https:\\\/\\\/marysol.vision\\\/#\\\/schema\\\/person\\\/1605574c09e25800a8351bfd6ddd6a97\"},\"potentialAction\":[{\"@type\":\"SearchAction\",\"target\":{\"@type\":\"EntryPoint\",\"urlTemplate\":\"https:\\\/\\\/marysol.vision\\\/?s={search_term_string}\"},\"query-input\":{\"@type\":\"PropertyValueSpecification\",\"valueRequired\":true,\"valueName\":\"search_term_string\"}}],\"inLanguage\":\"de\"},{\"@type\":[\"Person\",\"Organization\"],\"@id\":\"https:\\\/\\\/marysol.vision\\\/#\\\/schema\\\/person\\\/1605574c09e25800a8351bfd6ddd6a97\",\"name\":\"Marysol Ximenez-Carrillo\",\"image\":{\"@type\":\"ImageObject\",\"inLanguage\":\"de\",\"@id\":\"https:\\\/\\\/marysol.vision\\\/wp-content\\\/uploads\\\/2021\\\/06\\\/marysol_logo_new.png\",\"url\":\"https:\\\/\\\/marysol.vision\\\/wp-content\\\/uploads\\\/2021\\\/06\\\/marysol_logo_new.png\",\"contentUrl\":\"https:\\\/\\\/marysol.vision\\\/wp-content\\\/uploads\\\/2021\\\/06\\\/marysol_logo_new.png\",\"width\":\"598\",\"height\":\"256\",\"caption\":\"Marysol Ximenez-Carrillo\"},\"logo\":{\"@id\":\"https:\\\/\\\/marysol.vision\\\/wp-content\\\/uploads\\\/2021\\\/06\\\/marysol_logo_new.png\"}}]}<\/script>\n<!-- \/ Yoast SEO plugin. -->","yoast_head_json":{"title":"Andromedan Light Codes - Marysol Ximenez-Carrillo","description":"This is a channeled Light Language Sound Healing. As an Andromedan-Starseed I received these Andromedan Light Codes in the form of this Sound Healing Transm","robots":{"index":"index","follow":"follow","max-snippet":"max-snippet:-1","max-image-preview":"max-image-preview:large","max-video-preview":"max-video-preview:-1"},"canonical":"https:\/\/marysol.vision\/de\/produkt\/andromedan-light-codes\/","og_locale":"de_DE","og_type":"article","og_title":"Andromedan Light Codes - Marysol Ximenez-Carrillo","og_description":"This is a channeled Light Language Sound Healing. As an Andromedan-Starseed I received these Andromedan Light Codes in the form of this Sound Healing Transm","og_url":"https:\/\/marysol.vision\/de\/produkt\/andromedan-light-codes\/","og_site_name":"Marysol Ximenez-Carrillo","article_modified_time":"2025-01-08T13:34:09+00:00","og_image":[{"width":1080,"height":1080,"url":"https:\/\/marysol.vision\/wp-content\/uploads\/2022\/09\/Andromedan-Light-Codes-Thumbnail-NEW.png","type":"image\/png"}],"twitter_card":"summary_large_image","twitter_misc":{"Gesch\u00e4tzte Lesezeit":"2\u00a0Minuten"},"schema":{"@context":"https:\/\/schema.org","@graph":[{"@type":"WebPage","@id":"https:\/\/marysol.vision\/product\/andromedan-light-codes\/","url":"https:\/\/marysol.vision\/product\/andromedan-light-codes\/","name":"Andromedan Light Codes - Marysol Ximenez-Carrillo","isPartOf":{"@id":"https:\/\/marysol.vision\/#website"},"primaryImageOfPage":{"@id":"https:\/\/marysol.vision\/product\/andromedan-light-codes\/#primaryimage"},"image":{"@id":"https:\/\/marysol.vision\/product\/andromedan-light-codes\/#primaryimage"},"thumbnailUrl":"https:\/\/marysol.vision\/wp-content\/uploads\/2022\/09\/Andromedan-Light-Codes-Thumbnail-NEW.png","datePublished":"2022-09-22T15:05:15+00:00","dateModified":"2025-01-08T13:34:09+00:00","description":"This is a channeled Light Language Sound Healing. As an Andromedan-Starseed I received these Andromedan Light Codes in the form of this Sound Healing Transm","breadcrumb":{"@id":"https:\/\/marysol.vision\/product\/andromedan-light-codes\/#breadcrumb"},"inLanguage":"de","potentialAction":[{"@type":"ReadAction","target":["https:\/\/marysol.vision\/product\/andromedan-light-codes\/"]}]},{"@type":"ImageObject","inLanguage":"de","@id":"https:\/\/marysol.vision\/product\/andromedan-light-codes\/#primaryimage","url":"https:\/\/marysol.vision\/wp-content\/uploads\/2022\/09\/Andromedan-Light-Codes-Thumbnail-NEW.png","contentUrl":"https:\/\/marysol.vision\/wp-content\/uploads\/2022\/09\/Andromedan-Light-Codes-Thumbnail-NEW.png","width":1080,"height":1080},{"@type":"BreadcrumbList","@id":"https:\/\/marysol.vision\/product\/andromedan-light-codes\/#breadcrumb","itemListElement":[{"@type":"ListItem","position":1,"name":"Home","item":"https:\/\/marysol.vision\/"},{"@type":"ListItem","position":2,"name":"Shop","item":"https:\/\/marysol.vision\/shop-guided-meditations-music-for-the-soul-and-tickets-to-events\/"},{"@type":"ListItem","position":3,"name":"Andromedan Light Codes"}]},{"@type":"WebSite","@id":"https:\/\/marysol.vision\/#website","url":"https:\/\/marysol.vision\/","name":"Marysol","description":"Der magische Klang deiner Seele","publisher":{"@id":"https:\/\/marysol.vision\/#\/schema\/person\/1605574c09e25800a8351bfd6ddd6a97"},"potentialAction":[{"@type":"SearchAction","target":{"@type":"EntryPoint","urlTemplate":"https:\/\/marysol.vision\/?s={search_term_string}"},"query-input":{"@type":"PropertyValueSpecification","valueRequired":true,"valueName":"search_term_string"}}],"inLanguage":"de"},{"@type":["Person","Organization"],"@id":"https:\/\/marysol.vision\/#\/schema\/person\/1605574c09e25800a8351bfd6ddd6a97","name":"Marysol Ximenez-Carrillo","image":{"@type":"ImageObject","inLanguage":"de","@id":"https:\/\/marysol.vision\/wp-content\/uploads\/2021\/06\/marysol_logo_new.png","url":"https:\/\/marysol.vision\/wp-content\/uploads\/2021\/06\/marysol_logo_new.png","contentUrl":"https:\/\/marysol.vision\/wp-content\/uploads\/2021\/06\/marysol_logo_new.png","width":"598","height":"256","caption":"Marysol Ximenez-Carrillo"},"logo":{"@id":"https:\/\/marysol.vision\/wp-content\/uploads\/2021\/06\/marysol_logo_new.png"}}]}},"_links":{"self":[{"href":"https:\/\/marysol.vision\/de\/wp-json\/wp\/v2\/product\/4007","targetHints":{"allow":["GET"]}}],"collection":[{"href":"https:\/\/marysol.vision\/de\/wp-json\/wp\/v2\/product"}],"about":[{"href":"https:\/\/marysol.vision\/de\/wp-json\/wp\/v2\/types\/product"}],"wp:featuredmedia":[{"embeddable":true,"href":"https:\/\/marysol.vision\/de\/wp-json\/wp\/v2\/media\/6881"}],"wp:attachment":[{"href":"https:\/\/marysol.vision\/de\/wp-json\/wp\/v2\/media?parent=4007"}],"wp:term":[{"taxonomy":"product_brand","embeddable":true,"href":"https:\/\/marysol.vision\/de\/wp-json\/wp\/v2\/product_brand?post=4007"},{"taxonomy":"product_cat","embeddable":true,"href":"https:\/\/marysol.vision\/de\/wp-json\/wp\/v2\/product_cat?post=4007"},{"taxonomy":"product_tag","embeddable":true,"href":"https:\/\/marysol.vision\/de\/wp-json\/wp\/v2\/product_tag?post=4007"}],"curies":[{"name":"wp","href":"https:\/\/api.w.org\/{rel}","templated":true}]}}