{"id":4533,"date":"2023-02-10T13:20:23","date_gmt":"2023-02-10T12:20:23","guid":{"rendered":"https:\/\/marysol.vision\/?post_type=product&#038;p=4533"},"modified":"2025-01-08T15:26:48","modified_gmt":"2025-01-08T13:26:48","slug":"female-ancestors-part-2","status":"publish","type":"product","link":"https:\/\/marysol.vision\/de\/produkt\/female-ancestors-part-2\/","title":{"rendered":"Female Ancestors Part 2"},"content":{"rendered":"<h2><span style=\"color: #830e21;\">Female Ancestors Part 2 &#8211; Sound Healing Transmission<\/span><\/h2>\n<p>&nbsp;<\/p>\n<p>Dies ist der zweite Teil der Weiblichen Ahnen Aufnahmen.<br \/>\nDu kannst dir die beiden Teile unabh\u00e4ngig voneinander oder hintereinander anh\u00f6ren (in der Reihenfolge, die dir am liebsten ist).<\/p>\n<p>&nbsp;<\/p>\n<p>Diese Klangheilung verbindet dich mit deiner weiblichen Ahnenreihe, insbesondere mit denen, die dich f\u00fchren\/leiten, und die magische Gaben und Talente haben.<\/p>\n<p>&nbsp;<\/p>\n<p>Manche dieser Ahnen sind wir, bzw. wir sind sie, denn die meisten von uns haben mehrfach in dieselbe Familien-Linie inkarniert.<\/p>\n<p>&nbsp;<\/p>\n<p>Diese Klangheilung ist sowohl f\u00fcr Frauen, als auch f\u00fcr M\u00e4nner, da die Zeit gekommen ist, dass wir alle unsere weibliche und m\u00e4nnliche Energie wieder in Balance bringen. \n\nDiese Klangheilung verbindet dich mit deiner weiblichen Ahnenreihe, mit deinem eigenen zu Hause in dir, mit der warmen, erdigen Energie und l\u00e4dt dich ein, dich deinem eigenen, inneren Wissen, den tiefen Wassern der Magie deiner Seele und deinen Gaben und Talenten hinzugeben.<\/p>\n<p>&nbsp;<\/p>\n<p>W\u00e4hrend du dich dieser Schwingung hingibst, erlaube dir im Scho\u00df der Sch\u00f6pfung gehalten zu werden, und erlaube dir mehr Fliessen und Leichtigkeit.<\/p>\n<p>&nbsp;<\/p>\n<p>Als ich diese Klangheilung empfangen und gesungen habe, sp\u00fcrte ich, wie ich mit nackten F\u00fc\u00dfen auf der warmen Erde im Dschungel stand, der Geruch des Regens in der Luft, tief verbunden mit der Erde und meiner g\u00f6ttlichen Weiblichkeit.<\/p>\n<p>&nbsp;<\/p>\n<p>F\u00fcr die beste Klangerfahrung empfehle ich es, Kopfh\u00f6rer oder gute Lautsprecher zu nutzen.<\/p>\n<p>&nbsp;<\/p>\n<p lang=\"en-US\">Du kannst dir diese Meditation kostenlos auf meiner Website, auf Soundcloud oder Youtube anh\u00f6ren. Wenn du sie allerdings als Mp3 Datei besitzen und meine Arbeit unterst\u00fctzen m\u00f6chtest, kannst du sie hier erwerben. Vielen Dank.<\/p>\n<p><a href=\"https:\/\/www.youtube.com\/watch?v=bzqqP2uQoT4\" target=\"_blank\" rel=\"noopener\">Schaue dir das Video auf YouTube an<\/a><\/p>","protected":false},"excerpt":{"rendered":"<p><span style=\"color: #bc9900;\">Reise nach innen, atme, tanke auf, heile<\/span><\/p>","protected":false},"featured_media":6873,"template":"","meta":{"_acf_changed":false,"_mo_disable_npp":"","site-sidebar-layout":"default","site-content-layout":"default","ast-site-content-layout":"default","site-content-style":"default","site-sidebar-style":"default","ast-global-header-display":"","ast-banner-title-visibility":"","ast-main-header-display":"","ast-hfb-above-header-display":"","ast-hfb-below-header-display":"","ast-hfb-mobile-header-display":"","site-post-title":"","ast-breadcrumbs-content":"","ast-featured-img":"","footer-sml-layout":"","theme-transparent-header-meta":"default","adv-header-id-meta":"","stick-header-meta":"","header-above-stick-meta":"","header-main-stick-meta":"","header-below-stick-meta":"","astra-migrate-meta-layouts":"set","ast-page-background-enabled":"default","ast-page-background-meta":{"desktop":{"background-color":"","background-image":"","background-repeat":"repeat","background-position":"center center","background-size":"auto","background-attachment":"scroll","background-type":"","background-media":"","overlay-type":"","overlay-color":"","overlay-opacity":"","overlay-gradient":""},"tablet":{"background-color":"","background-image":"","background-repeat":"repeat","background-position":"center center","background-size":"auto","background-attachment":"scroll","background-type":"","background-media":"","overlay-type":"","overlay-color":"","overlay-opacity":"","overlay-gradient":""},"mobile":{"background-color":"","background-image":"","background-repeat":"repeat","background-position":"center center","background-size":"auto","background-attachment":"scroll","background-type":"","background-media":"","overlay-type":"","overlay-color":"","overlay-opacity":"","overlay-gradient":""}},"ast-content-background-meta":{"desktop":{"background-color":"var(--ast-global-color-5)","background-image":"","background-repeat":"repeat","background-position":"center center","background-size":"auto","background-attachment":"scroll","background-type":"","background-media":"","overlay-type":"","overlay-color":"","overlay-opacity":"","overlay-gradient":""},"tablet":{"background-color":"var(--ast-global-color-5)","background-image":"","background-repeat":"repeat","background-position":"center center","background-size":"auto","background-attachment":"scroll","background-type":"","background-media":"","overlay-type":"","overlay-color":"","overlay-opacity":"","overlay-gradient":""},"mobile":{"background-color":"var(--ast-global-color-5)","background-image":"","background-repeat":"repeat","background-position":"center center","background-size":"auto","background-attachment":"scroll","background-type":"","background-media":"","overlay-type":"","overlay-color":"","overlay-opacity":"","overlay-gradient":""}}},"product_brand":[],"product_cat":[69],"product_tag":[],"class_list":{"0":"post-4533","1":"product","2":"type-product","3":"status-publish","4":"has-post-thumbnail","6":"product_cat-music-2","7":"desktop-align-left","8":"tablet-align-left","9":"mobile-align-left","11":"first","12":"instock","13":"downloadable","14":"taxable","15":"shipping-taxable","16":"purchasable","17":"product-type-simple"},"acf":[],"yoast_head":"<!-- This site is optimized with the Yoast SEO plugin v27.4 - https:\/\/yoast.com\/product\/yoast-seo-wordpress\/ -->\n<title>Female Ancestors Part 2 - Marysol Ximenez-Carrillo<\/title>\n<meta name=\"description\" content=\"This Female Ancestors Sound Healing Transmission connects you to your female ancestors, especially the ones guiding you and those holding magical gifts and\" \/>\n<meta name=\"robots\" content=\"index, follow, max-snippet:-1, max-image-preview:large, max-video-preview:-1\" \/>\n<link rel=\"canonical\" href=\"https:\/\/marysol.vision\/de\/produkt\/female-ancestors-part-2\/\" \/>\n<meta property=\"og:locale\" content=\"de_DE\" \/>\n<meta property=\"og:type\" content=\"article\" \/>\n<meta property=\"og:title\" content=\"Female Ancestors Part 2 - Marysol Ximenez-Carrillo\" \/>\n<meta property=\"og:description\" content=\"This Female Ancestors Sound Healing Transmission connects you to your female ancestors, especially the ones guiding you and those holding magical gifts and\" \/>\n<meta property=\"og:url\" content=\"https:\/\/marysol.vision\/de\/produkt\/female-ancestors-part-2\/\" \/>\n<meta property=\"og:site_name\" content=\"Marysol Ximenez-Carrillo\" \/>\n<meta property=\"article:modified_time\" content=\"2025-01-08T13:26:48+00:00\" \/>\n<meta property=\"og:image\" content=\"https:\/\/marysol.vision\/wp-content\/uploads\/2023\/02\/Female-Ancestor-Part-2-Thumbnail-NEW.png\" \/>\n\t<meta property=\"og:image:width\" content=\"1080\" \/>\n\t<meta property=\"og:image:height\" content=\"1080\" \/>\n\t<meta property=\"og:image:type\" content=\"image\/png\" \/>\n<meta name=\"twitter:card\" content=\"summary_large_image\" \/>\n<meta name=\"twitter:label1\" content=\"Gesch\u00e4tzte Lesezeit\" \/>\n\t<meta name=\"twitter:data1\" content=\"2\u00a0Minuten\" \/>\n<script type=\"application\/ld+json\" class=\"yoast-schema-graph\">{\"@context\":\"https:\\\/\\\/schema.org\",\"@graph\":[{\"@type\":\"WebPage\",\"@id\":\"https:\\\/\\\/marysol.vision\\\/product\\\/female-ancestors-part-2\\\/\",\"url\":\"https:\\\/\\\/marysol.vision\\\/product\\\/female-ancestors-part-2\\\/\",\"name\":\"Female Ancestors Part 2 - Marysol Ximenez-Carrillo\",\"isPartOf\":{\"@id\":\"https:\\\/\\\/marysol.vision\\\/#website\"},\"primaryImageOfPage\":{\"@id\":\"https:\\\/\\\/marysol.vision\\\/product\\\/female-ancestors-part-2\\\/#primaryimage\"},\"image\":{\"@id\":\"https:\\\/\\\/marysol.vision\\\/product\\\/female-ancestors-part-2\\\/#primaryimage\"},\"thumbnailUrl\":\"https:\\\/\\\/marysol.vision\\\/wp-content\\\/uploads\\\/2023\\\/02\\\/Female-Ancestor-Part-2-Thumbnail-NEW.png\",\"datePublished\":\"2023-02-10T12:20:23+00:00\",\"dateModified\":\"2025-01-08T13:26:48+00:00\",\"description\":\"This Female Ancestors Sound Healing Transmission connects you to your female ancestors, especially the ones guiding you and those holding magical gifts and\",\"breadcrumb\":{\"@id\":\"https:\\\/\\\/marysol.vision\\\/product\\\/female-ancestors-part-2\\\/#breadcrumb\"},\"inLanguage\":\"de\",\"potentialAction\":[{\"@type\":\"ReadAction\",\"target\":[\"https:\\\/\\\/marysol.vision\\\/product\\\/female-ancestors-part-2\\\/\"]}]},{\"@type\":\"ImageObject\",\"inLanguage\":\"de\",\"@id\":\"https:\\\/\\\/marysol.vision\\\/product\\\/female-ancestors-part-2\\\/#primaryimage\",\"url\":\"https:\\\/\\\/marysol.vision\\\/wp-content\\\/uploads\\\/2023\\\/02\\\/Female-Ancestor-Part-2-Thumbnail-NEW.png\",\"contentUrl\":\"https:\\\/\\\/marysol.vision\\\/wp-content\\\/uploads\\\/2023\\\/02\\\/Female-Ancestor-Part-2-Thumbnail-NEW.png\",\"width\":1080,\"height\":1080},{\"@type\":\"BreadcrumbList\",\"@id\":\"https:\\\/\\\/marysol.vision\\\/product\\\/female-ancestors-part-2\\\/#breadcrumb\",\"itemListElement\":[{\"@type\":\"ListItem\",\"position\":1,\"name\":\"Home\",\"item\":\"https:\\\/\\\/marysol.vision\\\/\"},{\"@type\":\"ListItem\",\"position\":2,\"name\":\"Shop\",\"item\":\"https:\\\/\\\/marysol.vision\\\/shop-guided-meditations-music-for-the-soul-and-tickets-to-events\\\/\"},{\"@type\":\"ListItem\",\"position\":3,\"name\":\"Female Ancestors Part 2\"}]},{\"@type\":\"WebSite\",\"@id\":\"https:\\\/\\\/marysol.vision\\\/#website\",\"url\":\"https:\\\/\\\/marysol.vision\\\/\",\"name\":\"Marysol\",\"description\":\"The Magical Sound of your Soul\",\"publisher\":{\"@id\":\"https:\\\/\\\/marysol.vision\\\/#\\\/schema\\\/person\\\/1605574c09e25800a8351bfd6ddd6a97\"},\"potentialAction\":[{\"@type\":\"SearchAction\",\"target\":{\"@type\":\"EntryPoint\",\"urlTemplate\":\"https:\\\/\\\/marysol.vision\\\/?s={search_term_string}\"},\"query-input\":{\"@type\":\"PropertyValueSpecification\",\"valueRequired\":true,\"valueName\":\"search_term_string\"}}],\"inLanguage\":\"de\"},{\"@type\":[\"Person\",\"Organization\"],\"@id\":\"https:\\\/\\\/marysol.vision\\\/#\\\/schema\\\/person\\\/1605574c09e25800a8351bfd6ddd6a97\",\"name\":\"Marysol Ximenez-Carrillo\",\"image\":{\"@type\":\"ImageObject\",\"inLanguage\":\"de\",\"@id\":\"https:\\\/\\\/marysol.vision\\\/wp-content\\\/uploads\\\/2021\\\/06\\\/marysol_logo_new.png\",\"url\":\"https:\\\/\\\/marysol.vision\\\/wp-content\\\/uploads\\\/2021\\\/06\\\/marysol_logo_new.png\",\"contentUrl\":\"https:\\\/\\\/marysol.vision\\\/wp-content\\\/uploads\\\/2021\\\/06\\\/marysol_logo_new.png\",\"width\":\"598\",\"height\":\"256\",\"caption\":\"Marysol Ximenez-Carrillo\"},\"logo\":{\"@id\":\"https:\\\/\\\/marysol.vision\\\/wp-content\\\/uploads\\\/2021\\\/06\\\/marysol_logo_new.png\"}}]}<\/script>\n<!-- \/ Yoast SEO plugin. -->","yoast_head_json":{"title":"Female Ancestors Part 2 - Marysol Ximenez-Carrillo","description":"This Female Ancestors Sound Healing Transmission connects you to your female ancestors, especially the ones guiding you and those holding magical gifts and","robots":{"index":"index","follow":"follow","max-snippet":"max-snippet:-1","max-image-preview":"max-image-preview:large","max-video-preview":"max-video-preview:-1"},"canonical":"https:\/\/marysol.vision\/de\/produkt\/female-ancestors-part-2\/","og_locale":"de_DE","og_type":"article","og_title":"Female Ancestors Part 2 - Marysol Ximenez-Carrillo","og_description":"This Female Ancestors Sound Healing Transmission connects you to your female ancestors, especially the ones guiding you and those holding magical gifts and","og_url":"https:\/\/marysol.vision\/de\/produkt\/female-ancestors-part-2\/","og_site_name":"Marysol Ximenez-Carrillo","article_modified_time":"2025-01-08T13:26:48+00:00","og_image":[{"width":1080,"height":1080,"url":"https:\/\/marysol.vision\/wp-content\/uploads\/2023\/02\/Female-Ancestor-Part-2-Thumbnail-NEW.png","type":"image\/png"}],"twitter_card":"summary_large_image","twitter_misc":{"Gesch\u00e4tzte Lesezeit":"2\u00a0Minuten"},"schema":{"@context":"https:\/\/schema.org","@graph":[{"@type":"WebPage","@id":"https:\/\/marysol.vision\/product\/female-ancestors-part-2\/","url":"https:\/\/marysol.vision\/product\/female-ancestors-part-2\/","name":"Female Ancestors Part 2 - Marysol Ximenez-Carrillo","isPartOf":{"@id":"https:\/\/marysol.vision\/#website"},"primaryImageOfPage":{"@id":"https:\/\/marysol.vision\/product\/female-ancestors-part-2\/#primaryimage"},"image":{"@id":"https:\/\/marysol.vision\/product\/female-ancestors-part-2\/#primaryimage"},"thumbnailUrl":"https:\/\/marysol.vision\/wp-content\/uploads\/2023\/02\/Female-Ancestor-Part-2-Thumbnail-NEW.png","datePublished":"2023-02-10T12:20:23+00:00","dateModified":"2025-01-08T13:26:48+00:00","description":"This Female Ancestors Sound Healing Transmission connects you to your female ancestors, especially the ones guiding you and those holding magical gifts and","breadcrumb":{"@id":"https:\/\/marysol.vision\/product\/female-ancestors-part-2\/#breadcrumb"},"inLanguage":"de","potentialAction":[{"@type":"ReadAction","target":["https:\/\/marysol.vision\/product\/female-ancestors-part-2\/"]}]},{"@type":"ImageObject","inLanguage":"de","@id":"https:\/\/marysol.vision\/product\/female-ancestors-part-2\/#primaryimage","url":"https:\/\/marysol.vision\/wp-content\/uploads\/2023\/02\/Female-Ancestor-Part-2-Thumbnail-NEW.png","contentUrl":"https:\/\/marysol.vision\/wp-content\/uploads\/2023\/02\/Female-Ancestor-Part-2-Thumbnail-NEW.png","width":1080,"height":1080},{"@type":"BreadcrumbList","@id":"https:\/\/marysol.vision\/product\/female-ancestors-part-2\/#breadcrumb","itemListElement":[{"@type":"ListItem","position":1,"name":"Home","item":"https:\/\/marysol.vision\/"},{"@type":"ListItem","position":2,"name":"Shop","item":"https:\/\/marysol.vision\/shop-guided-meditations-music-for-the-soul-and-tickets-to-events\/"},{"@type":"ListItem","position":3,"name":"Female Ancestors Part 2"}]},{"@type":"WebSite","@id":"https:\/\/marysol.vision\/#website","url":"https:\/\/marysol.vision\/","name":"Marysol","description":"Der magische Klang deiner Seele","publisher":{"@id":"https:\/\/marysol.vision\/#\/schema\/person\/1605574c09e25800a8351bfd6ddd6a97"},"potentialAction":[{"@type":"SearchAction","target":{"@type":"EntryPoint","urlTemplate":"https:\/\/marysol.vision\/?s={search_term_string}"},"query-input":{"@type":"PropertyValueSpecification","valueRequired":true,"valueName":"search_term_string"}}],"inLanguage":"de"},{"@type":["Person","Organization"],"@id":"https:\/\/marysol.vision\/#\/schema\/person\/1605574c09e25800a8351bfd6ddd6a97","name":"Marysol Ximenez-Carrillo","image":{"@type":"ImageObject","inLanguage":"de","@id":"https:\/\/marysol.vision\/wp-content\/uploads\/2021\/06\/marysol_logo_new.png","url":"https:\/\/marysol.vision\/wp-content\/uploads\/2021\/06\/marysol_logo_new.png","contentUrl":"https:\/\/marysol.vision\/wp-content\/uploads\/2021\/06\/marysol_logo_new.png","width":"598","height":"256","caption":"Marysol Ximenez-Carrillo"},"logo":{"@id":"https:\/\/marysol.vision\/wp-content\/uploads\/2021\/06\/marysol_logo_new.png"}}]}},"_links":{"self":[{"href":"https:\/\/marysol.vision\/de\/wp-json\/wp\/v2\/product\/4533","targetHints":{"allow":["GET"]}}],"collection":[{"href":"https:\/\/marysol.vision\/de\/wp-json\/wp\/v2\/product"}],"about":[{"href":"https:\/\/marysol.vision\/de\/wp-json\/wp\/v2\/types\/product"}],"wp:featuredmedia":[{"embeddable":true,"href":"https:\/\/marysol.vision\/de\/wp-json\/wp\/v2\/media\/6873"}],"wp:attachment":[{"href":"https:\/\/marysol.vision\/de\/wp-json\/wp\/v2\/media?parent=4533"}],"wp:term":[{"taxonomy":"product_brand","embeddable":true,"href":"https:\/\/marysol.vision\/de\/wp-json\/wp\/v2\/product_brand?post=4533"},{"taxonomy":"product_cat","embeddable":true,"href":"https:\/\/marysol.vision\/de\/wp-json\/wp\/v2\/product_cat?post=4533"},{"taxonomy":"product_tag","embeddable":true,"href":"https:\/\/marysol.vision\/de\/wp-json\/wp\/v2\/product_tag?post=4533"}],"curies":[{"name":"wp","href":"https:\/\/api.w.org\/{rel}","templated":true}]}}