{"id":4733,"date":"2023-04-25T15:32:06","date_gmt":"2023-04-25T14:32:06","guid":{"rendered":"https:\/\/marysol.vision\/?post_type=product&#038;p=4733"},"modified":"2025-01-08T15:21:05","modified_gmt":"2025-01-08T13:21:05","slug":"5d-fulle-meditation","status":"publish","type":"product","link":"https:\/\/marysol.vision\/de\/produkt\/5d-fulle-meditation\/","title":{"rendered":"5D &#8211; F\u00fclle Meditation"},"content":{"rendered":"<p>Dies ist eine gef\u00fchrte Meditation, um dein Sein und dein Bewusstsein zu erweitern, dich tief mit deinem unendlichen Potential zu verbinden, und deine goldenen Kan\u00e4le der F\u00fclle zu \u00f6ffnen, welche tief in das Quantenfeld hinein flie\u00dfen.<\/p>\n<p>&nbsp;<\/p>\n<p>Du \u00f6ffnest deinen goldenen Kanal in dir und verankerst diesen in der Erde und im kristallinen Gitter der Erde.<\/p>\n<p>&nbsp;<\/p>\n<p>Der aufgestiegene Meister St. Germaine ist dir dabei behilflich, deinen goldenen Licht-Kanal zu reinigen und zu kl\u00e4ren, und alle verhafteten, dichten Energien, alles, was dir nicht dienlich ist, aufzul\u00f6sen.<\/p>\n<p>&nbsp;<\/p>\n<p>Aus der Unterseite deines goldenen Kanals flie\u00dfen unendlich viele goldenen Lichtstrahlen in die Erde hinein, w\u00e4hrend zur selben Zeit unz\u00e4hlige dieser goldenen Lichtstrahlen ganz oben aus deinem Kanal in den Kosmos und das Quantenfeld flie\u00dfen, und dich mit unendlichen M\u00f6glichkeiten, deinem grenzenlosen Potential und F\u00fclle verbinden.<\/p>\n<p>&nbsp;<\/p>\n<p>Durch deinen Herzschlag und die Ausdehnung der Schwingung deines Herzen-Feldes in den Kosmos hinein, flie\u00dft unendliche F\u00fclle und Liebe zu dir, durch deine Kan\u00e4le von goldenem Licht.<\/p>\n<p>&nbsp;<\/p>\n<p>Du l\u00f6schst und zerrei\u00dft alle Gel\u00fcbde\/Vertr\u00e4ge in Bezug auf Mangel und Armut, die eventuell noch in deinem Feld oder deinen Ahnenreihen aktiv sind.<\/p>\n<p>&nbsp;<\/p>\n<p>W\u00e4hrend wir in eine neue Zeit des Lichts kommen, lasse alle Energien des Erzwingen-wollens und Druck los, und erlaube dir dein Leben mit mehr Freude und Flie\u00dfen-lassen zu gestalten. Das mag im Alltag oft herausfordernd sein, aber es beginnt immer mit den \u201ekleinen\u201c Dingen. Und dann beginnt die Ver\u00e4nderung.<\/p>\n<p>&nbsp;<\/p>\n<p>F\u00fcr eine bessere Klangerfahrung empfehle ich es, Kopfh\u00f6rer oder gute Lautsprecher zu nutzen.<\/p>\n<p>&nbsp;<\/p>\n<p>Du kannst dir diese Klangheilung kostenlos auf meiner Website, auf Soundcloud oder Youtube anh\u00f6ren. Wenn du sie allerdings als Mp3 Datei besitzen und meine Arbeit unterst\u00fctzen m\u00f6chtest, kannst du sie hier erwerben. Vielen Dank.<\/p>\n<p>&nbsp;<\/p>\n<p>Musik und Meditation komponiert und kreiert von: Marysol Ximenez-Carrillo<br \/>\nCopyright: Marysol Ximenez-Carrillo<\/p>\n<p>&nbsp;<\/p>\n<p>Gemaltes, rot\/goldenes Heil-Symbol:<\/p>\n<p><a href=\"https:\/\/www.wera-fengler.com\" target=\"_blank\" rel=\"noopener\">Wera Fengler<\/a><\/p>\n<p>Wera Fengler ist Symbolheilk\u00fcnstlerin Spurenleserin der Seele und bietet in ihrer Praxis und telefonisch heilsame Seelenreisen an.<\/p>\n<p>&nbsp;<\/p>\n<p>In ihrem Online Shop kannst du ein Kartenset mit 44 hochschwingenden Symbolen bestellen (Symbolkraft Untersetzer), welche dein Wasser mit den hochschwingenden Informationen der einzelnen Symbole informieren.<\/p>\n<p>&nbsp;<\/p>\n<p>Du kannst auch dein ganz pers\u00f6nliches Seelensymbol mit Botschaft in Auftrag geben.<\/p>\n<p>&nbsp;<\/p>\n<p>Ich sch\u00e4tze Weras Arbeit sehr und kann alles, was sie anbietet, von ganzem Herzen empfehlen.<\/p>","protected":false},"excerpt":{"rendered":"<p>Dies ist eine gef\u00fchrte Meditation, um dein Sein und dein Bewusstsein zu erweitern, dich tief mit deinem unendlichen Potential zu [&hellip;]<\/p>\n","protected":false},"featured_media":6870,"template":"","meta":{"_acf_changed":false,"_mo_disable_npp":"","site-sidebar-layout":"default","site-content-layout":"default","ast-site-content-layout":"default","site-content-style":"default","site-sidebar-style":"default","ast-global-header-display":"","ast-banner-title-visibility":"","ast-main-header-display":"","ast-hfb-above-header-display":"","ast-hfb-below-header-display":"","ast-hfb-mobile-header-display":"","site-post-title":"","ast-breadcrumbs-content":"","ast-featured-img":"","footer-sml-layout":"","theme-transparent-header-meta":"default","adv-header-id-meta":"","stick-header-meta":"","header-above-stick-meta":"","header-main-stick-meta":"","header-below-stick-meta":"","astra-migrate-meta-layouts":"set","ast-page-background-enabled":"default","ast-page-background-meta":{"desktop":{"background-color":"","background-image":"","background-repeat":"repeat","background-position":"center center","background-size":"auto","background-attachment":"scroll","background-type":"","background-media":"","overlay-type":"","overlay-color":"","overlay-opacity":"","overlay-gradient":""},"tablet":{"background-color":"","background-image":"","background-repeat":"repeat","background-position":"center center","background-size":"auto","background-attachment":"scroll","background-type":"","background-media":"","overlay-type":"","overlay-color":"","overlay-opacity":"","overlay-gradient":""},"mobile":{"background-color":"","background-image":"","background-repeat":"repeat","background-position":"center center","background-size":"auto","background-attachment":"scroll","background-type":"","background-media":"","overlay-type":"","overlay-color":"","overlay-opacity":"","overlay-gradient":""}},"ast-content-background-meta":{"desktop":{"background-color":"var(--ast-global-color-5)","background-image":"","background-repeat":"repeat","background-position":"center center","background-size":"auto","background-attachment":"scroll","background-type":"","background-media":"","overlay-type":"","overlay-color":"","overlay-opacity":"","overlay-gradient":""},"tablet":{"background-color":"var(--ast-global-color-5)","background-image":"","background-repeat":"repeat","background-position":"center center","background-size":"auto","background-attachment":"scroll","background-type":"","background-media":"","overlay-type":"","overlay-color":"","overlay-opacity":"","overlay-gradient":""},"mobile":{"background-color":"var(--ast-global-color-5)","background-image":"","background-repeat":"repeat","background-position":"center center","background-size":"auto","background-attachment":"scroll","background-type":"","background-media":"","overlay-type":"","overlay-color":"","overlay-opacity":"","overlay-gradient":""}}},"product_brand":[],"product_cat":[64],"product_tag":[],"class_list":{"0":"post-4733","1":"product","2":"type-product","3":"status-publish","4":"has-post-thumbnail","6":"product_cat-meditations-in-german","7":"desktop-align-left","8":"tablet-align-left","9":"mobile-align-left","11":"first","12":"instock","13":"downloadable","14":"taxable","15":"shipping-taxable","16":"purchasable","17":"product-type-simple"},"acf":[],"yoast_head":"<!-- This site is optimized with the Yoast SEO plugin v27.4 - https:\/\/yoast.com\/product\/yoast-seo-wordpress\/ -->\n<title>5D - F\u00fclle Meditation - Marysol Ximenez-Carrillo<\/title>\n<meta name=\"description\" content=\"Dies ist eine gef\u00fchrte Meditation, um dein Sein und dein Bewusstsein zu erweitern, dich tief mit deinem unendlichen Potential zu verbinden, und deine goldene\" \/>\n<meta name=\"robots\" content=\"index, follow, max-snippet:-1, max-image-preview:large, max-video-preview:-1\" \/>\n<link rel=\"canonical\" href=\"https:\/\/marysol.vision\/de\/produkt\/5d-fulle-meditation\/\" \/>\n<meta property=\"og:locale\" content=\"de_DE\" \/>\n<meta property=\"og:type\" content=\"article\" \/>\n<meta property=\"og:title\" content=\"5D - F\u00fclle Meditation - Marysol Ximenez-Carrillo\" \/>\n<meta property=\"og:description\" content=\"Dies ist eine gef\u00fchrte Meditation, um dein Sein und dein Bewusstsein zu erweitern, dich tief mit deinem unendlichen Potential zu verbinden, und deine goldene\" \/>\n<meta property=\"og:url\" content=\"https:\/\/marysol.vision\/de\/produkt\/5d-fulle-meditation\/\" \/>\n<meta property=\"og:site_name\" content=\"Marysol Ximenez-Carrillo\" \/>\n<meta property=\"article:modified_time\" content=\"2025-01-08T13:21:05+00:00\" \/>\n<meta property=\"og:image\" content=\"https:\/\/marysol.vision\/wp-content\/uploads\/2023\/04\/5D-Fulle-Meditation-Thumbnail-DE-NEW.png\" \/>\n\t<meta property=\"og:image:width\" content=\"1080\" \/>\n\t<meta property=\"og:image:height\" content=\"1080\" \/>\n\t<meta property=\"og:image:type\" content=\"image\/png\" \/>\n<meta name=\"twitter:card\" content=\"summary_large_image\" \/>\n<meta name=\"twitter:label1\" content=\"Gesch\u00e4tzte Lesezeit\" \/>\n\t<meta name=\"twitter:data1\" content=\"2\u00a0Minuten\" \/>\n<script type=\"application\/ld+json\" class=\"yoast-schema-graph\">{\"@context\":\"https:\\\/\\\/schema.org\",\"@graph\":[{\"@type\":\"WebPage\",\"@id\":\"https:\\\/\\\/marysol.vision\\\/product\\\/5d-fulle-meditation\\\/\",\"url\":\"https:\\\/\\\/marysol.vision\\\/product\\\/5d-fulle-meditation\\\/\",\"name\":\"5D - F\u00fclle Meditation - Marysol Ximenez-Carrillo\",\"isPartOf\":{\"@id\":\"https:\\\/\\\/marysol.vision\\\/#website\"},\"primaryImageOfPage\":{\"@id\":\"https:\\\/\\\/marysol.vision\\\/product\\\/5d-fulle-meditation\\\/#primaryimage\"},\"image\":{\"@id\":\"https:\\\/\\\/marysol.vision\\\/product\\\/5d-fulle-meditation\\\/#primaryimage\"},\"thumbnailUrl\":\"https:\\\/\\\/marysol.vision\\\/wp-content\\\/uploads\\\/2023\\\/04\\\/5D-Fulle-Meditation-Thumbnail-DE-NEW.png\",\"datePublished\":\"2023-04-25T14:32:06+00:00\",\"dateModified\":\"2025-01-08T13:21:05+00:00\",\"description\":\"Dies ist eine gef\u00fchrte Meditation, um dein Sein und dein Bewusstsein zu erweitern, dich tief mit deinem unendlichen Potential zu verbinden, und deine goldene\",\"breadcrumb\":{\"@id\":\"https:\\\/\\\/marysol.vision\\\/product\\\/5d-fulle-meditation\\\/#breadcrumb\"},\"inLanguage\":\"de\",\"potentialAction\":[{\"@type\":\"ReadAction\",\"target\":[\"https:\\\/\\\/marysol.vision\\\/product\\\/5d-fulle-meditation\\\/\"]}]},{\"@type\":\"ImageObject\",\"inLanguage\":\"de\",\"@id\":\"https:\\\/\\\/marysol.vision\\\/product\\\/5d-fulle-meditation\\\/#primaryimage\",\"url\":\"https:\\\/\\\/marysol.vision\\\/wp-content\\\/uploads\\\/2023\\\/04\\\/5D-Fulle-Meditation-Thumbnail-DE-NEW.png\",\"contentUrl\":\"https:\\\/\\\/marysol.vision\\\/wp-content\\\/uploads\\\/2023\\\/04\\\/5D-Fulle-Meditation-Thumbnail-DE-NEW.png\",\"width\":1080,\"height\":1080},{\"@type\":\"BreadcrumbList\",\"@id\":\"https:\\\/\\\/marysol.vision\\\/product\\\/5d-fulle-meditation\\\/#breadcrumb\",\"itemListElement\":[{\"@type\":\"ListItem\",\"position\":1,\"name\":\"Home\",\"item\":\"https:\\\/\\\/marysol.vision\\\/\"},{\"@type\":\"ListItem\",\"position\":2,\"name\":\"Shop\",\"item\":\"https:\\\/\\\/marysol.vision\\\/shop-guided-meditations-music-for-the-soul-and-tickets-to-events\\\/\"},{\"@type\":\"ListItem\",\"position\":3,\"name\":\"5D &#8211; F\u00fclle Meditation\"}]},{\"@type\":\"WebSite\",\"@id\":\"https:\\\/\\\/marysol.vision\\\/#website\",\"url\":\"https:\\\/\\\/marysol.vision\\\/\",\"name\":\"Marysol\",\"description\":\"The Magical Sound of your Soul\",\"publisher\":{\"@id\":\"https:\\\/\\\/marysol.vision\\\/#\\\/schema\\\/person\\\/1605574c09e25800a8351bfd6ddd6a97\"},\"potentialAction\":[{\"@type\":\"SearchAction\",\"target\":{\"@type\":\"EntryPoint\",\"urlTemplate\":\"https:\\\/\\\/marysol.vision\\\/?s={search_term_string}\"},\"query-input\":{\"@type\":\"PropertyValueSpecification\",\"valueRequired\":true,\"valueName\":\"search_term_string\"}}],\"inLanguage\":\"de\"},{\"@type\":[\"Person\",\"Organization\"],\"@id\":\"https:\\\/\\\/marysol.vision\\\/#\\\/schema\\\/person\\\/1605574c09e25800a8351bfd6ddd6a97\",\"name\":\"Marysol Ximenez-Carrillo\",\"image\":{\"@type\":\"ImageObject\",\"inLanguage\":\"de\",\"@id\":\"https:\\\/\\\/marysol.vision\\\/wp-content\\\/uploads\\\/2021\\\/06\\\/marysol_logo_new.png\",\"url\":\"https:\\\/\\\/marysol.vision\\\/wp-content\\\/uploads\\\/2021\\\/06\\\/marysol_logo_new.png\",\"contentUrl\":\"https:\\\/\\\/marysol.vision\\\/wp-content\\\/uploads\\\/2021\\\/06\\\/marysol_logo_new.png\",\"width\":\"598\",\"height\":\"256\",\"caption\":\"Marysol Ximenez-Carrillo\"},\"logo\":{\"@id\":\"https:\\\/\\\/marysol.vision\\\/wp-content\\\/uploads\\\/2021\\\/06\\\/marysol_logo_new.png\"}}]}<\/script>\n<!-- \/ Yoast SEO plugin. -->","yoast_head_json":{"title":"5D - F\u00fclle Meditation - Marysol Ximenez-Carrillo","description":"Dies ist eine gef\u00fchrte Meditation, um dein Sein und dein Bewusstsein zu erweitern, dich tief mit deinem unendlichen Potential zu verbinden, und deine goldene","robots":{"index":"index","follow":"follow","max-snippet":"max-snippet:-1","max-image-preview":"max-image-preview:large","max-video-preview":"max-video-preview:-1"},"canonical":"https:\/\/marysol.vision\/de\/produkt\/5d-fulle-meditation\/","og_locale":"de_DE","og_type":"article","og_title":"5D - F\u00fclle Meditation - Marysol Ximenez-Carrillo","og_description":"Dies ist eine gef\u00fchrte Meditation, um dein Sein und dein Bewusstsein zu erweitern, dich tief mit deinem unendlichen Potential zu verbinden, und deine goldene","og_url":"https:\/\/marysol.vision\/de\/produkt\/5d-fulle-meditation\/","og_site_name":"Marysol Ximenez-Carrillo","article_modified_time":"2025-01-08T13:21:05+00:00","og_image":[{"width":1080,"height":1080,"url":"https:\/\/marysol.vision\/wp-content\/uploads\/2023\/04\/5D-Fulle-Meditation-Thumbnail-DE-NEW.png","type":"image\/png"}],"twitter_card":"summary_large_image","twitter_misc":{"Gesch\u00e4tzte Lesezeit":"2\u00a0Minuten"},"schema":{"@context":"https:\/\/schema.org","@graph":[{"@type":"WebPage","@id":"https:\/\/marysol.vision\/product\/5d-fulle-meditation\/","url":"https:\/\/marysol.vision\/product\/5d-fulle-meditation\/","name":"5D - F\u00fclle Meditation - Marysol Ximenez-Carrillo","isPartOf":{"@id":"https:\/\/marysol.vision\/#website"},"primaryImageOfPage":{"@id":"https:\/\/marysol.vision\/product\/5d-fulle-meditation\/#primaryimage"},"image":{"@id":"https:\/\/marysol.vision\/product\/5d-fulle-meditation\/#primaryimage"},"thumbnailUrl":"https:\/\/marysol.vision\/wp-content\/uploads\/2023\/04\/5D-Fulle-Meditation-Thumbnail-DE-NEW.png","datePublished":"2023-04-25T14:32:06+00:00","dateModified":"2025-01-08T13:21:05+00:00","description":"Dies ist eine gef\u00fchrte Meditation, um dein Sein und dein Bewusstsein zu erweitern, dich tief mit deinem unendlichen Potential zu verbinden, und deine goldene","breadcrumb":{"@id":"https:\/\/marysol.vision\/product\/5d-fulle-meditation\/#breadcrumb"},"inLanguage":"de","potentialAction":[{"@type":"ReadAction","target":["https:\/\/marysol.vision\/product\/5d-fulle-meditation\/"]}]},{"@type":"ImageObject","inLanguage":"de","@id":"https:\/\/marysol.vision\/product\/5d-fulle-meditation\/#primaryimage","url":"https:\/\/marysol.vision\/wp-content\/uploads\/2023\/04\/5D-Fulle-Meditation-Thumbnail-DE-NEW.png","contentUrl":"https:\/\/marysol.vision\/wp-content\/uploads\/2023\/04\/5D-Fulle-Meditation-Thumbnail-DE-NEW.png","width":1080,"height":1080},{"@type":"BreadcrumbList","@id":"https:\/\/marysol.vision\/product\/5d-fulle-meditation\/#breadcrumb","itemListElement":[{"@type":"ListItem","position":1,"name":"Home","item":"https:\/\/marysol.vision\/"},{"@type":"ListItem","position":2,"name":"Shop","item":"https:\/\/marysol.vision\/shop-guided-meditations-music-for-the-soul-and-tickets-to-events\/"},{"@type":"ListItem","position":3,"name":"5D &#8211; F\u00fclle Meditation"}]},{"@type":"WebSite","@id":"https:\/\/marysol.vision\/#website","url":"https:\/\/marysol.vision\/","name":"Marysol","description":"Der magische Klang deiner Seele","publisher":{"@id":"https:\/\/marysol.vision\/#\/schema\/person\/1605574c09e25800a8351bfd6ddd6a97"},"potentialAction":[{"@type":"SearchAction","target":{"@type":"EntryPoint","urlTemplate":"https:\/\/marysol.vision\/?s={search_term_string}"},"query-input":{"@type":"PropertyValueSpecification","valueRequired":true,"valueName":"search_term_string"}}],"inLanguage":"de"},{"@type":["Person","Organization"],"@id":"https:\/\/marysol.vision\/#\/schema\/person\/1605574c09e25800a8351bfd6ddd6a97","name":"Marysol Ximenez-Carrillo","image":{"@type":"ImageObject","inLanguage":"de","@id":"https:\/\/marysol.vision\/wp-content\/uploads\/2021\/06\/marysol_logo_new.png","url":"https:\/\/marysol.vision\/wp-content\/uploads\/2021\/06\/marysol_logo_new.png","contentUrl":"https:\/\/marysol.vision\/wp-content\/uploads\/2021\/06\/marysol_logo_new.png","width":"598","height":"256","caption":"Marysol Ximenez-Carrillo"},"logo":{"@id":"https:\/\/marysol.vision\/wp-content\/uploads\/2021\/06\/marysol_logo_new.png"}}]}},"_links":{"self":[{"href":"https:\/\/marysol.vision\/de\/wp-json\/wp\/v2\/product\/4733","targetHints":{"allow":["GET"]}}],"collection":[{"href":"https:\/\/marysol.vision\/de\/wp-json\/wp\/v2\/product"}],"about":[{"href":"https:\/\/marysol.vision\/de\/wp-json\/wp\/v2\/types\/product"}],"wp:featuredmedia":[{"embeddable":true,"href":"https:\/\/marysol.vision\/de\/wp-json\/wp\/v2\/media\/6870"}],"wp:attachment":[{"href":"https:\/\/marysol.vision\/de\/wp-json\/wp\/v2\/media?parent=4733"}],"wp:term":[{"taxonomy":"product_brand","embeddable":true,"href":"https:\/\/marysol.vision\/de\/wp-json\/wp\/v2\/product_brand?post=4733"},{"taxonomy":"product_cat","embeddable":true,"href":"https:\/\/marysol.vision\/de\/wp-json\/wp\/v2\/product_cat?post=4733"},{"taxonomy":"product_tag","embeddable":true,"href":"https:\/\/marysol.vision\/de\/wp-json\/wp\/v2\/product_tag?post=4733"}],"curies":[{"name":"wp","href":"https:\/\/api.w.org\/{rel}","templated":true}]}}