{"id":5181,"date":"2023-09-19T14:43:46","date_gmt":"2023-09-19T13:43:46","guid":{"rendered":"https:\/\/marysol.vision\/?post_type=product&#038;p=5181"},"modified":"2025-01-08T15:16:14","modified_gmt":"2025-01-08T13:16:14","slug":"quan-yin-meditation","status":"publish","type":"product","link":"https:\/\/marysol.vision\/de\/produkt\/quan-yin-meditation\/","title":{"rendered":"Quan Yin Meditation"},"content":{"rendered":"<p>Dies ist eine gef\u00fchrte Meditation mit Klangheilung, um dich energetisch zu reinigen, zu heilen, zu entspannen und aufzutanken.<\/p>\n<p>&nbsp;<\/p>\n<p>Reise an einen wundersch\u00f6nen Ort, und erlaube dir in der n\u00e4hrenden, liebevollen, und mitf\u00fchlenden Schwingung von der G\u00f6ttin Quan Yin \u2013 die G\u00f6ttin der Liebe, Gnade und des Mitgef\u00fchls &#8211; gehalten zu werden.<\/p>\n<p>&nbsp;<\/p>\n<p>Erlaube dir alle Schwere loszulassen, empfange hoch schwingendes Licht, welches in deinen K\u00f6rper und dein Sein flie\u00dft, sowie ein Geschenk von Licht und Klang von der wundersch\u00f6nen G\u00f6ttin Quan Yin.<\/p>\n<p>&nbsp;<\/p>\n<p>Die tiefgreifende Transformation, welche die Erde und Menschheit gerade erleben, dr\u00e4ngt uns alle dazu, noch tiefer zu gehen.<\/p>\n<p>&nbsp;<\/p>\n<p>Sei gut und liebevoll zu dir. Diese Zeiten sind wirklich au\u00dfergew\u00f6hnlich!<\/p>\n<p>&nbsp;<\/p>\n<p>F\u00fcr eine bessere Klangerfahrung empfehle ich es, Kopfh\u00f6rer oder gute Lautsprecher zu nutzen.<\/p>\n<p>&nbsp;<\/p>\n<p>Du kannst dir diese Klangheilung kostenlos auf meiner Website, auf Soundcloud oder Youtube anh\u00f6ren. Wenn du sie allerdings als Mp3 Datei besitzen und meine Arbeit unterst\u00fctzen m\u00f6chtest, kannst du sie hier erwerben. Vielen Dank.<\/p>\n<p>&nbsp;<\/p>\n<p>Musik und Meditation komponiert und kreiert von: Marysol Ximenez-Carrillo<br \/>\nCopyright: Marysol Ximenez-Carrillo<\/p>","protected":false},"excerpt":{"rendered":"<p><span style=\"color: #bc9900;\">Gef\u00fchrte Meditation mit Klangheilung<\/span><\/p>","protected":false},"featured_media":6867,"template":"","meta":{"_acf_changed":false,"_mo_disable_npp":"","site-sidebar-layout":"default","site-content-layout":"default","ast-site-content-layout":"default","site-content-style":"default","site-sidebar-style":"default","ast-global-header-display":"","ast-banner-title-visibility":"","ast-main-header-display":"","ast-hfb-above-header-display":"","ast-hfb-below-header-display":"","ast-hfb-mobile-header-display":"","site-post-title":"","ast-breadcrumbs-content":"","ast-featured-img":"","footer-sml-layout":"","theme-transparent-header-meta":"default","adv-header-id-meta":"","stick-header-meta":"","header-above-stick-meta":"","header-main-stick-meta":"","header-below-stick-meta":"","astra-migrate-meta-layouts":"set","ast-page-background-enabled":"default","ast-page-background-meta":{"desktop":{"background-color":"","background-image":"","background-repeat":"repeat","background-position":"center center","background-size":"auto","background-attachment":"scroll","background-type":"","background-media":"","overlay-type":"","overlay-color":"","overlay-opacity":"","overlay-gradient":""},"tablet":{"background-color":"","background-image":"","background-repeat":"repeat","background-position":"center center","background-size":"auto","background-attachment":"scroll","background-type":"","background-media":"","overlay-type":"","overlay-color":"","overlay-opacity":"","overlay-gradient":""},"mobile":{"background-color":"","background-image":"","background-repeat":"repeat","background-position":"center center","background-size":"auto","background-attachment":"scroll","background-type":"","background-media":"","overlay-type":"","overlay-color":"","overlay-opacity":"","overlay-gradient":""}},"ast-content-background-meta":{"desktop":{"background-color":"var(--ast-global-color-5)","background-image":"","background-repeat":"repeat","background-position":"center center","background-size":"auto","background-attachment":"scroll","background-type":"","background-media":"","overlay-type":"","overlay-color":"","overlay-opacity":"","overlay-gradient":""},"tablet":{"background-color":"var(--ast-global-color-5)","background-image":"","background-repeat":"repeat","background-position":"center center","background-size":"auto","background-attachment":"scroll","background-type":"","background-media":"","overlay-type":"","overlay-color":"","overlay-opacity":"","overlay-gradient":""},"mobile":{"background-color":"var(--ast-global-color-5)","background-image":"","background-repeat":"repeat","background-position":"center center","background-size":"auto","background-attachment":"scroll","background-type":"","background-media":"","overlay-type":"","overlay-color":"","overlay-opacity":"","overlay-gradient":""}}},"product_brand":[],"product_cat":[64],"product_tag":[],"class_list":{"0":"post-5181","1":"product","2":"type-product","3":"status-publish","4":"has-post-thumbnail","6":"product_cat-meditations-in-german","7":"desktop-align-left","8":"tablet-align-left","9":"mobile-align-left","11":"first","12":"instock","13":"downloadable","14":"taxable","15":"shipping-taxable","16":"purchasable","17":"product-type-simple"},"acf":[],"yoast_head":"<!-- This site is optimized with the Yoast SEO plugin v27.4 - https:\/\/yoast.com\/product\/yoast-seo-wordpress\/ -->\n<title>Quan Yin Meditation - Marysol Ximenez-Carrillo<\/title>\n<meta name=\"description\" content=\"Reise an einen wundersch\u00f6nen Ort, und erlaube dir in der n\u00e4hrenden, liebevollen, und mitf\u00fchlenden Schwingung von der G\u00f6ttin Quan Yin \u2013 die G\u00f6ttin der Liebe, Gnade\" \/>\n<meta name=\"robots\" content=\"index, follow, max-snippet:-1, max-image-preview:large, max-video-preview:-1\" \/>\n<link rel=\"canonical\" href=\"https:\/\/marysol.vision\/de\/produkt\/quan-yin-meditation\/\" \/>\n<meta property=\"og:locale\" content=\"de_DE\" \/>\n<meta property=\"og:type\" content=\"article\" \/>\n<meta property=\"og:title\" content=\"Quan Yin Meditation - Marysol Ximenez-Carrillo\" \/>\n<meta property=\"og:description\" content=\"Reise an einen wundersch\u00f6nen Ort, und erlaube dir in der n\u00e4hrenden, liebevollen, und mitf\u00fchlenden Schwingung von der G\u00f6ttin Quan Yin \u2013 die G\u00f6ttin der Liebe, Gnade\" \/>\n<meta property=\"og:url\" content=\"https:\/\/marysol.vision\/de\/produkt\/quan-yin-meditation\/\" \/>\n<meta property=\"og:site_name\" content=\"Marysol Ximenez-Carrillo\" \/>\n<meta property=\"article:modified_time\" content=\"2025-01-08T13:16:14+00:00\" \/>\n<meta property=\"og:image\" content=\"https:\/\/marysol.vision\/wp-content\/uploads\/2023\/09\/Quan-Yin-Meditation-Thumbnail-DE-NEW.png\" \/>\n\t<meta property=\"og:image:width\" content=\"1080\" \/>\n\t<meta property=\"og:image:height\" content=\"1080\" \/>\n\t<meta property=\"og:image:type\" content=\"image\/png\" \/>\n<meta name=\"twitter:card\" content=\"summary_large_image\" \/>\n<meta name=\"twitter:label1\" content=\"Gesch\u00e4tzte Lesezeit\" \/>\n\t<meta name=\"twitter:data1\" content=\"1\u00a0Minute\" \/>\n<script type=\"application\/ld+json\" class=\"yoast-schema-graph\">{\"@context\":\"https:\\\/\\\/schema.org\",\"@graph\":[{\"@type\":\"WebPage\",\"@id\":\"https:\\\/\\\/marysol.vision\\\/product\\\/quan-yin-meditation\\\/\",\"url\":\"https:\\\/\\\/marysol.vision\\\/product\\\/quan-yin-meditation\\\/\",\"name\":\"Quan Yin Meditation - Marysol Ximenez-Carrillo\",\"isPartOf\":{\"@id\":\"https:\\\/\\\/marysol.vision\\\/#website\"},\"primaryImageOfPage\":{\"@id\":\"https:\\\/\\\/marysol.vision\\\/product\\\/quan-yin-meditation\\\/#primaryimage\"},\"image\":{\"@id\":\"https:\\\/\\\/marysol.vision\\\/product\\\/quan-yin-meditation\\\/#primaryimage\"},\"thumbnailUrl\":\"https:\\\/\\\/marysol.vision\\\/wp-content\\\/uploads\\\/2023\\\/09\\\/Quan-Yin-Meditation-Thumbnail-DE-NEW.png\",\"datePublished\":\"2023-09-19T13:43:46+00:00\",\"dateModified\":\"2025-01-08T13:16:14+00:00\",\"description\":\"Reise an einen wundersch\u00f6nen Ort, und erlaube dir in der n\u00e4hrenden, liebevollen, und mitf\u00fchlenden Schwingung von der G\u00f6ttin Quan Yin \u2013 die G\u00f6ttin der Liebe, Gnade\",\"breadcrumb\":{\"@id\":\"https:\\\/\\\/marysol.vision\\\/product\\\/quan-yin-meditation\\\/#breadcrumb\"},\"inLanguage\":\"de\",\"potentialAction\":[{\"@type\":\"ReadAction\",\"target\":[\"https:\\\/\\\/marysol.vision\\\/product\\\/quan-yin-meditation\\\/\"]}]},{\"@type\":\"ImageObject\",\"inLanguage\":\"de\",\"@id\":\"https:\\\/\\\/marysol.vision\\\/product\\\/quan-yin-meditation\\\/#primaryimage\",\"url\":\"https:\\\/\\\/marysol.vision\\\/wp-content\\\/uploads\\\/2023\\\/09\\\/Quan-Yin-Meditation-Thumbnail-DE-NEW.png\",\"contentUrl\":\"https:\\\/\\\/marysol.vision\\\/wp-content\\\/uploads\\\/2023\\\/09\\\/Quan-Yin-Meditation-Thumbnail-DE-NEW.png\",\"width\":1080,\"height\":1080},{\"@type\":\"BreadcrumbList\",\"@id\":\"https:\\\/\\\/marysol.vision\\\/product\\\/quan-yin-meditation\\\/#breadcrumb\",\"itemListElement\":[{\"@type\":\"ListItem\",\"position\":1,\"name\":\"Home\",\"item\":\"https:\\\/\\\/marysol.vision\\\/\"},{\"@type\":\"ListItem\",\"position\":2,\"name\":\"Shop\",\"item\":\"https:\\\/\\\/marysol.vision\\\/shop-guided-meditations-music-for-the-soul-and-tickets-to-events\\\/\"},{\"@type\":\"ListItem\",\"position\":3,\"name\":\"Quan Yin Meditation\"}]},{\"@type\":\"WebSite\",\"@id\":\"https:\\\/\\\/marysol.vision\\\/#website\",\"url\":\"https:\\\/\\\/marysol.vision\\\/\",\"name\":\"Marysol\",\"description\":\"The Magical Sound of your Soul\",\"publisher\":{\"@id\":\"https:\\\/\\\/marysol.vision\\\/#\\\/schema\\\/person\\\/1605574c09e25800a8351bfd6ddd6a97\"},\"potentialAction\":[{\"@type\":\"SearchAction\",\"target\":{\"@type\":\"EntryPoint\",\"urlTemplate\":\"https:\\\/\\\/marysol.vision\\\/?s={search_term_string}\"},\"query-input\":{\"@type\":\"PropertyValueSpecification\",\"valueRequired\":true,\"valueName\":\"search_term_string\"}}],\"inLanguage\":\"de\"},{\"@type\":[\"Person\",\"Organization\"],\"@id\":\"https:\\\/\\\/marysol.vision\\\/#\\\/schema\\\/person\\\/1605574c09e25800a8351bfd6ddd6a97\",\"name\":\"Marysol Ximenez-Carrillo\",\"image\":{\"@type\":\"ImageObject\",\"inLanguage\":\"de\",\"@id\":\"https:\\\/\\\/marysol.vision\\\/wp-content\\\/uploads\\\/2021\\\/06\\\/marysol_logo_new.png\",\"url\":\"https:\\\/\\\/marysol.vision\\\/wp-content\\\/uploads\\\/2021\\\/06\\\/marysol_logo_new.png\",\"contentUrl\":\"https:\\\/\\\/marysol.vision\\\/wp-content\\\/uploads\\\/2021\\\/06\\\/marysol_logo_new.png\",\"width\":\"598\",\"height\":\"256\",\"caption\":\"Marysol Ximenez-Carrillo\"},\"logo\":{\"@id\":\"https:\\\/\\\/marysol.vision\\\/wp-content\\\/uploads\\\/2021\\\/06\\\/marysol_logo_new.png\"}}]}<\/script>\n<!-- \/ Yoast SEO plugin. -->","yoast_head_json":{"title":"Quan Yin Meditation - Marysol Ximenez-Carrillo","description":"Reise an einen wundersch\u00f6nen Ort, und erlaube dir in der n\u00e4hrenden, liebevollen, und mitf\u00fchlenden Schwingung von der G\u00f6ttin Quan Yin \u2013 die G\u00f6ttin der Liebe, Gnade","robots":{"index":"index","follow":"follow","max-snippet":"max-snippet:-1","max-image-preview":"max-image-preview:large","max-video-preview":"max-video-preview:-1"},"canonical":"https:\/\/marysol.vision\/de\/produkt\/quan-yin-meditation\/","og_locale":"de_DE","og_type":"article","og_title":"Quan Yin Meditation - Marysol Ximenez-Carrillo","og_description":"Reise an einen wundersch\u00f6nen Ort, und erlaube dir in der n\u00e4hrenden, liebevollen, und mitf\u00fchlenden Schwingung von der G\u00f6ttin Quan Yin \u2013 die G\u00f6ttin der Liebe, Gnade","og_url":"https:\/\/marysol.vision\/de\/produkt\/quan-yin-meditation\/","og_site_name":"Marysol Ximenez-Carrillo","article_modified_time":"2025-01-08T13:16:14+00:00","og_image":[{"width":1080,"height":1080,"url":"https:\/\/marysol.vision\/wp-content\/uploads\/2023\/09\/Quan-Yin-Meditation-Thumbnail-DE-NEW.png","type":"image\/png"}],"twitter_card":"summary_large_image","twitter_misc":{"Gesch\u00e4tzte Lesezeit":"1\u00a0Minute"},"schema":{"@context":"https:\/\/schema.org","@graph":[{"@type":"WebPage","@id":"https:\/\/marysol.vision\/product\/quan-yin-meditation\/","url":"https:\/\/marysol.vision\/product\/quan-yin-meditation\/","name":"Quan Yin Meditation - Marysol Ximenez-Carrillo","isPartOf":{"@id":"https:\/\/marysol.vision\/#website"},"primaryImageOfPage":{"@id":"https:\/\/marysol.vision\/product\/quan-yin-meditation\/#primaryimage"},"image":{"@id":"https:\/\/marysol.vision\/product\/quan-yin-meditation\/#primaryimage"},"thumbnailUrl":"https:\/\/marysol.vision\/wp-content\/uploads\/2023\/09\/Quan-Yin-Meditation-Thumbnail-DE-NEW.png","datePublished":"2023-09-19T13:43:46+00:00","dateModified":"2025-01-08T13:16:14+00:00","description":"Reise an einen wundersch\u00f6nen Ort, und erlaube dir in der n\u00e4hrenden, liebevollen, und mitf\u00fchlenden Schwingung von der G\u00f6ttin Quan Yin \u2013 die G\u00f6ttin der Liebe, Gnade","breadcrumb":{"@id":"https:\/\/marysol.vision\/product\/quan-yin-meditation\/#breadcrumb"},"inLanguage":"de","potentialAction":[{"@type":"ReadAction","target":["https:\/\/marysol.vision\/product\/quan-yin-meditation\/"]}]},{"@type":"ImageObject","inLanguage":"de","@id":"https:\/\/marysol.vision\/product\/quan-yin-meditation\/#primaryimage","url":"https:\/\/marysol.vision\/wp-content\/uploads\/2023\/09\/Quan-Yin-Meditation-Thumbnail-DE-NEW.png","contentUrl":"https:\/\/marysol.vision\/wp-content\/uploads\/2023\/09\/Quan-Yin-Meditation-Thumbnail-DE-NEW.png","width":1080,"height":1080},{"@type":"BreadcrumbList","@id":"https:\/\/marysol.vision\/product\/quan-yin-meditation\/#breadcrumb","itemListElement":[{"@type":"ListItem","position":1,"name":"Home","item":"https:\/\/marysol.vision\/"},{"@type":"ListItem","position":2,"name":"Shop","item":"https:\/\/marysol.vision\/shop-guided-meditations-music-for-the-soul-and-tickets-to-events\/"},{"@type":"ListItem","position":3,"name":"Quan Yin Meditation"}]},{"@type":"WebSite","@id":"https:\/\/marysol.vision\/#website","url":"https:\/\/marysol.vision\/","name":"Marysol","description":"Der magische Klang deiner Seele","publisher":{"@id":"https:\/\/marysol.vision\/#\/schema\/person\/1605574c09e25800a8351bfd6ddd6a97"},"potentialAction":[{"@type":"SearchAction","target":{"@type":"EntryPoint","urlTemplate":"https:\/\/marysol.vision\/?s={search_term_string}"},"query-input":{"@type":"PropertyValueSpecification","valueRequired":true,"valueName":"search_term_string"}}],"inLanguage":"de"},{"@type":["Person","Organization"],"@id":"https:\/\/marysol.vision\/#\/schema\/person\/1605574c09e25800a8351bfd6ddd6a97","name":"Marysol Ximenez-Carrillo","image":{"@type":"ImageObject","inLanguage":"de","@id":"https:\/\/marysol.vision\/wp-content\/uploads\/2021\/06\/marysol_logo_new.png","url":"https:\/\/marysol.vision\/wp-content\/uploads\/2021\/06\/marysol_logo_new.png","contentUrl":"https:\/\/marysol.vision\/wp-content\/uploads\/2021\/06\/marysol_logo_new.png","width":"598","height":"256","caption":"Marysol Ximenez-Carrillo"},"logo":{"@id":"https:\/\/marysol.vision\/wp-content\/uploads\/2021\/06\/marysol_logo_new.png"}}]}},"_links":{"self":[{"href":"https:\/\/marysol.vision\/de\/wp-json\/wp\/v2\/product\/5181","targetHints":{"allow":["GET"]}}],"collection":[{"href":"https:\/\/marysol.vision\/de\/wp-json\/wp\/v2\/product"}],"about":[{"href":"https:\/\/marysol.vision\/de\/wp-json\/wp\/v2\/types\/product"}],"wp:featuredmedia":[{"embeddable":true,"href":"https:\/\/marysol.vision\/de\/wp-json\/wp\/v2\/media\/6867"}],"wp:attachment":[{"href":"https:\/\/marysol.vision\/de\/wp-json\/wp\/v2\/media?parent=5181"}],"wp:term":[{"taxonomy":"product_brand","embeddable":true,"href":"https:\/\/marysol.vision\/de\/wp-json\/wp\/v2\/product_brand?post=5181"},{"taxonomy":"product_cat","embeddable":true,"href":"https:\/\/marysol.vision\/de\/wp-json\/wp\/v2\/product_cat?post=5181"},{"taxonomy":"product_tag","embeddable":true,"href":"https:\/\/marysol.vision\/de\/wp-json\/wp\/v2\/product_tag?post=5181"}],"curies":[{"name":"wp","href":"https:\/\/api.w.org\/{rel}","templated":true}]}}