{"id":5271,"date":"2023-12-11T09:34:54","date_gmt":"2023-12-11T08:34:54","guid":{"rendered":"https:\/\/marysol.vision\/?post_type=product&#038;p=5271"},"modified":"2025-01-08T15:13:27","modified_gmt":"2025-01-08T13:13:27","slug":"sacred-heart-tones-1","status":"publish","type":"product","link":"https:\/\/marysol.vision\/de\/produkt\/sacred-heart-tones-1\/","title":{"rendered":"Sacred Heart Tones 1"},"content":{"rendered":"<h3><span style=\"color: #bc9900;\">Sacred Heart Tones\u00a0<\/span><\/h3>\n<p>&nbsp;<\/p>\n<p class=\"translation-block\">Dies ist eine Lichtsprachen-Klangheilung, a capella gesungen. Ganz pur, ganz schlicht.<\/p>\n<p>&nbsp;<\/p>\n<p>Sie tr\u00e4gt Licht-Codes des Herzens in sich.<\/p>\n<p>&nbsp;<\/p>\n<p>In diesen Zeiten, in denen wir als Menschheit, aber auch viele auf pers\u00f6nlicher Ebene, zahlreiche Herausforderungen erleben, dient es uns sehr, wenn wir uns Momente der Stille g\u00f6nnen und uns in unser Herz sinken lassen.<\/p>\n<p>&nbsp;<\/p>\n<p>Momente, in denen wir uns erlauben zu sein. Zu atmen. Zu sp\u00fcren, was in uns pr\u00e4sent ist und daf\u00fcr Raum zu halten, ohne etwas zu bewerten.<\/p>\n<p>&nbsp;<\/p>\n<p>Ich werde in den kommenden Wochen\/Monaten weitere Sacred Heart Tones Klangheilungen aufnehmen, um dich dabei zu unterst\u00fctzen, dir die Zeit zu nehmen, dich tief mit deinem Herzen zu verbinden und bewusst zu atmen.<\/p>\n<p>&nbsp;<\/p>\n<p>Lasse den Klang und das Licht dieser Herzens-T\u00f6ne tief in dein Herz flie\u00dfen und erlaube dir inne zu halten, zu sp\u00fcren und zu atmen.<\/p>\n<p>&nbsp;<\/p>\n<p>Ich w\u00fcnsche Dir Sanftheit und Mitgef\u00fchl, nicht nur f\u00fcr andere, sondern auch f\u00fcr dich selbst.<\/p>\n<p>&nbsp;<\/p>\n<p>&nbsp;<\/p>\n<p>F\u00fcr die beste Klangerfahrung empfehle ich es, Kopfh\u00f6rer oder gute Lautsprecher zu nutzen.<\/p>\n<p>&nbsp;<\/p>\n<p>Musik und Lichtsprache komponiert und kreiert von: Marysol Ximenez-Carrillo<br \/>\nCopyright: Marysol Ximenez-Carrillo<\/p>\n<p>&nbsp;<\/p>\n<p lang=\"en-US\">Du kannst dir diese Klangheilung kostenlos auf meiner Website, auf SoundCloud oder Youtube anh\u00f6ren.<br \/>\nWenn du sie allerdings als Mp3 Datei besitzen und meine Arbeit unterst\u00fctzen m\u00f6chtest, kannst du sie hier erwerben. Vielen Dank.<\/p>","protected":false},"excerpt":{"rendered":"<h4 class=\"elementor-heading-title elementor-size-default\"><span style=\"color: #bc9900;\">Eine hochschwingende Klangheilung mit Licht-Codes des Herzens<\/span><\/h4>","protected":false},"featured_media":6865,"template":"","meta":{"_acf_changed":false,"_mo_disable_npp":"","site-sidebar-layout":"default","site-content-layout":"default","ast-site-content-layout":"default","site-content-style":"default","site-sidebar-style":"default","ast-global-header-display":"","ast-banner-title-visibility":"","ast-main-header-display":"","ast-hfb-above-header-display":"","ast-hfb-below-header-display":"","ast-hfb-mobile-header-display":"","site-post-title":"","ast-breadcrumbs-content":"","ast-featured-img":"","footer-sml-layout":"","theme-transparent-header-meta":"default","adv-header-id-meta":"","stick-header-meta":"","header-above-stick-meta":"","header-main-stick-meta":"","header-below-stick-meta":"","astra-migrate-meta-layouts":"set","ast-page-background-enabled":"default","ast-page-background-meta":{"desktop":{"background-color":"","background-image":"","background-repeat":"repeat","background-position":"center center","background-size":"auto","background-attachment":"scroll","background-type":"","background-media":"","overlay-type":"","overlay-color":"","overlay-opacity":"","overlay-gradient":""},"tablet":{"background-color":"","background-image":"","background-repeat":"repeat","background-position":"center center","background-size":"auto","background-attachment":"scroll","background-type":"","background-media":"","overlay-type":"","overlay-color":"","overlay-opacity":"","overlay-gradient":""},"mobile":{"background-color":"","background-image":"","background-repeat":"repeat","background-position":"center center","background-size":"auto","background-attachment":"scroll","background-type":"","background-media":"","overlay-type":"","overlay-color":"","overlay-opacity":"","overlay-gradient":""}},"ast-content-background-meta":{"desktop":{"background-color":"var(--ast-global-color-5)","background-image":"","background-repeat":"repeat","background-position":"center center","background-size":"auto","background-attachment":"scroll","background-type":"","background-media":"","overlay-type":"","overlay-color":"","overlay-opacity":"","overlay-gradient":""},"tablet":{"background-color":"var(--ast-global-color-5)","background-image":"","background-repeat":"repeat","background-position":"center center","background-size":"auto","background-attachment":"scroll","background-type":"","background-media":"","overlay-type":"","overlay-color":"","overlay-opacity":"","overlay-gradient":""},"mobile":{"background-color":"var(--ast-global-color-5)","background-image":"","background-repeat":"repeat","background-position":"center center","background-size":"auto","background-attachment":"scroll","background-type":"","background-media":"","overlay-type":"","overlay-color":"","overlay-opacity":"","overlay-gradient":""}}},"product_brand":[],"product_cat":[69],"product_tag":[],"class_list":{"0":"post-5271","1":"product","2":"type-product","3":"status-publish","4":"has-post-thumbnail","6":"product_cat-music-2","7":"desktop-align-left","8":"tablet-align-left","9":"mobile-align-left","11":"first","12":"instock","13":"downloadable","14":"taxable","15":"shipping-taxable","16":"purchasable","17":"product-type-simple"},"acf":[],"yoast_head":"<!-- This site is optimized with the Yoast SEO plugin v27.3 - https:\/\/yoast.com\/product\/yoast-seo-wordpress\/ -->\n<title>Sacred Heart Tones 1 - Marysol Ximenez-Carrillo<\/title>\n<meta name=\"description\" content=\"This is a Light Language Sound Healing sung a capella. Very pure, very simple.It carries sacred heart codes of light. Just let the sound and light within these\" \/>\n<meta name=\"robots\" content=\"index, follow, max-snippet:-1, max-image-preview:large, max-video-preview:-1\" \/>\n<link rel=\"canonical\" href=\"https:\/\/marysol.vision\/de\/produkt\/sacred-heart-tones-1\/\" \/>\n<meta property=\"og:locale\" content=\"de_DE\" \/>\n<meta property=\"og:type\" content=\"article\" \/>\n<meta property=\"og:title\" content=\"Sacred Heart Tones 1 - Marysol Ximenez-Carrillo\" \/>\n<meta property=\"og:description\" content=\"This is a Light Language Sound Healing sung a capella. Very pure, very simple.It carries sacred heart codes of light. Just let the sound and light within these\" \/>\n<meta property=\"og:url\" content=\"https:\/\/marysol.vision\/de\/produkt\/sacred-heart-tones-1\/\" \/>\n<meta property=\"og:site_name\" content=\"Marysol Ximenez-Carrillo\" \/>\n<meta property=\"article:modified_time\" content=\"2025-01-08T13:13:27+00:00\" \/>\n<meta property=\"og:image\" content=\"https:\/\/marysol.vision\/wp-content\/uploads\/2023\/12\/Sacred-heart-Tones-1-Thumbnail-NEW.png\" \/>\n\t<meta property=\"og:image:width\" content=\"1080\" \/>\n\t<meta property=\"og:image:height\" content=\"1080\" \/>\n\t<meta property=\"og:image:type\" content=\"image\/png\" \/>\n<meta name=\"twitter:card\" content=\"summary_large_image\" \/>\n<meta name=\"twitter:label1\" content=\"Gesch\u00e4tzte Lesezeit\" \/>\n\t<meta name=\"twitter:data1\" content=\"2\u00a0Minuten\" \/>\n<script type=\"application\/ld+json\" class=\"yoast-schema-graph\">{\"@context\":\"https:\\\/\\\/schema.org\",\"@graph\":[{\"@type\":\"WebPage\",\"@id\":\"https:\\\/\\\/marysol.vision\\\/product\\\/sacred-heart-tones-1\\\/\",\"url\":\"https:\\\/\\\/marysol.vision\\\/product\\\/sacred-heart-tones-1\\\/\",\"name\":\"Sacred Heart Tones 1 - Marysol Ximenez-Carrillo\",\"isPartOf\":{\"@id\":\"https:\\\/\\\/marysol.vision\\\/#website\"},\"primaryImageOfPage\":{\"@id\":\"https:\\\/\\\/marysol.vision\\\/product\\\/sacred-heart-tones-1\\\/#primaryimage\"},\"image\":{\"@id\":\"https:\\\/\\\/marysol.vision\\\/product\\\/sacred-heart-tones-1\\\/#primaryimage\"},\"thumbnailUrl\":\"https:\\\/\\\/marysol.vision\\\/wp-content\\\/uploads\\\/2023\\\/12\\\/Sacred-heart-Tones-1-Thumbnail-NEW.png\",\"datePublished\":\"2023-12-11T08:34:54+00:00\",\"dateModified\":\"2025-01-08T13:13:27+00:00\",\"description\":\"This is a Light Language Sound Healing sung a capella. Very pure, very simple.It carries sacred heart codes of light. Just let the sound and light within these\",\"breadcrumb\":{\"@id\":\"https:\\\/\\\/marysol.vision\\\/product\\\/sacred-heart-tones-1\\\/#breadcrumb\"},\"inLanguage\":\"de\",\"potentialAction\":[{\"@type\":\"ReadAction\",\"target\":[\"https:\\\/\\\/marysol.vision\\\/product\\\/sacred-heart-tones-1\\\/\"]}]},{\"@type\":\"ImageObject\",\"inLanguage\":\"de\",\"@id\":\"https:\\\/\\\/marysol.vision\\\/product\\\/sacred-heart-tones-1\\\/#primaryimage\",\"url\":\"https:\\\/\\\/marysol.vision\\\/wp-content\\\/uploads\\\/2023\\\/12\\\/Sacred-heart-Tones-1-Thumbnail-NEW.png\",\"contentUrl\":\"https:\\\/\\\/marysol.vision\\\/wp-content\\\/uploads\\\/2023\\\/12\\\/Sacred-heart-Tones-1-Thumbnail-NEW.png\",\"width\":1080,\"height\":1080},{\"@type\":\"BreadcrumbList\",\"@id\":\"https:\\\/\\\/marysol.vision\\\/product\\\/sacred-heart-tones-1\\\/#breadcrumb\",\"itemListElement\":[{\"@type\":\"ListItem\",\"position\":1,\"name\":\"Home\",\"item\":\"https:\\\/\\\/marysol.vision\\\/\"},{\"@type\":\"ListItem\",\"position\":2,\"name\":\"Shop\",\"item\":\"https:\\\/\\\/marysol.vision\\\/shop-guided-meditations-music-for-the-soul-and-tickets-to-events\\\/\"},{\"@type\":\"ListItem\",\"position\":3,\"name\":\"Sacred Heart Tones 1\"}]},{\"@type\":\"WebSite\",\"@id\":\"https:\\\/\\\/marysol.vision\\\/#website\",\"url\":\"https:\\\/\\\/marysol.vision\\\/\",\"name\":\"Marysol\",\"description\":\"The Magical Sound of your Soul\",\"publisher\":{\"@id\":\"https:\\\/\\\/marysol.vision\\\/#\\\/schema\\\/person\\\/1605574c09e25800a8351bfd6ddd6a97\"},\"potentialAction\":[{\"@type\":\"SearchAction\",\"target\":{\"@type\":\"EntryPoint\",\"urlTemplate\":\"https:\\\/\\\/marysol.vision\\\/?s={search_term_string}\"},\"query-input\":{\"@type\":\"PropertyValueSpecification\",\"valueRequired\":true,\"valueName\":\"search_term_string\"}}],\"inLanguage\":\"de\"},{\"@type\":[\"Person\",\"Organization\"],\"@id\":\"https:\\\/\\\/marysol.vision\\\/#\\\/schema\\\/person\\\/1605574c09e25800a8351bfd6ddd6a97\",\"name\":\"Marysol Ximenez-Carrillo\",\"image\":{\"@type\":\"ImageObject\",\"inLanguage\":\"de\",\"@id\":\"https:\\\/\\\/marysol.vision\\\/wp-content\\\/uploads\\\/2021\\\/06\\\/marysol_logo_new.png\",\"url\":\"https:\\\/\\\/marysol.vision\\\/wp-content\\\/uploads\\\/2021\\\/06\\\/marysol_logo_new.png\",\"contentUrl\":\"https:\\\/\\\/marysol.vision\\\/wp-content\\\/uploads\\\/2021\\\/06\\\/marysol_logo_new.png\",\"width\":\"598\",\"height\":\"256\",\"caption\":\"Marysol Ximenez-Carrillo\"},\"logo\":{\"@id\":\"https:\\\/\\\/marysol.vision\\\/wp-content\\\/uploads\\\/2021\\\/06\\\/marysol_logo_new.png\"}}]}<\/script>\n<!-- \/ Yoast SEO plugin. -->","yoast_head_json":{"title":"Sacred Heart Tones 1 - Marysol Ximenez-Carrillo","description":"This is a Light Language Sound Healing sung a capella. Very pure, very simple.It carries sacred heart codes of light. Just let the sound and light within these","robots":{"index":"index","follow":"follow","max-snippet":"max-snippet:-1","max-image-preview":"max-image-preview:large","max-video-preview":"max-video-preview:-1"},"canonical":"https:\/\/marysol.vision\/de\/produkt\/sacred-heart-tones-1\/","og_locale":"de_DE","og_type":"article","og_title":"Sacred Heart Tones 1 - Marysol Ximenez-Carrillo","og_description":"This is a Light Language Sound Healing sung a capella. Very pure, very simple.It carries sacred heart codes of light. Just let the sound and light within these","og_url":"https:\/\/marysol.vision\/de\/produkt\/sacred-heart-tones-1\/","og_site_name":"Marysol Ximenez-Carrillo","article_modified_time":"2025-01-08T13:13:27+00:00","og_image":[{"width":1080,"height":1080,"url":"https:\/\/marysol.vision\/wp-content\/uploads\/2023\/12\/Sacred-heart-Tones-1-Thumbnail-NEW.png","type":"image\/png"}],"twitter_card":"summary_large_image","twitter_misc":{"Gesch\u00e4tzte Lesezeit":"2\u00a0Minuten"},"schema":{"@context":"https:\/\/schema.org","@graph":[{"@type":"WebPage","@id":"https:\/\/marysol.vision\/product\/sacred-heart-tones-1\/","url":"https:\/\/marysol.vision\/product\/sacred-heart-tones-1\/","name":"Sacred Heart Tones 1 - Marysol Ximenez-Carrillo","isPartOf":{"@id":"https:\/\/marysol.vision\/#website"},"primaryImageOfPage":{"@id":"https:\/\/marysol.vision\/product\/sacred-heart-tones-1\/#primaryimage"},"image":{"@id":"https:\/\/marysol.vision\/product\/sacred-heart-tones-1\/#primaryimage"},"thumbnailUrl":"https:\/\/marysol.vision\/wp-content\/uploads\/2023\/12\/Sacred-heart-Tones-1-Thumbnail-NEW.png","datePublished":"2023-12-11T08:34:54+00:00","dateModified":"2025-01-08T13:13:27+00:00","description":"This is a Light Language Sound Healing sung a capella. Very pure, very simple.It carries sacred heart codes of light. Just let the sound and light within these","breadcrumb":{"@id":"https:\/\/marysol.vision\/product\/sacred-heart-tones-1\/#breadcrumb"},"inLanguage":"de","potentialAction":[{"@type":"ReadAction","target":["https:\/\/marysol.vision\/product\/sacred-heart-tones-1\/"]}]},{"@type":"ImageObject","inLanguage":"de","@id":"https:\/\/marysol.vision\/product\/sacred-heart-tones-1\/#primaryimage","url":"https:\/\/marysol.vision\/wp-content\/uploads\/2023\/12\/Sacred-heart-Tones-1-Thumbnail-NEW.png","contentUrl":"https:\/\/marysol.vision\/wp-content\/uploads\/2023\/12\/Sacred-heart-Tones-1-Thumbnail-NEW.png","width":1080,"height":1080},{"@type":"BreadcrumbList","@id":"https:\/\/marysol.vision\/product\/sacred-heart-tones-1\/#breadcrumb","itemListElement":[{"@type":"ListItem","position":1,"name":"Home","item":"https:\/\/marysol.vision\/"},{"@type":"ListItem","position":2,"name":"Shop","item":"https:\/\/marysol.vision\/shop-guided-meditations-music-for-the-soul-and-tickets-to-events\/"},{"@type":"ListItem","position":3,"name":"Sacred Heart Tones 1"}]},{"@type":"WebSite","@id":"https:\/\/marysol.vision\/#website","url":"https:\/\/marysol.vision\/","name":"Marysol","description":"Der magische Klang deiner Seele","publisher":{"@id":"https:\/\/marysol.vision\/#\/schema\/person\/1605574c09e25800a8351bfd6ddd6a97"},"potentialAction":[{"@type":"SearchAction","target":{"@type":"EntryPoint","urlTemplate":"https:\/\/marysol.vision\/?s={search_term_string}"},"query-input":{"@type":"PropertyValueSpecification","valueRequired":true,"valueName":"search_term_string"}}],"inLanguage":"de"},{"@type":["Person","Organization"],"@id":"https:\/\/marysol.vision\/#\/schema\/person\/1605574c09e25800a8351bfd6ddd6a97","name":"Marysol Ximenez-Carrillo","image":{"@type":"ImageObject","inLanguage":"de","@id":"https:\/\/marysol.vision\/wp-content\/uploads\/2021\/06\/marysol_logo_new.png","url":"https:\/\/marysol.vision\/wp-content\/uploads\/2021\/06\/marysol_logo_new.png","contentUrl":"https:\/\/marysol.vision\/wp-content\/uploads\/2021\/06\/marysol_logo_new.png","width":"598","height":"256","caption":"Marysol Ximenez-Carrillo"},"logo":{"@id":"https:\/\/marysol.vision\/wp-content\/uploads\/2021\/06\/marysol_logo_new.png"}}]}},"_links":{"self":[{"href":"https:\/\/marysol.vision\/de\/wp-json\/wp\/v2\/product\/5271","targetHints":{"allow":["GET"]}}],"collection":[{"href":"https:\/\/marysol.vision\/de\/wp-json\/wp\/v2\/product"}],"about":[{"href":"https:\/\/marysol.vision\/de\/wp-json\/wp\/v2\/types\/product"}],"wp:featuredmedia":[{"embeddable":true,"href":"https:\/\/marysol.vision\/de\/wp-json\/wp\/v2\/media\/6865"}],"wp:attachment":[{"href":"https:\/\/marysol.vision\/de\/wp-json\/wp\/v2\/media?parent=5271"}],"wp:term":[{"taxonomy":"product_brand","embeddable":true,"href":"https:\/\/marysol.vision\/de\/wp-json\/wp\/v2\/product_brand?post=5271"},{"taxonomy":"product_cat","embeddable":true,"href":"https:\/\/marysol.vision\/de\/wp-json\/wp\/v2\/product_cat?post=5271"},{"taxonomy":"product_tag","embeddable":true,"href":"https:\/\/marysol.vision\/de\/wp-json\/wp\/v2\/product_tag?post=5271"}],"curies":[{"name":"wp","href":"https:\/\/api.w.org\/{rel}","templated":true}]}}