{"id":5275,"date":"2023-12-11T09:52:47","date_gmt":"2023-12-11T08:52:47","guid":{"rendered":"https:\/\/marysol.vision\/?post_type=product&#038;p=5275"},"modified":"2025-02-02T12:57:24","modified_gmt":"2025-02-02T10:57:24","slug":"energetische-reinigung-und-schutz-meditation","status":"publish","type":"product","link":"https:\/\/marysol.vision\/de\/produkt\/energetische-reinigung-und-schutz-meditation\/","title":{"rendered":"Energetische Reinigung und Schutz Meditation"},"content":{"rendered":"<p>Diese Meditation unterst\u00fctzt dich dabei, deinen physischen, emotionalen, mentalen und spirituellen K\u00f6rper energetisch zu reinigen, und drei Ebenen von n\u00e4hrendem, sch\u00fctzendem Licht um dich herum zu erschaffen.<\/p>\n<p>&nbsp;<\/p>\n<p>Es befindet sich momentan sehr viel Unruhe im kollektiven Feld.<\/p>\n<h2>Spirituelle reinigung<\/h2>\n<p>Durch die transformierende und reinigende Kraft des silbernen und violetten Lichtstrahls hilft dir diese Meditation dabei, dich von dichten Energien, welche du von anderen und\/oder dem kollektiven Feld aufgenommen hast, zu l\u00f6sen und zu befreien.<\/p>\n<p>&nbsp;<\/p>\n<p>Es ist von gr\u00f6\u00dfter Bedeutung, dass wir uns nicht nur um unseren physischen, sondern auch um unseren nicht-physischen K\u00f6rper k\u00fcmmern.<\/p>\n<p>&nbsp;<\/p>\n<p>Wenn du gut geerdet und frei von Energien bist, die nicht deine zu tragen sind, wirst du dich leichter f\u00fchlen, und es wird einfacher sein, dich wahrhaftig zu sp\u00fcren und du selbst zu sein.<\/p>\n<p>&nbsp;<\/p>\n<p>F\u00fcr eine bessere Klangerfahrung empfehle ich es, Kopfh\u00f6rer oder gute Lautsprecher zu nutzen.<\/p>\n<p>&nbsp;<\/p>\n<p>Du kannst dir diese Meditation kostenlos auf meiner Website, auf Soundcloud oder Youtube anh\u00f6ren. Wenn du sie allerdings als Mp3 Datei besitzen und meine Arbeit unterst\u00fctzen m\u00f6chtest, kannst du sie hier erwerben. Vielen Dank.<\/p>\n<p>&nbsp;<\/p>\n<p>Musik und Meditation komponiert und kreiert von: Marysol Ximenez-Carrillo<br \/>\nCopyright: Marysol Ximenez-Carrillo<\/p>","protected":false},"excerpt":{"rendered":"<p>Diese Meditation unterst\u00fctzt dich dabei, deinen physischen, emotionalen, mentalen und spirituellen K\u00f6rper energetisch zu reinigen, und drei Ebenen von n\u00e4hrendem, [&hellip;]<\/p>\n","protected":false},"featured_media":6863,"template":"","meta":{"_acf_changed":false,"_mo_disable_npp":"","site-sidebar-layout":"default","site-content-layout":"default","ast-site-content-layout":"default","site-content-style":"default","site-sidebar-style":"default","ast-global-header-display":"","ast-banner-title-visibility":"","ast-main-header-display":"","ast-hfb-above-header-display":"","ast-hfb-below-header-display":"","ast-hfb-mobile-header-display":"","site-post-title":"","ast-breadcrumbs-content":"","ast-featured-img":"","footer-sml-layout":"","theme-transparent-header-meta":"default","adv-header-id-meta":"","stick-header-meta":"","header-above-stick-meta":"","header-main-stick-meta":"","header-below-stick-meta":"","astra-migrate-meta-layouts":"set","ast-page-background-enabled":"default","ast-page-background-meta":{"desktop":{"background-color":"","background-image":"","background-repeat":"repeat","background-position":"center center","background-size":"auto","background-attachment":"scroll","background-type":"","background-media":"","overlay-type":"","overlay-color":"","overlay-opacity":"","overlay-gradient":""},"tablet":{"background-color":"","background-image":"","background-repeat":"repeat","background-position":"center center","background-size":"auto","background-attachment":"scroll","background-type":"","background-media":"","overlay-type":"","overlay-color":"","overlay-opacity":"","overlay-gradient":""},"mobile":{"background-color":"","background-image":"","background-repeat":"repeat","background-position":"center center","background-size":"auto","background-attachment":"scroll","background-type":"","background-media":"","overlay-type":"","overlay-color":"","overlay-opacity":"","overlay-gradient":""}},"ast-content-background-meta":{"desktop":{"background-color":"var(--ast-global-color-5)","background-image":"","background-repeat":"repeat","background-position":"center center","background-size":"auto","background-attachment":"scroll","background-type":"","background-media":"","overlay-type":"","overlay-color":"","overlay-opacity":"","overlay-gradient":""},"tablet":{"background-color":"var(--ast-global-color-5)","background-image":"","background-repeat":"repeat","background-position":"center center","background-size":"auto","background-attachment":"scroll","background-type":"","background-media":"","overlay-type":"","overlay-color":"","overlay-opacity":"","overlay-gradient":""},"mobile":{"background-color":"var(--ast-global-color-5)","background-image":"","background-repeat":"repeat","background-position":"center center","background-size":"auto","background-attachment":"scroll","background-type":"","background-media":"","overlay-type":"","overlay-color":"","overlay-opacity":"","overlay-gradient":""}}},"product_brand":[],"product_cat":[64],"product_tag":[],"class_list":{"0":"post-5275","1":"product","2":"type-product","3":"status-publish","4":"has-post-thumbnail","6":"product_cat-meditations-in-german","7":"desktop-align-left","8":"tablet-align-left","9":"mobile-align-left","11":"first","12":"instock","13":"downloadable","14":"taxable","15":"shipping-taxable","16":"purchasable","17":"product-type-simple"},"acf":[],"yoast_head":"<!-- This site is optimized with the Yoast SEO plugin v27.4 - https:\/\/yoast.com\/product\/yoast-seo-wordpress\/ -->\n<title>Energetische\/Spirituelle Reinigung und Schutz Meditation<\/title>\n<meta name=\"description\" content=\"Diese Meditation unterst\u00fctzt dich dabei, deinen physischen, emotionalen, mentalen und spirituellen K\u00f6rper energetisch zu reinigen.\" \/>\n<meta name=\"robots\" content=\"index, follow, max-snippet:-1, max-image-preview:large, max-video-preview:-1\" \/>\n<link rel=\"canonical\" href=\"https:\/\/marysol.vision\/de\/produkt\/energetische-reinigung-und-schutz-meditation\/\" \/>\n<meta property=\"og:locale\" content=\"de_DE\" \/>\n<meta property=\"og:type\" content=\"article\" \/>\n<meta property=\"og:title\" content=\"Energetische\/Spirituelle Reinigung und Schutz Meditation\" \/>\n<meta property=\"og:description\" content=\"Diese Meditation unterst\u00fctzt dich dabei, deinen physischen, emotionalen, mentalen und spirituellen K\u00f6rper energetisch zu reinigen.\" \/>\n<meta property=\"og:url\" content=\"https:\/\/marysol.vision\/de\/produkt\/energetische-reinigung-und-schutz-meditation\/\" \/>\n<meta property=\"og:site_name\" content=\"Marysol Ximenez-Carrillo\" \/>\n<meta property=\"article:modified_time\" content=\"2025-02-02T10:57:24+00:00\" \/>\n<meta property=\"og:image\" content=\"https:\/\/marysol.vision\/wp-content\/uploads\/2023\/12\/Energetische-Reinigung-und-Schutz-Thumbnail-DE-NEW.png\" \/>\n\t<meta property=\"og:image:width\" content=\"1080\" \/>\n\t<meta property=\"og:image:height\" content=\"1080\" \/>\n\t<meta property=\"og:image:type\" content=\"image\/png\" \/>\n<meta name=\"twitter:card\" content=\"summary_large_image\" \/>\n<meta name=\"twitter:label1\" content=\"Gesch\u00e4tzte Lesezeit\" \/>\n\t<meta name=\"twitter:data1\" content=\"2\u00a0Minuten\" \/>\n<script type=\"application\/ld+json\" class=\"yoast-schema-graph\">{\"@context\":\"https:\\\/\\\/schema.org\",\"@graph\":[{\"@type\":\"WebPage\",\"@id\":\"https:\\\/\\\/marysol.vision\\\/product\\\/energetische-reinigung-und-schutz-meditation\\\/\",\"url\":\"https:\\\/\\\/marysol.vision\\\/product\\\/energetische-reinigung-und-schutz-meditation\\\/\",\"name\":\"Energetische\\\/Spirituelle Reinigung und Schutz Meditation\",\"isPartOf\":{\"@id\":\"https:\\\/\\\/marysol.vision\\\/#website\"},\"primaryImageOfPage\":{\"@id\":\"https:\\\/\\\/marysol.vision\\\/product\\\/energetische-reinigung-und-schutz-meditation\\\/#primaryimage\"},\"image\":{\"@id\":\"https:\\\/\\\/marysol.vision\\\/product\\\/energetische-reinigung-und-schutz-meditation\\\/#primaryimage\"},\"thumbnailUrl\":\"https:\\\/\\\/marysol.vision\\\/wp-content\\\/uploads\\\/2023\\\/12\\\/Energetische-Reinigung-und-Schutz-Thumbnail-DE-NEW.png\",\"datePublished\":\"2023-12-11T08:52:47+00:00\",\"dateModified\":\"2025-02-02T10:57:24+00:00\",\"description\":\"Diese Meditation unterst\u00fctzt dich dabei, deinen physischen, emotionalen, mentalen und spirituellen K\u00f6rper energetisch zu reinigen.\",\"breadcrumb\":{\"@id\":\"https:\\\/\\\/marysol.vision\\\/product\\\/energetische-reinigung-und-schutz-meditation\\\/#breadcrumb\"},\"inLanguage\":\"de\",\"potentialAction\":[{\"@type\":\"ReadAction\",\"target\":[\"https:\\\/\\\/marysol.vision\\\/product\\\/energetische-reinigung-und-schutz-meditation\\\/\"]}]},{\"@type\":\"ImageObject\",\"inLanguage\":\"de\",\"@id\":\"https:\\\/\\\/marysol.vision\\\/product\\\/energetische-reinigung-und-schutz-meditation\\\/#primaryimage\",\"url\":\"https:\\\/\\\/marysol.vision\\\/wp-content\\\/uploads\\\/2023\\\/12\\\/Energetische-Reinigung-und-Schutz-Thumbnail-DE-NEW.png\",\"contentUrl\":\"https:\\\/\\\/marysol.vision\\\/wp-content\\\/uploads\\\/2023\\\/12\\\/Energetische-Reinigung-und-Schutz-Thumbnail-DE-NEW.png\",\"width\":1080,\"height\":1080},{\"@type\":\"BreadcrumbList\",\"@id\":\"https:\\\/\\\/marysol.vision\\\/product\\\/energetische-reinigung-und-schutz-meditation\\\/#breadcrumb\",\"itemListElement\":[{\"@type\":\"ListItem\",\"position\":1,\"name\":\"Home\",\"item\":\"https:\\\/\\\/marysol.vision\\\/\"},{\"@type\":\"ListItem\",\"position\":2,\"name\":\"Shop\",\"item\":\"https:\\\/\\\/marysol.vision\\\/shop-guided-meditations-music-for-the-soul-and-tickets-to-events\\\/\"},{\"@type\":\"ListItem\",\"position\":3,\"name\":\"Energetische Reinigung und Schutz Meditation\"}]},{\"@type\":\"WebSite\",\"@id\":\"https:\\\/\\\/marysol.vision\\\/#website\",\"url\":\"https:\\\/\\\/marysol.vision\\\/\",\"name\":\"Marysol\",\"description\":\"The Magical Sound of your Soul\",\"publisher\":{\"@id\":\"https:\\\/\\\/marysol.vision\\\/#\\\/schema\\\/person\\\/1605574c09e25800a8351bfd6ddd6a97\"},\"potentialAction\":[{\"@type\":\"SearchAction\",\"target\":{\"@type\":\"EntryPoint\",\"urlTemplate\":\"https:\\\/\\\/marysol.vision\\\/?s={search_term_string}\"},\"query-input\":{\"@type\":\"PropertyValueSpecification\",\"valueRequired\":true,\"valueName\":\"search_term_string\"}}],\"inLanguage\":\"de\"},{\"@type\":[\"Person\",\"Organization\"],\"@id\":\"https:\\\/\\\/marysol.vision\\\/#\\\/schema\\\/person\\\/1605574c09e25800a8351bfd6ddd6a97\",\"name\":\"Marysol Ximenez-Carrillo\",\"image\":{\"@type\":\"ImageObject\",\"inLanguage\":\"de\",\"@id\":\"https:\\\/\\\/marysol.vision\\\/wp-content\\\/uploads\\\/2021\\\/06\\\/marysol_logo_new.png\",\"url\":\"https:\\\/\\\/marysol.vision\\\/wp-content\\\/uploads\\\/2021\\\/06\\\/marysol_logo_new.png\",\"contentUrl\":\"https:\\\/\\\/marysol.vision\\\/wp-content\\\/uploads\\\/2021\\\/06\\\/marysol_logo_new.png\",\"width\":\"598\",\"height\":\"256\",\"caption\":\"Marysol Ximenez-Carrillo\"},\"logo\":{\"@id\":\"https:\\\/\\\/marysol.vision\\\/wp-content\\\/uploads\\\/2021\\\/06\\\/marysol_logo_new.png\"}}]}<\/script>\n<!-- \/ Yoast SEO plugin. -->","yoast_head_json":{"title":"Energetische\/Spirituelle Reinigung und Schutz Meditation","description":"Diese Meditation unterst\u00fctzt dich dabei, deinen physischen, emotionalen, mentalen und spirituellen K\u00f6rper energetisch zu reinigen.","robots":{"index":"index","follow":"follow","max-snippet":"max-snippet:-1","max-image-preview":"max-image-preview:large","max-video-preview":"max-video-preview:-1"},"canonical":"https:\/\/marysol.vision\/de\/produkt\/energetische-reinigung-und-schutz-meditation\/","og_locale":"de_DE","og_type":"article","og_title":"Energetische\/Spirituelle Reinigung und Schutz Meditation","og_description":"Diese Meditation unterst\u00fctzt dich dabei, deinen physischen, emotionalen, mentalen und spirituellen K\u00f6rper energetisch zu reinigen.","og_url":"https:\/\/marysol.vision\/de\/produkt\/energetische-reinigung-und-schutz-meditation\/","og_site_name":"Marysol Ximenez-Carrillo","article_modified_time":"2025-02-02T10:57:24+00:00","og_image":[{"width":1080,"height":1080,"url":"https:\/\/marysol.vision\/wp-content\/uploads\/2023\/12\/Energetische-Reinigung-und-Schutz-Thumbnail-DE-NEW.png","type":"image\/png"}],"twitter_card":"summary_large_image","twitter_misc":{"Gesch\u00e4tzte Lesezeit":"2\u00a0Minuten"},"schema":{"@context":"https:\/\/schema.org","@graph":[{"@type":"WebPage","@id":"https:\/\/marysol.vision\/product\/energetische-reinigung-und-schutz-meditation\/","url":"https:\/\/marysol.vision\/product\/energetische-reinigung-und-schutz-meditation\/","name":"Energetische\/Spirituelle Reinigung und Schutz Meditation","isPartOf":{"@id":"https:\/\/marysol.vision\/#website"},"primaryImageOfPage":{"@id":"https:\/\/marysol.vision\/product\/energetische-reinigung-und-schutz-meditation\/#primaryimage"},"image":{"@id":"https:\/\/marysol.vision\/product\/energetische-reinigung-und-schutz-meditation\/#primaryimage"},"thumbnailUrl":"https:\/\/marysol.vision\/wp-content\/uploads\/2023\/12\/Energetische-Reinigung-und-Schutz-Thumbnail-DE-NEW.png","datePublished":"2023-12-11T08:52:47+00:00","dateModified":"2025-02-02T10:57:24+00:00","description":"Diese Meditation unterst\u00fctzt dich dabei, deinen physischen, emotionalen, mentalen und spirituellen K\u00f6rper energetisch zu reinigen.","breadcrumb":{"@id":"https:\/\/marysol.vision\/product\/energetische-reinigung-und-schutz-meditation\/#breadcrumb"},"inLanguage":"de","potentialAction":[{"@type":"ReadAction","target":["https:\/\/marysol.vision\/product\/energetische-reinigung-und-schutz-meditation\/"]}]},{"@type":"ImageObject","inLanguage":"de","@id":"https:\/\/marysol.vision\/product\/energetische-reinigung-und-schutz-meditation\/#primaryimage","url":"https:\/\/marysol.vision\/wp-content\/uploads\/2023\/12\/Energetische-Reinigung-und-Schutz-Thumbnail-DE-NEW.png","contentUrl":"https:\/\/marysol.vision\/wp-content\/uploads\/2023\/12\/Energetische-Reinigung-und-Schutz-Thumbnail-DE-NEW.png","width":1080,"height":1080},{"@type":"BreadcrumbList","@id":"https:\/\/marysol.vision\/product\/energetische-reinigung-und-schutz-meditation\/#breadcrumb","itemListElement":[{"@type":"ListItem","position":1,"name":"Home","item":"https:\/\/marysol.vision\/"},{"@type":"ListItem","position":2,"name":"Shop","item":"https:\/\/marysol.vision\/shop-guided-meditations-music-for-the-soul-and-tickets-to-events\/"},{"@type":"ListItem","position":3,"name":"Energetische Reinigung und Schutz Meditation"}]},{"@type":"WebSite","@id":"https:\/\/marysol.vision\/#website","url":"https:\/\/marysol.vision\/","name":"Marysol","description":"Der magische Klang deiner Seele","publisher":{"@id":"https:\/\/marysol.vision\/#\/schema\/person\/1605574c09e25800a8351bfd6ddd6a97"},"potentialAction":[{"@type":"SearchAction","target":{"@type":"EntryPoint","urlTemplate":"https:\/\/marysol.vision\/?s={search_term_string}"},"query-input":{"@type":"PropertyValueSpecification","valueRequired":true,"valueName":"search_term_string"}}],"inLanguage":"de"},{"@type":["Person","Organization"],"@id":"https:\/\/marysol.vision\/#\/schema\/person\/1605574c09e25800a8351bfd6ddd6a97","name":"Marysol Ximenez-Carrillo","image":{"@type":"ImageObject","inLanguage":"de","@id":"https:\/\/marysol.vision\/wp-content\/uploads\/2021\/06\/marysol_logo_new.png","url":"https:\/\/marysol.vision\/wp-content\/uploads\/2021\/06\/marysol_logo_new.png","contentUrl":"https:\/\/marysol.vision\/wp-content\/uploads\/2021\/06\/marysol_logo_new.png","width":"598","height":"256","caption":"Marysol Ximenez-Carrillo"},"logo":{"@id":"https:\/\/marysol.vision\/wp-content\/uploads\/2021\/06\/marysol_logo_new.png"}}]}},"_links":{"self":[{"href":"https:\/\/marysol.vision\/de\/wp-json\/wp\/v2\/product\/5275","targetHints":{"allow":["GET"]}}],"collection":[{"href":"https:\/\/marysol.vision\/de\/wp-json\/wp\/v2\/product"}],"about":[{"href":"https:\/\/marysol.vision\/de\/wp-json\/wp\/v2\/types\/product"}],"wp:featuredmedia":[{"embeddable":true,"href":"https:\/\/marysol.vision\/de\/wp-json\/wp\/v2\/media\/6863"}],"wp:attachment":[{"href":"https:\/\/marysol.vision\/de\/wp-json\/wp\/v2\/media?parent=5275"}],"wp:term":[{"taxonomy":"product_brand","embeddable":true,"href":"https:\/\/marysol.vision\/de\/wp-json\/wp\/v2\/product_brand?post=5275"},{"taxonomy":"product_cat","embeddable":true,"href":"https:\/\/marysol.vision\/de\/wp-json\/wp\/v2\/product_cat?post=5275"},{"taxonomy":"product_tag","embeddable":true,"href":"https:\/\/marysol.vision\/de\/wp-json\/wp\/v2\/product_tag?post=5275"}],"curies":[{"name":"wp","href":"https:\/\/api.w.org\/{rel}","templated":true}]}}