{"id":5563,"date":"2024-02-07T14:09:25","date_gmt":"2024-02-07T13:09:25","guid":{"rendered":"https:\/\/marysol.vision\/?post_type=product&#038;p=5563"},"modified":"2025-01-08T15:09:45","modified_gmt":"2025-01-08T13:09:45","slug":"golden-lemuria","status":"publish","type":"product","link":"https:\/\/marysol.vision\/de\/produkt\/golden-lemuria\/","title":{"rendered":"Golden Lemuria"},"content":{"rendered":"<h2><span style=\"color: #bc9900;\">Golden Lemuria Sound Healing<\/span><\/h2>\n<p>&nbsp;<\/p>\n<p>Dies ist eine empfangene Lichtsprachen-Klangheilung, welche die Schwingung und Licht-Codes des goldenen Lemurien in sich tr\u00e4gt.<\/p>\n<p>&nbsp;<\/p>\n<p>Diese Klangheilung kann ein tiefes Erinnern in deinen Zellen, deiner DNA und deinem nicht-physischen K\u00f6rper aktivieren.<\/p>\n<p>&nbsp;<\/p>\n<p>Erlaube dem Klang, zu dir und durch dich, mit offenem Herzen zu flie\u00dfen, und erlaube dem, was in diesem Moment pr\u00e4sent ist, sich zu zeigen. \nEs mag ein Gef\u00fchl, eine Emotion, ein inneres Bild, die Erinnerung an eine Erfahrung in Lemurien, ein inneres Wissen, die Ausdehnung deines Herzens und deines Bewusstseins sein...<br \/>\nIt may a be a feeling, an emotion, a visual, the remembering of an experience in Lemuria, an inner knowing, the expansion of your heart and consciousness\u2026&#8230;<\/p>\n<p>&nbsp;<\/p>\n<p>Immer mehr Menschen erwachen auf ihrer Reise, auf dieser wundersch\u00f6nen, und doch oft herausfordernden Erde, und viele beginnen sich sowohl an die Essenz und den Ursprung ihrer Seele, sowie an ihre multidimensionalen Gaben und Talente, zu erinnern und diese zu sp\u00fcren, viele auf immer tieferen Ebenen.<\/p>\n<p>&nbsp;<\/p>\n<p>Dies geschieht St\u00fcck f\u00fcr St\u00fcck. Sei also sanft mit dir. Hetzte dich nicht, erzwinge nichts. Erlaube dir einfach, tiefer in dein Herz und Sein zu sinken, und l\u00f6se dich von dem, was dir nicht l\u00e4nger dienlich ist.<\/p>\n<p>&nbsp;<\/p>\n<p>W\u00e4hrend wir uns von der alten, oft dichten Art des Seins l\u00f6sen, sind wir alle dazu aufgerufen, uns wahrhaftig daran zu erinnern, wer wir wirklich sind: strahlende, kraftvolle Wesen des Lichts.<\/p>\n<p>&nbsp;<\/p>\n<p>Ich w\u00fcnsche dir Sanftmut und Mitgef\u00fchl f\u00fcr dich selbst, auf deinem Weg des Erwachens, der Heilung, der Expansion, und der tiefen Erinnerung und Verk\u00f6rperung deines eigenen Lichts.<\/p>\n<p>&nbsp;<\/p>\n<p>F\u00fcr die beste Klangerfahrung empfehle ich es, Kopfh\u00f6rer oder gute Lautsprecher zu nutzen.<\/p>\n<p>&nbsp;<\/p>\n<p>Musik und Lichtsprache komponiert und kreiert von: Marysol Ximenez-Carrillo<br \/>\nCopyright: Marysol Ximenez-Carrillo<\/p>\n<p>&nbsp;<\/p>\n<p lang=\"en-US\">Du kannst dir diese Klangheilung kostenlos auf meiner Website, auf SoundCloud oder Youtube anh\u00f6ren.<br \/>\nWenn du sie allerdings als Mp3 Datei besitzen und meine Arbeit unterst\u00fctzen m\u00f6chtest, kannst du sie hier erwerben. Vielen Dank.<\/p>\n<p><a href=\"https:\/\/youtu.be\/mx1Y2l494OA\" target=\"_blank\" rel=\"noopener\">Auf YouTube anh\u00f6ren\/anschauen<\/a><\/p>","protected":false},"excerpt":{"rendered":"<p><span style=\"color: #bc9900;\">Eine hochschwingende Klangheilung, um dich an das Goldene Lemurien zu erinnern<\/span><\/p>","protected":false},"featured_media":6864,"template":"","meta":{"_acf_changed":false,"_mo_disable_npp":"","site-sidebar-layout":"default","site-content-layout":"default","ast-site-content-layout":"default","site-content-style":"default","site-sidebar-style":"default","ast-global-header-display":"","ast-banner-title-visibility":"","ast-main-header-display":"","ast-hfb-above-header-display":"","ast-hfb-below-header-display":"","ast-hfb-mobile-header-display":"","site-post-title":"","ast-breadcrumbs-content":"","ast-featured-img":"","footer-sml-layout":"","theme-transparent-header-meta":"default","adv-header-id-meta":"","stick-header-meta":"","header-above-stick-meta":"","header-main-stick-meta":"","header-below-stick-meta":"","astra-migrate-meta-layouts":"set","ast-page-background-enabled":"default","ast-page-background-meta":{"desktop":{"background-color":"","background-image":"","background-repeat":"repeat","background-position":"center center","background-size":"auto","background-attachment":"scroll","background-type":"","background-media":"","overlay-type":"","overlay-color":"","overlay-opacity":"","overlay-gradient":""},"tablet":{"background-color":"","background-image":"","background-repeat":"repeat","background-position":"center center","background-size":"auto","background-attachment":"scroll","background-type":"","background-media":"","overlay-type":"","overlay-color":"","overlay-opacity":"","overlay-gradient":""},"mobile":{"background-color":"","background-image":"","background-repeat":"repeat","background-position":"center center","background-size":"auto","background-attachment":"scroll","background-type":"","background-media":"","overlay-type":"","overlay-color":"","overlay-opacity":"","overlay-gradient":""}},"ast-content-background-meta":{"desktop":{"background-color":"var(--ast-global-color-5)","background-image":"","background-repeat":"repeat","background-position":"center center","background-size":"auto","background-attachment":"scroll","background-type":"","background-media":"","overlay-type":"","overlay-color":"","overlay-opacity":"","overlay-gradient":""},"tablet":{"background-color":"var(--ast-global-color-5)","background-image":"","background-repeat":"repeat","background-position":"center center","background-size":"auto","background-attachment":"scroll","background-type":"","background-media":"","overlay-type":"","overlay-color":"","overlay-opacity":"","overlay-gradient":""},"mobile":{"background-color":"var(--ast-global-color-5)","background-image":"","background-repeat":"repeat","background-position":"center center","background-size":"auto","background-attachment":"scroll","background-type":"","background-media":"","overlay-type":"","overlay-color":"","overlay-opacity":"","overlay-gradient":""}}},"product_brand":[],"product_cat":[69],"product_tag":[],"class_list":{"0":"post-5563","1":"product","2":"type-product","3":"status-publish","4":"has-post-thumbnail","6":"product_cat-music-2","7":"desktop-align-left","8":"tablet-align-left","9":"mobile-align-left","11":"first","12":"instock","13":"downloadable","14":"taxable","15":"shipping-taxable","16":"purchasable","17":"product-type-simple"},"acf":[],"yoast_head":"<!-- This site is optimized with the Yoast SEO plugin v27.3 - https:\/\/yoast.com\/product\/yoast-seo-wordpress\/ -->\n<title>Golden Lemuria - Marysol Ximenez-Carrillo<\/title>\n<meta name=\"description\" content=\"Allow the sound to flow to and through you with an open heart, and allow whatever is there in the moment to arise. It may a be a feeling, an emotion, a visual, t\" \/>\n<meta name=\"robots\" content=\"index, follow, max-snippet:-1, max-image-preview:large, max-video-preview:-1\" \/>\n<link rel=\"canonical\" href=\"https:\/\/marysol.vision\/de\/produkt\/golden-lemuria\/\" \/>\n<meta property=\"og:locale\" content=\"de_DE\" \/>\n<meta property=\"og:type\" content=\"article\" \/>\n<meta property=\"og:title\" content=\"Golden Lemuria - Marysol Ximenez-Carrillo\" \/>\n<meta property=\"og:description\" content=\"Allow the sound to flow to and through you with an open heart, and allow whatever is there in the moment to arise. It may a be a feeling, an emotion, a visual, t\" \/>\n<meta property=\"og:url\" content=\"https:\/\/marysol.vision\/de\/produkt\/golden-lemuria\/\" \/>\n<meta property=\"og:site_name\" content=\"Marysol Ximenez-Carrillo\" \/>\n<meta property=\"article:modified_time\" content=\"2025-01-08T13:09:45+00:00\" \/>\n<meta property=\"og:image\" content=\"https:\/\/marysol.vision\/wp-content\/uploads\/2024\/02\/Golden-Lemuria-Thumbnail-NEW.png\" \/>\n\t<meta property=\"og:image:width\" content=\"1080\" \/>\n\t<meta property=\"og:image:height\" content=\"1080\" \/>\n\t<meta property=\"og:image:type\" content=\"image\/png\" \/>\n<meta name=\"twitter:card\" content=\"summary_large_image\" \/>\n<meta name=\"twitter:label1\" content=\"Gesch\u00e4tzte Lesezeit\" \/>\n\t<meta name=\"twitter:data1\" content=\"2\u00a0Minuten\" \/>\n<script type=\"application\/ld+json\" class=\"yoast-schema-graph\">{\"@context\":\"https:\\\/\\\/schema.org\",\"@graph\":[{\"@type\":\"WebPage\",\"@id\":\"https:\\\/\\\/marysol.vision\\\/product\\\/golden-lemuria\\\/\",\"url\":\"https:\\\/\\\/marysol.vision\\\/product\\\/golden-lemuria\\\/\",\"name\":\"Golden Lemuria - Marysol Ximenez-Carrillo\",\"isPartOf\":{\"@id\":\"https:\\\/\\\/marysol.vision\\\/#website\"},\"primaryImageOfPage\":{\"@id\":\"https:\\\/\\\/marysol.vision\\\/product\\\/golden-lemuria\\\/#primaryimage\"},\"image\":{\"@id\":\"https:\\\/\\\/marysol.vision\\\/product\\\/golden-lemuria\\\/#primaryimage\"},\"thumbnailUrl\":\"https:\\\/\\\/marysol.vision\\\/wp-content\\\/uploads\\\/2024\\\/02\\\/Golden-Lemuria-Thumbnail-NEW.png\",\"datePublished\":\"2024-02-07T13:09:25+00:00\",\"dateModified\":\"2025-01-08T13:09:45+00:00\",\"description\":\"Allow the sound to flow to and through you with an open heart, and allow whatever is there in the moment to arise. It may a be a feeling, an emotion, a visual, t\",\"breadcrumb\":{\"@id\":\"https:\\\/\\\/marysol.vision\\\/product\\\/golden-lemuria\\\/#breadcrumb\"},\"inLanguage\":\"de\",\"potentialAction\":[{\"@type\":\"ReadAction\",\"target\":[\"https:\\\/\\\/marysol.vision\\\/product\\\/golden-lemuria\\\/\"]}]},{\"@type\":\"ImageObject\",\"inLanguage\":\"de\",\"@id\":\"https:\\\/\\\/marysol.vision\\\/product\\\/golden-lemuria\\\/#primaryimage\",\"url\":\"https:\\\/\\\/marysol.vision\\\/wp-content\\\/uploads\\\/2024\\\/02\\\/Golden-Lemuria-Thumbnail-NEW.png\",\"contentUrl\":\"https:\\\/\\\/marysol.vision\\\/wp-content\\\/uploads\\\/2024\\\/02\\\/Golden-Lemuria-Thumbnail-NEW.png\",\"width\":1080,\"height\":1080},{\"@type\":\"BreadcrumbList\",\"@id\":\"https:\\\/\\\/marysol.vision\\\/product\\\/golden-lemuria\\\/#breadcrumb\",\"itemListElement\":[{\"@type\":\"ListItem\",\"position\":1,\"name\":\"Home\",\"item\":\"https:\\\/\\\/marysol.vision\\\/\"},{\"@type\":\"ListItem\",\"position\":2,\"name\":\"Shop\",\"item\":\"https:\\\/\\\/marysol.vision\\\/shop-guided-meditations-music-for-the-soul-and-tickets-to-events\\\/\"},{\"@type\":\"ListItem\",\"position\":3,\"name\":\"Golden Lemuria\"}]},{\"@type\":\"WebSite\",\"@id\":\"https:\\\/\\\/marysol.vision\\\/#website\",\"url\":\"https:\\\/\\\/marysol.vision\\\/\",\"name\":\"Marysol\",\"description\":\"The Magical Sound of your Soul\",\"publisher\":{\"@id\":\"https:\\\/\\\/marysol.vision\\\/#\\\/schema\\\/person\\\/1605574c09e25800a8351bfd6ddd6a97\"},\"potentialAction\":[{\"@type\":\"SearchAction\",\"target\":{\"@type\":\"EntryPoint\",\"urlTemplate\":\"https:\\\/\\\/marysol.vision\\\/?s={search_term_string}\"},\"query-input\":{\"@type\":\"PropertyValueSpecification\",\"valueRequired\":true,\"valueName\":\"search_term_string\"}}],\"inLanguage\":\"de\"},{\"@type\":[\"Person\",\"Organization\"],\"@id\":\"https:\\\/\\\/marysol.vision\\\/#\\\/schema\\\/person\\\/1605574c09e25800a8351bfd6ddd6a97\",\"name\":\"Marysol Ximenez-Carrillo\",\"image\":{\"@type\":\"ImageObject\",\"inLanguage\":\"de\",\"@id\":\"https:\\\/\\\/marysol.vision\\\/wp-content\\\/uploads\\\/2021\\\/06\\\/marysol_logo_new.png\",\"url\":\"https:\\\/\\\/marysol.vision\\\/wp-content\\\/uploads\\\/2021\\\/06\\\/marysol_logo_new.png\",\"contentUrl\":\"https:\\\/\\\/marysol.vision\\\/wp-content\\\/uploads\\\/2021\\\/06\\\/marysol_logo_new.png\",\"width\":\"598\",\"height\":\"256\",\"caption\":\"Marysol Ximenez-Carrillo\"},\"logo\":{\"@id\":\"https:\\\/\\\/marysol.vision\\\/wp-content\\\/uploads\\\/2021\\\/06\\\/marysol_logo_new.png\"}}]}<\/script>\n<!-- \/ Yoast SEO plugin. -->","yoast_head_json":{"title":"Golden Lemuria - Marysol Ximenez-Carrillo","description":"Allow the sound to flow to and through you with an open heart, and allow whatever is there in the moment to arise. It may a be a feeling, an emotion, a visual, t","robots":{"index":"index","follow":"follow","max-snippet":"max-snippet:-1","max-image-preview":"max-image-preview:large","max-video-preview":"max-video-preview:-1"},"canonical":"https:\/\/marysol.vision\/de\/produkt\/golden-lemuria\/","og_locale":"de_DE","og_type":"article","og_title":"Golden Lemuria - Marysol Ximenez-Carrillo","og_description":"Allow the sound to flow to and through you with an open heart, and allow whatever is there in the moment to arise. It may a be a feeling, an emotion, a visual, t","og_url":"https:\/\/marysol.vision\/de\/produkt\/golden-lemuria\/","og_site_name":"Marysol Ximenez-Carrillo","article_modified_time":"2025-01-08T13:09:45+00:00","og_image":[{"width":1080,"height":1080,"url":"https:\/\/marysol.vision\/wp-content\/uploads\/2024\/02\/Golden-Lemuria-Thumbnail-NEW.png","type":"image\/png"}],"twitter_card":"summary_large_image","twitter_misc":{"Gesch\u00e4tzte Lesezeit":"2\u00a0Minuten"},"schema":{"@context":"https:\/\/schema.org","@graph":[{"@type":"WebPage","@id":"https:\/\/marysol.vision\/product\/golden-lemuria\/","url":"https:\/\/marysol.vision\/product\/golden-lemuria\/","name":"Golden Lemuria - Marysol Ximenez-Carrillo","isPartOf":{"@id":"https:\/\/marysol.vision\/#website"},"primaryImageOfPage":{"@id":"https:\/\/marysol.vision\/product\/golden-lemuria\/#primaryimage"},"image":{"@id":"https:\/\/marysol.vision\/product\/golden-lemuria\/#primaryimage"},"thumbnailUrl":"https:\/\/marysol.vision\/wp-content\/uploads\/2024\/02\/Golden-Lemuria-Thumbnail-NEW.png","datePublished":"2024-02-07T13:09:25+00:00","dateModified":"2025-01-08T13:09:45+00:00","description":"Allow the sound to flow to and through you with an open heart, and allow whatever is there in the moment to arise. It may a be a feeling, an emotion, a visual, t","breadcrumb":{"@id":"https:\/\/marysol.vision\/product\/golden-lemuria\/#breadcrumb"},"inLanguage":"de","potentialAction":[{"@type":"ReadAction","target":["https:\/\/marysol.vision\/product\/golden-lemuria\/"]}]},{"@type":"ImageObject","inLanguage":"de","@id":"https:\/\/marysol.vision\/product\/golden-lemuria\/#primaryimage","url":"https:\/\/marysol.vision\/wp-content\/uploads\/2024\/02\/Golden-Lemuria-Thumbnail-NEW.png","contentUrl":"https:\/\/marysol.vision\/wp-content\/uploads\/2024\/02\/Golden-Lemuria-Thumbnail-NEW.png","width":1080,"height":1080},{"@type":"BreadcrumbList","@id":"https:\/\/marysol.vision\/product\/golden-lemuria\/#breadcrumb","itemListElement":[{"@type":"ListItem","position":1,"name":"Home","item":"https:\/\/marysol.vision\/"},{"@type":"ListItem","position":2,"name":"Shop","item":"https:\/\/marysol.vision\/shop-guided-meditations-music-for-the-soul-and-tickets-to-events\/"},{"@type":"ListItem","position":3,"name":"Golden Lemuria"}]},{"@type":"WebSite","@id":"https:\/\/marysol.vision\/#website","url":"https:\/\/marysol.vision\/","name":"Marysol","description":"Der magische Klang deiner Seele","publisher":{"@id":"https:\/\/marysol.vision\/#\/schema\/person\/1605574c09e25800a8351bfd6ddd6a97"},"potentialAction":[{"@type":"SearchAction","target":{"@type":"EntryPoint","urlTemplate":"https:\/\/marysol.vision\/?s={search_term_string}"},"query-input":{"@type":"PropertyValueSpecification","valueRequired":true,"valueName":"search_term_string"}}],"inLanguage":"de"},{"@type":["Person","Organization"],"@id":"https:\/\/marysol.vision\/#\/schema\/person\/1605574c09e25800a8351bfd6ddd6a97","name":"Marysol Ximenez-Carrillo","image":{"@type":"ImageObject","inLanguage":"de","@id":"https:\/\/marysol.vision\/wp-content\/uploads\/2021\/06\/marysol_logo_new.png","url":"https:\/\/marysol.vision\/wp-content\/uploads\/2021\/06\/marysol_logo_new.png","contentUrl":"https:\/\/marysol.vision\/wp-content\/uploads\/2021\/06\/marysol_logo_new.png","width":"598","height":"256","caption":"Marysol Ximenez-Carrillo"},"logo":{"@id":"https:\/\/marysol.vision\/wp-content\/uploads\/2021\/06\/marysol_logo_new.png"}}]}},"_links":{"self":[{"href":"https:\/\/marysol.vision\/de\/wp-json\/wp\/v2\/product\/5563","targetHints":{"allow":["GET"]}}],"collection":[{"href":"https:\/\/marysol.vision\/de\/wp-json\/wp\/v2\/product"}],"about":[{"href":"https:\/\/marysol.vision\/de\/wp-json\/wp\/v2\/types\/product"}],"wp:featuredmedia":[{"embeddable":true,"href":"https:\/\/marysol.vision\/de\/wp-json\/wp\/v2\/media\/6864"}],"wp:attachment":[{"href":"https:\/\/marysol.vision\/de\/wp-json\/wp\/v2\/media?parent=5563"}],"wp:term":[{"taxonomy":"product_brand","embeddable":true,"href":"https:\/\/marysol.vision\/de\/wp-json\/wp\/v2\/product_brand?post=5563"},{"taxonomy":"product_cat","embeddable":true,"href":"https:\/\/marysol.vision\/de\/wp-json\/wp\/v2\/product_cat?post=5563"},{"taxonomy":"product_tag","embeddable":true,"href":"https:\/\/marysol.vision\/de\/wp-json\/wp\/v2\/product_tag?post=5563"}],"curies":[{"name":"wp","href":"https:\/\/api.w.org\/{rel}","templated":true}]}}