{"id":8330,"date":"2025-06-15T14:38:46","date_gmt":"2025-06-15T12:38:46","guid":{"rendered":"https:\/\/marysol.vision\/?post_type=product&#038;p=8330"},"modified":"2025-06-15T14:46:37","modified_gmt":"2025-06-15T12:46:37","slug":"das-heilsame-gebet-der-sophia","status":"publish","type":"product","link":"https:\/\/marysol.vision\/de\/produkt\/das-heilsame-gebet-der-sophia\/","title":{"rendered":"Das heilsame Gebet der Sophia"},"content":{"rendered":"<p>Das g\u00f6ttlich-weibliche Christus-Bewusstsein wird Sophia genannt.<br \/>\n(Das Christus-Bewusstsein ist die Essenz der Quelle und der bedingungslosen Liebe, es hat in diesem Zusammenhang nichts mit Religion zu tun. Auch das Wort heilig in diesem Text ist nicht im religi\u00f6sen Sinne gemeint).<\/p>\n<p>&nbsp;<\/p>\n<p>Sophia ist der Name des g\u00f6ttlich-weiblichen Aspekts der Quelle.<\/p>\n<p>&nbsp;<\/p>\n<p>Ich habe dieses Gebet direkt von dem Sophia-Christus-Bewusstsein erhalten, f\u00fcr jeden, der offen daf\u00fcr ist, es zu empfangen.<\/p>\n<p>&nbsp;<\/p>\n<p>Atme tief ein und aus und \u00f6ffne dich. Erlaube dir, gehalten zu werden und zu empfangen.<\/p>\n<p>&nbsp;<\/p>\n<p>Die gesprochenen Worte tragen die Schwingung und Lichtcodes des Sophia-Christus-Bewusstseins, um dich von innen zu halten, dein Herz zu f\u00fcllen, dein Wesen zu n\u00e4hren, und eine tiefe Seelenerinnerung in dir zu aktivieren.<\/p>\n<p>&nbsp;<\/p>\n<p>F\u00fcr die beste Klangerfahrung empfehle ich es, Kopfh\u00f6rer oder gute Lautsprecher zu nutzen.<\/p>\n<p>&nbsp;<\/p>\n<p>M\u00f6ge dieses Heilsame Gebet der Sophia die wundersch\u00f6ne Tiefe deines Herzens und deines Seins erreichen und dich mit seinem reinen Licht und seiner Liebe erf\u00fcllen.<\/p>\n<p>&nbsp;<\/p>\n<p>F\u00fcr eine bessere Klangerfahrung empfehle ich es, Kopfh\u00f6rer oder gute Lautsprecher zu nutzen.<\/p>\n<p>&nbsp;<\/p>\n<p>Du kannst dir diese Meditation kostenlos auf meiner Website, auf Soundcloud, Youtube oder Insight Timer anh\u00f6ren.<br \/>\nWenn du sie allerdings als Mp3 Datei besitzen und meine Arbeit unterst\u00fctzen m\u00f6chtest, kannst du sie hier erwerben. Vielen Dank.<\/p>\n<p>&nbsp;<\/p>\n<p>Text empfangen von: Marysol Ximenez-Carrillo<br \/>\nCopyright: Marysol Ximenez-Carrillo<\/p>\n<p>&nbsp;<\/p>\n<p>Musik: Alex Witt<br \/>\nCopyright: Alex Witt<\/p>","protected":false},"excerpt":{"rendered":"<p>Das g\u00f6ttlich-weibliche Christus-Bewusstsein wird Sophia genannt. (Das Christus-Bewusstsein ist die Essenz der Quelle und der bedingungslosen Liebe, es hat in [&hellip;]<\/p>\n","protected":false},"featured_media":8331,"template":"","meta":{"_acf_changed":false,"_mo_disable_npp":"","site-sidebar-layout":"default","site-content-layout":"default","ast-site-content-layout":"default","site-content-style":"default","site-sidebar-style":"default","ast-global-header-display":"","ast-banner-title-visibility":"","ast-main-header-display":"","ast-hfb-above-header-display":"","ast-hfb-below-header-display":"","ast-hfb-mobile-header-display":"","site-post-title":"","ast-breadcrumbs-content":"","ast-featured-img":"","footer-sml-layout":"","theme-transparent-header-meta":"default","adv-header-id-meta":"","stick-header-meta":"","header-above-stick-meta":"","header-main-stick-meta":"","header-below-stick-meta":"","astra-migrate-meta-layouts":"set","ast-page-background-enabled":"default","ast-page-background-meta":{"desktop":{"background-color":"","background-image":"","background-repeat":"repeat","background-position":"center center","background-size":"auto","background-attachment":"scroll","background-type":"","background-media":"","overlay-type":"","overlay-color":"","overlay-opacity":"","overlay-gradient":""},"tablet":{"background-color":"","background-image":"","background-repeat":"repeat","background-position":"center center","background-size":"auto","background-attachment":"scroll","background-type":"","background-media":"","overlay-type":"","overlay-color":"","overlay-opacity":"","overlay-gradient":""},"mobile":{"background-color":"","background-image":"","background-repeat":"repeat","background-position":"center center","background-size":"auto","background-attachment":"scroll","background-type":"","background-media":"","overlay-type":"","overlay-color":"","overlay-opacity":"","overlay-gradient":""}},"ast-content-background-meta":{"desktop":{"background-color":"var(--ast-global-color-5)","background-image":"","background-repeat":"repeat","background-position":"center center","background-size":"auto","background-attachment":"scroll","background-type":"","background-media":"","overlay-type":"","overlay-color":"","overlay-opacity":"","overlay-gradient":""},"tablet":{"background-color":"var(--ast-global-color-5)","background-image":"","background-repeat":"repeat","background-position":"center center","background-size":"auto","background-attachment":"scroll","background-type":"","background-media":"","overlay-type":"","overlay-color":"","overlay-opacity":"","overlay-gradient":""},"mobile":{"background-color":"var(--ast-global-color-5)","background-image":"","background-repeat":"repeat","background-position":"center center","background-size":"auto","background-attachment":"scroll","background-type":"","background-media":"","overlay-type":"","overlay-color":"","overlay-opacity":"","overlay-gradient":""}}},"product_brand":[],"product_cat":[64],"product_tag":[],"class_list":{"0":"post-8330","1":"product","2":"type-product","3":"status-publish","4":"has-post-thumbnail","6":"product_cat-meditations-in-german","7":"desktop-align-left","8":"tablet-align-left","9":"mobile-align-left","11":"first","12":"instock","13":"downloadable","14":"taxable","15":"shipping-taxable","16":"purchasable","17":"product-type-simple"},"acf":[],"yoast_head":"<!-- This site is optimized with the Yoast SEO plugin v27.4 - https:\/\/yoast.com\/product\/yoast-seo-wordpress\/ -->\n<title>Das heilsame Gebet der Sophia - Marysol Ximenez-Carrillo<\/title>\n<meta name=\"description\" content=\"Die gesprochenen Worte tragen die Schwingung und Lichtcodes des Sophia-Christus-Bewusstseins, um dich von innen zu halten, dein Herz zu f\u00fcllen, dein Wesen zu n\u00e4hren, und eine tiefe Seelenerinnerung in dir zu aktivieren.\" \/>\n<meta name=\"robots\" content=\"index, follow, max-snippet:-1, max-image-preview:large, max-video-preview:-1\" \/>\n<link rel=\"canonical\" href=\"https:\/\/marysol.vision\/de\/produkt\/das-heilsame-gebet-der-sophia\/\" \/>\n<meta property=\"og:locale\" content=\"de_DE\" \/>\n<meta property=\"og:type\" content=\"article\" \/>\n<meta property=\"og:title\" content=\"Das heilsame Gebet der Sophia - Marysol Ximenez-Carrillo\" \/>\n<meta property=\"og:description\" content=\"Die gesprochenen Worte tragen die Schwingung und Lichtcodes des Sophia-Christus-Bewusstseins, um dich von innen zu halten, dein Herz zu f\u00fcllen, dein Wesen zu n\u00e4hren, und eine tiefe Seelenerinnerung in dir zu aktivieren.\" \/>\n<meta property=\"og:url\" content=\"https:\/\/marysol.vision\/de\/produkt\/das-heilsame-gebet-der-sophia\/\" \/>\n<meta property=\"og:site_name\" content=\"Marysol Ximenez-Carrillo\" \/>\n<meta property=\"article:modified_time\" content=\"2025-06-15T12:46:37+00:00\" \/>\n<meta property=\"og:image\" content=\"https:\/\/marysol.vision\/wp-content\/uploads\/2025\/06\/Heilsames-Gebet-Sophia-Thumbnail-DE-NEW.png\" \/>\n\t<meta property=\"og:image:width\" content=\"1080\" \/>\n\t<meta property=\"og:image:height\" content=\"1080\" \/>\n\t<meta property=\"og:image:type\" content=\"image\/png\" \/>\n<meta name=\"twitter:card\" content=\"summary_large_image\" \/>\n<meta name=\"twitter:label1\" content=\"Gesch\u00e4tzte Lesezeit\" \/>\n\t<meta name=\"twitter:data1\" content=\"2\u00a0Minuten\" \/>\n<script type=\"application\/ld+json\" class=\"yoast-schema-graph\">{\"@context\":\"https:\\\/\\\/schema.org\",\"@graph\":[{\"@type\":\"WebPage\",\"@id\":\"https:\\\/\\\/marysol.vision\\\/product\\\/das-heilsame-gebet-der-sophia\\\/\",\"url\":\"https:\\\/\\\/marysol.vision\\\/product\\\/das-heilsame-gebet-der-sophia\\\/\",\"name\":\"Das heilsame Gebet der Sophia - Marysol Ximenez-Carrillo\",\"isPartOf\":{\"@id\":\"https:\\\/\\\/marysol.vision\\\/#website\"},\"primaryImageOfPage\":{\"@id\":\"https:\\\/\\\/marysol.vision\\\/product\\\/das-heilsame-gebet-der-sophia\\\/#primaryimage\"},\"image\":{\"@id\":\"https:\\\/\\\/marysol.vision\\\/product\\\/das-heilsame-gebet-der-sophia\\\/#primaryimage\"},\"thumbnailUrl\":\"https:\\\/\\\/marysol.vision\\\/wp-content\\\/uploads\\\/2025\\\/06\\\/Heilsames-Gebet-Sophia-Thumbnail-DE-NEW.png\",\"datePublished\":\"2025-06-15T12:38:46+00:00\",\"dateModified\":\"2025-06-15T12:46:37+00:00\",\"description\":\"Die gesprochenen Worte tragen die Schwingung und Lichtcodes des Sophia-Christus-Bewusstseins, um dich von innen zu halten, dein Herz zu f\u00fcllen, dein Wesen zu n\u00e4hren, und eine tiefe Seelenerinnerung in dir zu aktivieren.\",\"breadcrumb\":{\"@id\":\"https:\\\/\\\/marysol.vision\\\/product\\\/das-heilsame-gebet-der-sophia\\\/#breadcrumb\"},\"inLanguage\":\"de\",\"potentialAction\":[{\"@type\":\"ReadAction\",\"target\":[\"https:\\\/\\\/marysol.vision\\\/product\\\/das-heilsame-gebet-der-sophia\\\/\"]}]},{\"@type\":\"ImageObject\",\"inLanguage\":\"de\",\"@id\":\"https:\\\/\\\/marysol.vision\\\/product\\\/das-heilsame-gebet-der-sophia\\\/#primaryimage\",\"url\":\"https:\\\/\\\/marysol.vision\\\/wp-content\\\/uploads\\\/2025\\\/06\\\/Heilsames-Gebet-Sophia-Thumbnail-DE-NEW.png\",\"contentUrl\":\"https:\\\/\\\/marysol.vision\\\/wp-content\\\/uploads\\\/2025\\\/06\\\/Heilsames-Gebet-Sophia-Thumbnail-DE-NEW.png\",\"width\":1080,\"height\":1080},{\"@type\":\"BreadcrumbList\",\"@id\":\"https:\\\/\\\/marysol.vision\\\/product\\\/das-heilsame-gebet-der-sophia\\\/#breadcrumb\",\"itemListElement\":[{\"@type\":\"ListItem\",\"position\":1,\"name\":\"Home\",\"item\":\"https:\\\/\\\/marysol.vision\\\/\"},{\"@type\":\"ListItem\",\"position\":2,\"name\":\"Shop\",\"item\":\"https:\\\/\\\/marysol.vision\\\/shop-guided-meditations-music-for-the-soul-and-tickets-to-events\\\/\"},{\"@type\":\"ListItem\",\"position\":3,\"name\":\"Das heilsame Gebet der Sophia\"}]},{\"@type\":\"WebSite\",\"@id\":\"https:\\\/\\\/marysol.vision\\\/#website\",\"url\":\"https:\\\/\\\/marysol.vision\\\/\",\"name\":\"Marysol\",\"description\":\"The Magical Sound of your Soul\",\"publisher\":{\"@id\":\"https:\\\/\\\/marysol.vision\\\/#\\\/schema\\\/person\\\/1605574c09e25800a8351bfd6ddd6a97\"},\"potentialAction\":[{\"@type\":\"SearchAction\",\"target\":{\"@type\":\"EntryPoint\",\"urlTemplate\":\"https:\\\/\\\/marysol.vision\\\/?s={search_term_string}\"},\"query-input\":{\"@type\":\"PropertyValueSpecification\",\"valueRequired\":true,\"valueName\":\"search_term_string\"}}],\"inLanguage\":\"de\"},{\"@type\":[\"Person\",\"Organization\"],\"@id\":\"https:\\\/\\\/marysol.vision\\\/#\\\/schema\\\/person\\\/1605574c09e25800a8351bfd6ddd6a97\",\"name\":\"Marysol Ximenez-Carrillo\",\"image\":{\"@type\":\"ImageObject\",\"inLanguage\":\"de\",\"@id\":\"https:\\\/\\\/marysol.vision\\\/wp-content\\\/uploads\\\/2021\\\/06\\\/marysol_logo_new.png\",\"url\":\"https:\\\/\\\/marysol.vision\\\/wp-content\\\/uploads\\\/2021\\\/06\\\/marysol_logo_new.png\",\"contentUrl\":\"https:\\\/\\\/marysol.vision\\\/wp-content\\\/uploads\\\/2021\\\/06\\\/marysol_logo_new.png\",\"width\":\"598\",\"height\":\"256\",\"caption\":\"Marysol Ximenez-Carrillo\"},\"logo\":{\"@id\":\"https:\\\/\\\/marysol.vision\\\/wp-content\\\/uploads\\\/2021\\\/06\\\/marysol_logo_new.png\"}}]}<\/script>\n<!-- \/ Yoast SEO plugin. -->","yoast_head_json":{"title":"Das heilsame Gebet der Sophia - Marysol Ximenez-Carrillo","description":"Die gesprochenen Worte tragen die Schwingung und Lichtcodes des Sophia-Christus-Bewusstseins, um dich von innen zu halten, dein Herz zu f\u00fcllen, dein Wesen zu n\u00e4hren, und eine tiefe Seelenerinnerung in dir zu aktivieren.","robots":{"index":"index","follow":"follow","max-snippet":"max-snippet:-1","max-image-preview":"max-image-preview:large","max-video-preview":"max-video-preview:-1"},"canonical":"https:\/\/marysol.vision\/de\/produkt\/das-heilsame-gebet-der-sophia\/","og_locale":"de_DE","og_type":"article","og_title":"Das heilsame Gebet der Sophia - Marysol Ximenez-Carrillo","og_description":"Die gesprochenen Worte tragen die Schwingung und Lichtcodes des Sophia-Christus-Bewusstseins, um dich von innen zu halten, dein Herz zu f\u00fcllen, dein Wesen zu n\u00e4hren, und eine tiefe Seelenerinnerung in dir zu aktivieren.","og_url":"https:\/\/marysol.vision\/de\/produkt\/das-heilsame-gebet-der-sophia\/","og_site_name":"Marysol Ximenez-Carrillo","article_modified_time":"2025-06-15T12:46:37+00:00","og_image":[{"width":1080,"height":1080,"url":"https:\/\/marysol.vision\/wp-content\/uploads\/2025\/06\/Heilsames-Gebet-Sophia-Thumbnail-DE-NEW.png","type":"image\/png"}],"twitter_card":"summary_large_image","twitter_misc":{"Gesch\u00e4tzte Lesezeit":"2\u00a0Minuten"},"schema":{"@context":"https:\/\/schema.org","@graph":[{"@type":"WebPage","@id":"https:\/\/marysol.vision\/product\/das-heilsame-gebet-der-sophia\/","url":"https:\/\/marysol.vision\/product\/das-heilsame-gebet-der-sophia\/","name":"Das heilsame Gebet der Sophia - Marysol Ximenez-Carrillo","isPartOf":{"@id":"https:\/\/marysol.vision\/#website"},"primaryImageOfPage":{"@id":"https:\/\/marysol.vision\/product\/das-heilsame-gebet-der-sophia\/#primaryimage"},"image":{"@id":"https:\/\/marysol.vision\/product\/das-heilsame-gebet-der-sophia\/#primaryimage"},"thumbnailUrl":"https:\/\/marysol.vision\/wp-content\/uploads\/2025\/06\/Heilsames-Gebet-Sophia-Thumbnail-DE-NEW.png","datePublished":"2025-06-15T12:38:46+00:00","dateModified":"2025-06-15T12:46:37+00:00","description":"Die gesprochenen Worte tragen die Schwingung und Lichtcodes des Sophia-Christus-Bewusstseins, um dich von innen zu halten, dein Herz zu f\u00fcllen, dein Wesen zu n\u00e4hren, und eine tiefe Seelenerinnerung in dir zu aktivieren.","breadcrumb":{"@id":"https:\/\/marysol.vision\/product\/das-heilsame-gebet-der-sophia\/#breadcrumb"},"inLanguage":"de","potentialAction":[{"@type":"ReadAction","target":["https:\/\/marysol.vision\/product\/das-heilsame-gebet-der-sophia\/"]}]},{"@type":"ImageObject","inLanguage":"de","@id":"https:\/\/marysol.vision\/product\/das-heilsame-gebet-der-sophia\/#primaryimage","url":"https:\/\/marysol.vision\/wp-content\/uploads\/2025\/06\/Heilsames-Gebet-Sophia-Thumbnail-DE-NEW.png","contentUrl":"https:\/\/marysol.vision\/wp-content\/uploads\/2025\/06\/Heilsames-Gebet-Sophia-Thumbnail-DE-NEW.png","width":1080,"height":1080},{"@type":"BreadcrumbList","@id":"https:\/\/marysol.vision\/product\/das-heilsame-gebet-der-sophia\/#breadcrumb","itemListElement":[{"@type":"ListItem","position":1,"name":"Home","item":"https:\/\/marysol.vision\/"},{"@type":"ListItem","position":2,"name":"Shop","item":"https:\/\/marysol.vision\/shop-guided-meditations-music-for-the-soul-and-tickets-to-events\/"},{"@type":"ListItem","position":3,"name":"Das heilsame Gebet der Sophia"}]},{"@type":"WebSite","@id":"https:\/\/marysol.vision\/#website","url":"https:\/\/marysol.vision\/","name":"Marysol","description":"Der magische Klang deiner Seele","publisher":{"@id":"https:\/\/marysol.vision\/#\/schema\/person\/1605574c09e25800a8351bfd6ddd6a97"},"potentialAction":[{"@type":"SearchAction","target":{"@type":"EntryPoint","urlTemplate":"https:\/\/marysol.vision\/?s={search_term_string}"},"query-input":{"@type":"PropertyValueSpecification","valueRequired":true,"valueName":"search_term_string"}}],"inLanguage":"de"},{"@type":["Person","Organization"],"@id":"https:\/\/marysol.vision\/#\/schema\/person\/1605574c09e25800a8351bfd6ddd6a97","name":"Marysol Ximenez-Carrillo","image":{"@type":"ImageObject","inLanguage":"de","@id":"https:\/\/marysol.vision\/wp-content\/uploads\/2021\/06\/marysol_logo_new.png","url":"https:\/\/marysol.vision\/wp-content\/uploads\/2021\/06\/marysol_logo_new.png","contentUrl":"https:\/\/marysol.vision\/wp-content\/uploads\/2021\/06\/marysol_logo_new.png","width":"598","height":"256","caption":"Marysol Ximenez-Carrillo"},"logo":{"@id":"https:\/\/marysol.vision\/wp-content\/uploads\/2021\/06\/marysol_logo_new.png"}}]}},"_links":{"self":[{"href":"https:\/\/marysol.vision\/de\/wp-json\/wp\/v2\/product\/8330","targetHints":{"allow":["GET"]}}],"collection":[{"href":"https:\/\/marysol.vision\/de\/wp-json\/wp\/v2\/product"}],"about":[{"href":"https:\/\/marysol.vision\/de\/wp-json\/wp\/v2\/types\/product"}],"wp:featuredmedia":[{"embeddable":true,"href":"https:\/\/marysol.vision\/de\/wp-json\/wp\/v2\/media\/8331"}],"wp:attachment":[{"href":"https:\/\/marysol.vision\/de\/wp-json\/wp\/v2\/media?parent=8330"}],"wp:term":[{"taxonomy":"product_brand","embeddable":true,"href":"https:\/\/marysol.vision\/de\/wp-json\/wp\/v2\/product_brand?post=8330"},{"taxonomy":"product_cat","embeddable":true,"href":"https:\/\/marysol.vision\/de\/wp-json\/wp\/v2\/product_cat?post=8330"},{"taxonomy":"product_tag","embeddable":true,"href":"https:\/\/marysol.vision\/de\/wp-json\/wp\/v2\/product_tag?post=8330"}],"curies":[{"name":"wp","href":"https:\/\/api.w.org\/{rel}","templated":true}]}}